{"id":1602,"date":"2026-04-15T12:06:39","date_gmt":"2026-04-15T12:06:39","guid":{"rendered":"https:\/\/kaiserfarmhouse.com\/?page_id=1602"},"modified":"2026-04-15T20:13:35","modified_gmt":"2026-04-15T20:13:35","slug":"kaffeepause","status":"publish","type":"page","link":"https:\/\/kaiserfarmhouse.com\/de\/coffee-break\/","title":{"rendered":"Kaffeepause"},"content":{"rendered":"<p><img decoding=\"async\" src=\"\/wp-content\/uploads\/2026\/04\/AdobeStock_466553941_11zon-scaled.jpeg\" alt=\"\"><br \/>\n<img decoding=\"async\" src=\"\/wp-content\/uploads\/2026\/04\/AdobeStock_306320063_11zon-scaled.jpeg\" alt=\"\"><br \/>\n<img decoding=\"async\" src=\"\/wp-content\/uploads\/2026\/04\/AdobeStock_396950788_11zon-scaled.jpeg\" alt=\"\"><\/p>\n<div>\n<p><strong><i> Una pausa di gusto, pensata per il benessere e la leggerezza. <\/i><\/strong><\/p>\n<p>Il nostro coffee break alla carta propone torte e dolci appena sfornati, a basso impatto glicemico e senza grassi animali, accompagnati da caff\u00e8, tisane e centrifugati di frutta fresca.<\/p>\n<p>Ogni proposta \u00e8 preparata quotidianamente, seguendo la stagionalit\u00e0 e valorizzando le materie prime nella loro semplicit\u00e0.<\/p>\n<p>Una pasticceria contemporanea, ed equilibrata, dove gusto e leggerezza si incontrano grazie a ingredienti selezionati e lavorazioni artigianali.<\/p>\n<p>Una proposta raffinata, in armonia con la filosofia di Kaiser FarmHouse.<\/p>\n<\/div>\n<h1>Coffee Break alla Carta<\/h1>\n<h1>10:00 &#8211; 12:00 | 14:00\u201318:00<\/h1>\n<ul>\n<li>\n<h3>FRESCO GIARDINO<\/h3>\n<div>\n<p>Delizia di frutta del nostro giardino con granella di nocciola<\/p>\n<\/div>\n<\/li>\n<li>\n<h3>LA MORA NEL BOSCO<\/h3>\n<div>\n<p>Budino di semi di chia con more e granola croccante<\/p>\n<\/div>\n<\/li>\n<li>\n<h3>GIRDLE SCONES<\/h3>\n<div>\n<p>Piccoli lievitati accompagnati da composta di frutta o miele delle nostre api<\/p>\n<\/div>\n<\/li>\n<li>\n<h3>PANE E MARMELLATA<\/h3>\n<div>\n<p>Pane con lievito madre di grani antichi con selezione di composte fatte in casa<\/p>\n<\/div>\n<\/li>\n<li>\n<h3>DELIZIE AVVOLGENTI<\/h3>\n<div>\n<p>Torta di mele<br \/>Torta di prugne<br \/>Crostata di albicocca<br \/>Crostata di ciliegie<br \/>Cinnamon Rolls<br \/>Veneziane<br \/>&#8230;e altri dolcetti del giorno<\/p>\n<\/div>\n<\/li>\n<li>\n<h3>ENERGIA NATURALE<\/h3>\n<div>\n<p>Smoothie cremoso di frutta di stagione con latte vegetale<\/p>\n<\/div>\n<\/li>\n<li>\n<h3>ARMONIA FRUTTATA<\/h3>\n<div>\n<p>Insalata di frutta con topping croccante su ricotta bio alla vaniglia<\/p>\n<\/div>\n<\/li>\n<li>\n<h3>TEA TIME<\/h3>\n<div>\n<p>Tea in foglie con selezione di dolci fatti in casa<\/p>\n<\/div>\n<\/li>\n<li>\n<h3>AROMI SPEZIATI<\/h3>\n<div>\n<p>Caff\u00e8 speziato al Cardamono con zabaione e cacao amaro<\/p>\n<\/div>\n<\/li>\n<li>\n<h3>BEVANDA CALDE E FREDDE<\/h3>\n<div>\n<p>Centrifugati di frutta e verdura<br \/>Spremute di agrumi<br \/>Infusi di erbe aromatiche dell\u2019orto<br \/>Selezione di t\u00e8<br \/>Caffetteria espressa<br \/>Cappuccino con latte vaccino o vegetale bio<br \/>Caff\u00e8 moka speziato al cardamomo, con zabaione e cacao<\/p>\n<\/div>\n<\/li>\n<\/ul>\n<ul>\n<li>\n<p>\n        <a href=\"https:\/\/kaiser-farm.resos.com\/booking\">Prenota<\/a>\n    <\/p>\n<\/li>\n<li>\n<p>\n        <a href=\"\/regala-un-esperienza\/\">Regala un&#8217;esperienza<\/a>\n    <\/p>\n<\/li>\n<\/ul>\n<hr>\n<div>\n<div class=\"vc_row wpb_row vc_row-fluid\">\n<div class=\"wpb_column vc_column_container vc_col-sm-8\">\n<div class=\"vc_column-inner\">\n<div class=\"wpb_wrapper\">\n<div class=\"wpb_text_column wpb_content_element\">\n<div class=\"wpb_wrapper\">\n<p><strong>Alcune indicazioni utili<\/strong>:<\/p>\n<ul>\n<li>I menu degustativi possono subire delle variazioni in base alla disponibilit\u00e0 dei prodotti e nel rispetto della stagionalit\u00e0.<\/li>\n<li>In presenza di allergie e\/o intolleranze alimentari, si rivolga al nostro personale, che provveder\u00e0 a fornirle informazioni adeguate sui nostri cibi e bevande.<\/li>\n<li>La nostra struttura \u00e8 pensata per offrire un ambiente di totale tranquillit\u00e0 e serenit\u00e0, in cui cerchiamo di rispettare il riposo e la quiete degli altri ospiti. Per queste ragioni, non siamo in grado di accogliere famiglie con bambini al di sotto dei quattro anni.<\/li>\n<li>Confidiamo nella Vostra discrezione per l\u2019utilizzo di telefoni cellulari.<\/li>\n<li>Ricordiamo che non e\u0300 permesso fumare ad eccetto della sigaretta elettronica.<\/li>\n<li>Sono permessi solo i cani di piccola taglia tenuti al guinzaglio.<\/li>\n<li>Per la vostra sicurezza e il benessere dei nostri animali, vi preghiamo di non avvicinarvi e di non dare loro da mangiare.<\/li>\n<\/ul>\n<\/div>\n<\/div>\n<\/div>\n<\/div>\n<\/div>\n<div class=\"wpb_column vc_column_container vc_col-sm-2\">\n<div class=\"vc_column-inner\">\n<div class=\"wpb_wrapper\"><\/div>\n<\/div>\n<\/div>\n<\/div>\n<div class=\"vc_row wpb_row vc_row-fluid\">\n<div class=\"wpb_column vc_column_container vc_col-sm-12\">\n<div class=\"vc_column-inner\">\n<div class=\"wpb_wrapper\">\n<div class=\"vc_separator wpb_content_element vc_separator_align_center vc_sep_width_100 vc_sep_border_width_10 vc_sep_pos_align_center vc_separator_no_text vc_sep_color_white\"><\/div>\n<\/div>\n<\/div>\n<\/div>\n<\/div>\n<\/div>\n<p><!--more--><br \/>\n<!-- {\"type\":\"layout\",\"children\":[{\"type\":\"section\",\"props\":{\"image_position\":\"center-center\",\"style\":\"default\",\"title_breakpoint\":\"xl\",\"title_position\":\"top-left\",\"title_rotation\":\"left\",\"vertical_align\":\"middle\",\"width\":\"default\"},\"children\":[{\"type\":\"row\",\"props\":{\"column_gap\":\"small\",\"layout\":\"1-3,1-3,1-3\"},\"children\":[{\"type\":\"column\",\"props\":{\"image_position\":\"center-center\",\"position_sticky_breakpoint\":\"m\",\"width_medium\":\"1-3\"},\"children\":[{\"type\":\"image\",\"props\":{\"image\":\"wp-content\\\/uploads\\\/2026\\\/04\\\/AdobeStock_466553941_11zon-scaled.jpeg\",\"image_border\":\"rounded\",\"image_box_shadow\":\"large\",\"image_svg_color\":\"emphasis\",\"margin\":\"default\"}}]},{\"type\":\"column\",\"props\":{\"image_position\":\"center-center\",\"position_sticky_breakpoint\":\"m\",\"width_medium\":\"1-3\"},\"children\":[{\"type\":\"image\",\"props\":{\"image\":\"wp-content\\\/uploads\\\/2026\\\/04\\\/AdobeStock_306320063_11zon-scaled.jpeg\",\"image_border\":\"rounded\",\"image_box_shadow\":\"large\",\"image_svg_color\":\"emphasis\",\"margin\":\"default\"}}]},{\"type\":\"column\",\"props\":{\"image_position\":\"center-center\",\"position_sticky_breakpoint\":\"m\",\"width_medium\":\"1-3\"},\"children\":[{\"type\":\"image\",\"props\":{\"image\":\"wp-content\\\/uploads\\\/2026\\\/04\\\/AdobeStock_396950788_11zon-scaled.jpeg\",\"image_border\":\"rounded\",\"image_box_shadow\":\"large\",\"image_svg_color\":\"emphasis\",\"margin\":\"default\"}}]}]},{\"type\":\"row\",\"children\":[{\"type\":\"column\",\"props\":{\"image_position\":\"center-center\",\"position_sticky_breakpoint\":\"m\"},\"children\":[{\"type\":\"text\",\"props\":{\"block_align\":\"center\",\"column_breakpoint\":\"m\",\"content\":\"\n\n<p><strong><i> Una pausa di gusto, pensata per il benessere e la leggerezza. <\\\/i><\\\/strong><\\\/p>\\n\n\n<p>Il nostro coffee break alla carta propone torte e dolci appena sfornati, a basso impatto glicemico e senza grassi animali, accompagnati da caff\\u00e8, tisane e centrifugati di frutta fresca.<\\\/p>\\n\n\n<p>Ogni proposta \\u00e8 preparata quotidianamente, seguendo la stagionalit\\u00e0 e valorizzando le materie prime nella loro semplicit\\u00e0.<\\\/p>\\n\n\n<p>Una pasticceria contemporanea, ed equilibrata, dove gusto e leggerezza si incontrano grazie a ingredienti selezionati e lavorazioni artigianali.<\\\/p>\\n\n\n<p>Una proposta raffinata, in armonia con la filosofia di Kaiser FarmHouse.<\\\/p>\",\"margin\":\"\",\"maxwidth\":\"2xlarge\",\"text_align\":\"center\",\"text_style\":\"large\"}},{\"type\":\"headline\",\"props\":{\"content\":\"Coffee Break alla Carta\",\"margin\":\"large\",\"margin_remove_bottom\":true,\"margin_remove_top\":false,\"text_align\":\"center\",\"title_element\":\"h1\",\"title_font_family\":\"tertiary\",\"title_style\":\"h1\"}},{\"type\":\"headline\",\"props\":{\"content\":\"10:00 - 12:00 | 14:00\\u201318:00\",\"margin_remove_top\":true,\"text_align\":\"center\",\"title_color\":\"success\",\"title_element\":\"h1\",\"title_style\":\"h4\"}},{\"type\":\"description_list\",\"props\":{\"column_breakpoint\":\"m\",\"content_style\":\"text-large\",\"layout\":\"stacked\",\"list_element\":\"ul\",\"list_size\":\"large\",\"list_style\":\"divider\",\"margin\":\"medium\",\"meta_align\":\"bottom\",\"meta_color\":\"primary\",\"meta_style\":\"text-large\",\"show_content\":true,\"show_link\":true,\"show_meta\":true,\"show_title\":true,\"text_align\":\"center\",\"title_color\":\"success\",\"title_element\":\"div\",\"title_grid_column_gap\":\"small\",\"title_grid_row_gap\":\"small\",\"title_grid_width\":\"auto\",\"title_leader\":true,\"title_style\":\"h4\"},\"children\":[{\"type\":\"description_list_item\",\"props\":{\"content\":\"\n\n<p>Delizia di frutta del nostro giardino con granella di nocciola<\\\/p>\",\"meta\":\"\",\"title\":\"FRESCO GIARDINO\"}},{\"type\":\"description_list_item\",\"props\":{\"content\":\"\n\n<p>Budino di semi di chia con more e granola croccante<\\\/p>\",\"meta\":\"\",\"title\":\"LA MORA NEL BOSCO\"}},{\"type\":\"description_list_item\",\"props\":{\"content\":\"\n\n<p>Coulis di frutta con gelato artigianale<\\\/p>\",\"meta\":\"\",\"status\":\"disabled\",\"title\":\"CREMOSA DELIZIA\"}},{\"type\":\"description_list_item\",\"props\":{\"content\":\"\n\n<p>Frutti gratinati caldi con crema pasticcera<\\\/p>\",\"status\":\"disabled\",\"title\":\"LE DUE CONSISTENZE\"}},{\"type\":\"description_list_item\",\"props\":{\"content\":\"\n\n<p>Delizioso piatto tradizionale austriaco servito con zucchero a velo e marmellata di frutta<\\\/p>\",\"status\":\"disabled\",\"title\":\"KAISERSCHMARREN\"}},{\"type\":\"description_list_item\",\"props\":{\"content\":\"\n\n<p>Piccoli lievitati accompagnati da composta di frutta o miele delle nostre api<\\\/p>\",\"title\":\"GIRDLE SCONES\"}},{\"type\":\"description_list_item\",\"props\":{\"content\":\"\n\n<p>Pane con lievito madre di grani antichi con selezione di composte fatte in casa<\\\/p>\",\"title\":\"PANE E MARMELLATA\"}},{\"type\":\"description_list_item\",\"props\":{\"content\":\"\n\n<p>Torta di mele<br \\\/>Torta di prugne<br \\\/>Crostata di albicocca<br \\\/>Crostata di ciliegie<br \\\/>Cinnamon Rolls<br \\\/>Veneziane<br \\\/>...e altri dolcetti del giorno<\\\/p>\",\"title\":\"DELIZIE AVVOLGENTI\"}},{\"type\":\"description_list_item\",\"props\":{\"content\":\"\n\n<p>Smoothie cremoso di frutta di stagione con latte vegetale<\\\/p>\",\"title\":\"ENERGIA NATURALE\"}},{\"type\":\"description_list_item\",\"props\":{\"content\":\"\n\n<p>Insalata di frutta con topping croccante su ricotta bio alla vaniglia<\\\/p>\",\"title\":\"ARMONIA FRUTTATA\"}},{\"type\":\"description_list_item\",\"props\":{\"content\":\"\n\n<p>Tea in foglie con selezione di dolci fatti in casa<\\\/p>\",\"title\":\"TEA TIME\"}},{\"type\":\"description_list_item\",\"props\":{\"content\":\"\n\n<p>Caff\\u00e8 speziato al Cardamono con zabaione e cacao amaro<\\\/p>\",\"title\":\"AROMI SPEZIATI\"}},{\"type\":\"description_list_item\",\"props\":{\"content\":\"\n\n<p>Centrifugati di frutta e verdura<br \\\/>Spremute di agrumi<br \\\/>Infusi di erbe aromatiche dell\\u2019orto<br \\\/>Selezione di t\\u00e8<br \\\/>Caffetteria espressa<br \\\/>Cappuccino con latte vaccino o vegetale bio<br \\\/>Caff\\u00e8 moka speziato al cardamomo, con zabaione e cacao<\\\/p>\",\"title\":\"BEVANDA CALDE E FREDDE\"}}]}]}]}]},{\"type\":\"section\",\"props\":{\"image_position\":\"center-center\",\"style\":\"default\",\"title_breakpoint\":\"xl\",\"title_position\":\"top-left\",\"title_rotation\":\"left\",\"vertical_align\":\"middle\",\"width\":\"default\"},\"children\":[{\"type\":\"row\",\"children\":[{\"type\":\"column\",\"props\":{\"image_position\":\"center-center\",\"position_sticky_breakpoint\":\"m\"},\"children\":[{\"type\":\"button\",\"props\":{\"fullwidth\":true,\"grid_column_gap\":\"small\",\"grid_row_gap\":\"small\",\"margin\":\"default\",\"text_align\":\"center\"},\"children\":[{\"type\":\"button_item\",\"props\":{\"button_style\":\"secondary\",\"content\":\"Prenota\",\"dialog_layout\":\"modal\",\"dialog_offcanvas_flip\":true,\"icon_align\":\"left\",\"link\":\"https:\\\/\\\/kaiser-farm.resos.com\\\/booking\",\"link_target\":\"blank\"}},{\"type\":\"button_item\",\"props\":{\"button_style\":\"secondary\",\"content\":\"Regala un'esperienza\",\"dialog_layout\":\"modal\",\"dialog_offcanvas_flip\":true,\"icon_align\":\"left\",\"link\":\"regala-un-esperienza\\\/\"}}],\"name\":\"bottone per menu\"},{\"type\":\"divider\",\"props\":{\"divider_element\":\"hr\"}},{\"type\":\"text\",\"props\":{\"column_breakpoint\":\"m\",\"content\":\"\n\n<div class=\\\"vc_row wpb_row vc_row-fluid\\\">\\n\n\n<div class=\\\"wpb_column vc_column_container vc_col-sm-8\\\">\\n\n\n<div class=\\\"vc_column-inner\\\">\\n\n\n<div class=\\\"wpb_wrapper\\\">\\n\n\n<div class=\\\"wpb_text_column wpb_content_element\\\">\\n\n\n<div class=\\\"wpb_wrapper\\\">\\n\n\n<p><strong>Alcune indicazioni utili<\\\/strong>:<\\\/p>\\n\n\n<ul>\\n\n\n<li>I menu degustativi possono subire delle variazioni in base alla disponibilit\\u00e0 dei prodotti e nel rispetto della stagionalit\\u00e0.<\\\/li>\\n\n\n<li>In presenza di allergie e\\\/o intolleranze alimentari, si rivolga al nostro personale, che provveder\\u00e0 a fornirle informazioni adeguate sui nostri cibi e bevande.<\\\/li>\\n\n\n<li>La nostra struttura \\u00e8 pensata per offrire un ambiente di totale tranquillit\\u00e0 e serenit\\u00e0, in cui cerchiamo di rispettare il riposo e la quiete degli altri ospiti. Per queste ragioni, non siamo in grado di accogliere famiglie con bambini al di sotto dei quattro anni.<\\\/li>\\n\n\n<li>Confidiamo nella Vostra discrezione per l\\u2019utilizzo di telefoni cellulari.<\\\/li>\\n\n\n<li>Ricordiamo che non e\\u0300 permesso fumare ad eccetto della sigaretta elettronica.<\\\/li>\\n\n\n<li>Sono permessi solo i cani di piccola taglia tenuti al guinzaglio.<\\\/li>\\n\n\n<li>Per la vostra sicurezza e il benessere dei nostri animali, vi preghiamo di non avvicinarvi e di non dare loro da mangiare.<\\\/li>\\n<\\\/ul>\\n<\\\/div>\\n<\\\/div>\\n<\\\/div>\\n<\\\/div>\\n<\\\/div>\\n\n\n<div class=\\\"wpb_column vc_column_container vc_col-sm-2\\\">\\n\n\n<div class=\\\"vc_column-inner\\\">\\n\n\n<div class=\\\"wpb_wrapper\\\"><\\\/div>\\n<\\\/div>\\n<\\\/div>\\n<\\\/div>\\n\n\n<div class=\\\"vc_row wpb_row vc_row-fluid\\\">\\n\n\n<div class=\\\"wpb_column vc_column_container vc_col-sm-12\\\">\\n\n\n<div class=\\\"vc_column-inner\\\">\\n\n\n<div class=\\\"wpb_wrapper\\\">\\n\n\n<div class=\\\"vc_separator wpb_content_element vc_separator_align_center vc_sep_width_100 vc_sep_border_width_10 vc_sep_pos_align_center vc_separator_no_text vc_sep_color_white\\\"><\\\/div>\\n<\\\/div>\\n<\\\/div>\\n<\\\/div>\\n<\\\/div>\",\"margin\":\"default\"}}]}]}]}],\"version\":\"4.5.32\"} --><\/p>\n","protected":false},"excerpt":{"rendered":"<p>Una pausa di gusto, pensata per il benessere e la leggerezza. Il nostro coffee break alla carta propone torte e dolci appena sfornati, a basso impatto glicemico e senza grassi animali, accompagnati da caff\u00e8, tisane e centrifugati di frutta fresca. Ogni proposta \u00e8 preparata quotidianamente, seguendo la stagionalit\u00e0 e valorizzando le materie prime nella loro [&hellip;]<\/p>\n","protected":false},"author":1,"featured_media":0,"parent":0,"menu_order":0,"comment_status":"closed","ping_status":"closed","template":"","meta":{"_acf_changed":false,"footnotes":""},"class_list":["post-1602","page","type-page","status-publish","hentry"],"acf":[],"_links":{"self":[{"href":"https:\/\/kaiserfarmhouse.com\/de\/wp-json\/wp\/v2\/pages\/1602","targetHints":{"allow":["GET"]}}],"collection":[{"href":"https:\/\/kaiserfarmhouse.com\/de\/wp-json\/wp\/v2\/pages"}],"about":[{"href":"https:\/\/kaiserfarmhouse.com\/de\/wp-json\/wp\/v2\/types\/page"}],"author":[{"embeddable":true,"href":"https:\/\/kaiserfarmhouse.com\/de\/wp-json\/wp\/v2\/users\/1"}],"replies":[{"embeddable":true,"href":"https:\/\/kaiserfarmhouse.com\/de\/wp-json\/wp\/v2\/comments?post=1602"}],"version-history":[{"count":42,"href":"https:\/\/kaiserfarmhouse.com\/de\/wp-json\/wp\/v2\/pages\/1602\/revisions"}],"predecessor-version":[{"id":1680,"href":"https:\/\/kaiserfarmhouse.com\/de\/wp-json\/wp\/v2\/pages\/1602\/revisions\/1680"}],"wp:attachment":[{"href":"https:\/\/kaiserfarmhouse.com\/de\/wp-json\/wp\/v2\/media?parent=1602"}],"curies":[{"name":"wp","href":"https:\/\/api.w.org\/{rel}","templated":true}]}}