{"id":824,"date":"2025-11-14T21:22:59","date_gmt":"2025-11-14T21:22:59","guid":{"rendered":"https:\/\/youseeme.plus\/kaiser\/?page_id=824"},"modified":"2026-04-12T16:48:34","modified_gmt":"2026-04-12T16:48:34","slug":"pflucken-sie-ihre-tulpe","status":"publish","type":"page","link":"https:\/\/kaiserfarmhouse.com\/de\/cogli-il-tuo-tulipano\/","title":{"rendered":"Nimm deine Tulpe"},"content":{"rendered":"<h1>Cogli il tuo tulipano<\/h1>\n<h1>da fine Marzo 2027<\/h1>\n<h1>SI PREPARA LA MAGIA DEI TULIPANI: UN CAMPO DOVE POTRAI PASSEGGIARE E RACCOGLIERE, RESPIRANDO L\u2019ARIA FRESCA E PROFUMATA DELLA CAMPAGNA<\/h1>\n<hr>\n<div>\n<p>In primavera i terreni si trasformano in una tavolozza colorata di tulipani: Kaiser Farm apre le porte all\u2019autoraccolta di queste meravigliose fioriture coltivate con cura e passione in campo aperto, vantando una vasta gamma di variet\u00e0 antiche.<br \/>Il tulipano \u00e8 il fiore simbolo della primavera, \u00e8 uno dei primi a sbocciare ogni anno. \u00c8 stato da sempre uno dei fiori pi\u00f9 amati per la sua semplicit\u00e0, forma e diversit\u00e0 di colore.<br \/>Offriamo ai nostri ospiti l\u2019opportunit\u00e0 di scegliere e raccogliere personalmente le variet\u00e0 e quantit\u00e0 desiderate, coltivate seguendo i ritmi naturali e le stagioni, rendendo concreto il concetto tangibile di produzione km 0 dei fiori.<br \/>Kaiser Farm si impegna attivamente nella promozione della biodiversit\u00e0, della sostenibilit\u00e0 e nell\u2019offrire diverse esperienze agricole, con l\u2019obiettivo di preservare gli ecosistemi locali e di avvicinare le persone alla natura e all\u2019ambiente agricolo.<\/p>\n<p>NON \u00c8 RICHIESTA ALCUNA PRENOTAZIONE PER ACCEDERE AI CAMPI FIORITI.<br \/>Il costo d\u2019ingresso \u00e8 di \u20ac 6 a persona (bambini sotto i 3 anni esclusi) ed include tre tulipani omaggio.<br \/>Il costo dei tulipani aggiuntivi \u00e8 di 1,50 euro ciascuno.<\/p>\n<p>Gli ORARI DI APERTURA sono i seguenti:<br \/>\u2022 Venerd\u00ec, Sabato, Domenica e Festivi: dalle 10:00 alle 18:00<br \/>\u2022 Nei giorni feriali: Solo su prenotazione<br \/>\u2022 Apertura Evento: da fine Marzo 2027<\/p>\n<\/div>\n<hr>\n<p><img decoding=\"async\" src=\"\/wp-content\/uploads\/2025\/11\/KaiserFarmHouse-Raccolta-Tulipani-2.jpg\" alt=\"\"><br \/>\n<img decoding=\"async\" src=\"\/wp-content\/uploads\/2025\/11\/KaiserFarmHouse-Raccolta-Tulipani-3.jpg\" alt=\"\"><br \/>\n<img decoding=\"async\" src=\"\/wp-content\/uploads\/2025\/11\/KaiserFarmHouse-Raccolta-Tulipani-4.jpg\" alt=\"\"><\/p>\n<div>\n<p>Qui di seguito un piccolo vademecum delle cose da sapere prima della visita:<\/p>\n<ol>\n<li>Calcolate <strong>almeno un\u2019ora<\/strong> per la visita ai campi coltivati: godetevi il momento senza fretta<\/li>\n<li>Vi preghiamo di <strong>portare forbici da giardino e cestino<\/strong> per la raccolta.<\/li>\n<li><strong>Seguite le istruzioni<\/strong> che vi daremo all\u2019ingresso per raccogliere i fiori in modo corretto evitando di strappare e danneggiare le piante o i bulbi.<\/li>\n<li><strong>Fate un giro completo dei campi<\/strong> prima di iniziare la raccolta. Scegliete e decidete cosa raccogliere, recidete soltanto quanto scelto e prendete tutto quello che avete raccolto.<\/li>\n<li>I <strong>fiori appena recisi<\/strong> saranno pi\u00f9 duraturi, forti e vigorosi. Il taglio dello stelo gioca un ruolo cruciale. Usa forbici affilate per un taglio netto e obliquo, che aumenta la superficie di assorbimento dell\u2019acqua. Il taglio va effettuato alla base, in prossimit\u00e0 del terreno.<\/li>\n<li><strong>Fate attenzione a non calpestare i fiori e le piantine<\/strong>. Restate sempre sul vialetto calpestabile, nel rispetto di chi ha coltivato i campi e delle persone che arriveranno dopo di voi.<\/li>\n<li>Data la <strong>presenza di numerosi animali<\/strong> presso la Farm, vi chiediamo cortesemente di non portare cani ed altri animali durante la visita.<\/li>\n<li><strong>In caso di maltempo<\/strong> il terreno potrebbe essere fangoso, vi consigliamo di munirvi di stivali. La raccolta potrebbe essere sospesa in caso di pioggia insistente.<\/li>\n<\/ol>\n<\/div>\n<div>\n<p>        <img decoding=\"async\" src=\"\/wp-content\/uploads\/2025\/11\/prenota-i-tuoi-tulipani-freschi.jpg\" alt=\"\"><\/p>\n<h3>STAI PENSANDO DI FARE UN REGALO?<\/h3>\n<p>Offriamo il servizio di consegna a domicilio nelle citt\u00e0 di Bergamo e Milano.<\/p>\n<div>\n<p>Per garantire la massima freschezza dei fiori, le consegne verranno effettuate il giorno stesso della raccolta.<\/p>\n<p>I tulipani saranno accuratamente riposti in ambienti protetti e freschi, assicurando cos\u00ec condizioni ottimali di conservazione. Accettiamo pagamenti con carta di credito tramite il carrello online.<br \/>Di solito i tulipani iniziano a fiorire verso la fine di marzo e la fioritura dura circa 3 settimane. Tuttavia ci\u00f2 dipende dalle condizioni metereologiche e dall\u2019annata.<\/p>\n<\/div>\n<p><a href=\"\/contatti\/\">Contattaci<\/a><\/p>\n<\/div>\n<h1><strong>Iscriviti alla nostra newsletter<\/strong><\/h1>\n<div>\n<p>Per restare sempre aggiornato sulle date degli eventi e dei raccolti.<\/p>\n<\/div>\n<p><!--more--><br \/>\n<!-- {\"type\":\"layout\",\"children\":[{\"type\":\"section\",\"props\":{\"image\":\"wp-content\\\/uploads\\\/2025\\\/11\\\/KaiserFarmHouse-Raccolta-Tulipani-1-2025.jpg\",\"image_position\":\"center-center\",\"image_size\":\"cover\",\"padding\":\"xlarge\",\"style\":\"default\",\"title_breakpoint\":\"xl\",\"title_position\":\"top-left\",\"title_rotation\":\"left\",\"vertical_align\":\"middle\",\"width\":\"default\"},\"children\":[{\"type\":\"row\",\"children\":[{\"type\":\"column\",\"props\":{\"image_position\":\"center-center\",\"position_sticky_breakpoint\":\"m\"}}]}]},{\"type\":\"section\",\"props\":{\"image_position\":\"center-center\",\"padding\":\"small\",\"style\":\"default\",\"title_breakpoint\":\"xl\",\"title_position\":\"top-left\",\"title_rotation\":\"left\",\"vertical_align\":\"middle\",\"width\":\"default\"},\"children\":[{\"type\":\"row\",\"children\":[{\"type\":\"column\",\"props\":{\"image_position\":\"center-center\",\"position_sticky_breakpoint\":\"m\"},\"children\":[{\"type\":\"headline\",\"props\":{\"content\":\"Cogli il tuo tulipano\",\"margin\":\"default\",\"margin_remove_bottom\":false,\"margin_remove_top\":false,\"text_align\":\"center\",\"title_element\":\"h1\",\"title_font_family\":\"tertiary\",\"title_style\":\"h1\"}},{\"type\":\"headline\",\"props\":{\"content\":\"da fine Marzo 2027\",\"margin_remove_top\":true,\"text_align\":\"center\",\"title_color\":\"success\",\"title_element\":\"h1\",\"title_style\":\"h4\"}},{\"type\":\"headline\",\"props\":{\"content\":\"SI PREPARA LA MAGIA DEI TULIPANI: UN CAMPO DOVE POTRAI PASSEGGIARE E RACCOGLIERE, RESPIRANDO L\\u2019ARIA FRESCA E PROFUMATA DELLA CAMPAGNA\",\"margin_remove_top\":true,\"text_align\":\"center\",\"title_element\":\"h1\",\"title_style\":\"text-large\"}},{\"type\":\"divider\",\"props\":{\"divider_element\":\"hr\"}},{\"type\":\"text\",\"props\":{\"block_align\":\"center\",\"column_breakpoint\":\"m\",\"content\":\"\n\n<p>In primavera i terreni si trasformano in una tavolozza colorata di tulipani: Kaiser Farm apre le porte all\\u2019autoraccolta di queste meravigliose fioriture coltivate con cura e passione in campo aperto, vantando una vasta gamma di variet\\u00e0 antiche.<br \\\/>Il tulipano \\u00e8 il fiore simbolo della primavera, \\u00e8 uno dei primi a sbocciare ogni anno. \\u00c8 stato da sempre uno dei fiori pi\\u00f9 amati per la sua semplicit\\u00e0, forma e diversit\\u00e0 di colore.<br \\\/>Offriamo ai nostri ospiti l\\u2019opportunit\\u00e0 di scegliere e raccogliere personalmente le variet\\u00e0 e quantit\\u00e0 desiderate, coltivate seguendo i ritmi naturali e le stagioni, rendendo concreto il concetto tangibile di produzione km 0 dei fiori.<br \\\/>Kaiser Farm si impegna attivamente nella promozione della biodiversit\\u00e0, della sostenibilit\\u00e0 e nell\\u2019offrire diverse esperienze agricole, con l\\u2019obiettivo di preservare gli ecosistemi locali e di avvicinare le persone alla natura e all\\u2019ambiente agricolo.<\\\/p>\\n\n\n<p>NON \\u00c8 RICHIESTA ALCUNA PRENOTAZIONE PER ACCEDERE AI CAMPI FIORITI.<br \\\/>Il costo d\\u2019ingresso \\u00e8 di \\u20ac 6 a persona (bambini sotto i 3 anni esclusi) ed include tre tulipani omaggio.<br \\\/>Il costo dei tulipani aggiuntivi \\u00e8 di 1,50 euro ciascuno.<\\\/p>\\n\n\n<p>Gli ORARI DI APERTURA sono i seguenti:<br \\\/>\\u2022 Venerd\\u00ec, Sabato, Domenica e Festivi: dalle 10:00 alle 18:00<br \\\/>\\u2022 Nei giorni feriali: Solo su prenotazione<br \\\/>\\u2022 Apertura Evento: da fine Marzo 2027<\\\/p>\",\"margin\":\"\",\"maxwidth\":\"2xlarge\",\"text_style\":\"large\"}},{\"type\":\"divider\",\"props\":{\"divider_element\":\"hr\"}},{\"type\":\"button\",\"props\":{\"fullwidth\":true,\"grid_column_gap\":\"small\",\"grid_row_gap\":\"small\",\"margin\":\"default\",\"status\":\"disabled\",\"text_align\":\"center\"},\"children\":[{\"type\":\"button_item\",\"props\":{\"button_style\":\"secondary\",\"content\":\"PRENOTA\",\"dialog_layout\":\"modal\",\"dialog_offcanvas_flip\":true,\"icon_align\":\"left\",\"link\":\"https:\\\/\\\/kaiser-farm.resos.com\\\/booking\",\"link_target\":\"blank\"}}],\"name\":\"Prenota\"}]}]},{\"type\":\"row\",\"props\":{\"column_gap\":\"small\",\"layout\":\"1-3,1-3,1-3\"},\"children\":[{\"type\":\"column\",\"props\":{\"image_position\":\"center-center\",\"position_sticky_breakpoint\":\"m\",\"width_medium\":\"1-3\"},\"children\":[{\"type\":\"image\",\"props\":{\"image\":\"wp-content\\\/uploads\\\/2025\\\/11\\\/KaiserFarmHouse-Raccolta-Tulipani-2.jpg\",\"image_border\":\"rounded\",\"image_box_shadow\":\"large\",\"image_svg_color\":\"emphasis\",\"margin\":\"default\"}}]},{\"type\":\"column\",\"props\":{\"image_position\":\"center-center\",\"position_sticky_breakpoint\":\"m\",\"width_medium\":\"1-3\"},\"children\":[{\"type\":\"image\",\"props\":{\"image\":\"wp-content\\\/uploads\\\/2025\\\/11\\\/KaiserFarmHouse-Raccolta-Tulipani-3.jpg\",\"image_border\":\"rounded\",\"image_box_shadow\":\"large\",\"image_svg_color\":\"emphasis\",\"margin\":\"default\"}}]},{\"type\":\"column\",\"props\":{\"image_position\":\"center-center\",\"position_sticky_breakpoint\":\"m\",\"width_medium\":\"1-3\"},\"children\":[{\"type\":\"image\",\"props\":{\"image\":\"wp-content\\\/uploads\\\/2025\\\/11\\\/KaiserFarmHouse-Raccolta-Tulipani-4.jpg\",\"image_border\":\"rounded\",\"image_box_shadow\":\"large\",\"image_svg_color\":\"emphasis\",\"margin\":\"default\"}}]}]},{\"type\":\"row\",\"children\":[{\"type\":\"column\",\"props\":{\"image_position\":\"center-center\",\"position_sticky_breakpoint\":\"m\"},\"children\":[{\"type\":\"text\",\"props\":{\"block_align\":\"center\",\"column_breakpoint\":\"m\",\"content\":\"\n\n<p>Qui di seguito un piccolo vademecum delle cose da sapere prima della visita:<\\\/p>\\n\n\n<ol>\\n\n\n<li>Calcolate <strong>almeno un\\u2019ora<\\\/strong> per la visita ai campi coltivati: godetevi il momento senza fretta<\\\/li>\\n\n\n<li>Vi preghiamo di <strong>portare forbici da giardino e cestino<\\\/strong> per la raccolta.<\\\/li>\\n\n\n<li><strong>Seguite le istruzioni<\\\/strong> che vi daremo all\\u2019ingresso per raccogliere i fiori in modo corretto evitando di strappare e danneggiare le piante o i bulbi.<\\\/li>\\n\n\n<li><strong>Fate un giro completo dei campi<\\\/strong> prima di iniziare la raccolta. Scegliete e decidete cosa raccogliere, recidete soltanto quanto scelto e prendete tutto quello che avete raccolto.<\\\/li>\\n\n\n<li>I <strong>fiori appena recisi<\\\/strong> saranno pi\\u00f9 duraturi, forti e vigorosi. Il taglio dello stelo gioca un ruolo cruciale. Usa forbici affilate per un taglio netto e obliquo, che aumenta la superficie di assorbimento dell\\u2019acqua. Il taglio va effettuato alla base, in prossimit\\u00e0 del terreno.<\\\/li>\\n\n\n<li><strong>Fate attenzione a non calpestare i fiori e le piantine<\\\/strong>. Restate sempre sul vialetto calpestabile, nel rispetto di chi ha coltivato i campi e delle persone che arriveranno dopo di voi.<\\\/li>\\n\n\n<li>Data la <strong>presenza di numerosi animali<\\\/strong> presso la Farm, vi chiediamo cortesemente di non portare cani ed altri animali durante la visita.<\\\/li>\\n\n\n<li><strong>In caso di maltempo<\\\/strong> il terreno potrebbe essere fangoso, vi consigliamo di munirvi di stivali. La raccolta potrebbe essere sospesa in caso di pioggia insistente.<\\\/li>\\n<\\\/ol>\",\"margin\":\"\",\"maxwidth\":\"2xlarge\",\"text_style\":\"large\"}}]}]}]},{\"type\":\"section\",\"props\":{\"image_position\":\"center-center\",\"style\":\"default\",\"title_breakpoint\":\"xl\",\"title_position\":\"top-left\",\"title_rotation\":\"left\",\"vertical_align\":\"middle\",\"width\":\"default\"},\"children\":[{\"type\":\"row\",\"children\":[{\"type\":\"column\",\"props\":{\"image_position\":\"center-center\",\"position_sticky_breakpoint\":\"m\"},\"children\":[{\"name\":\"Panel Image Left\",\"type\":\"panel\",\"props\":{\"block_align\":\"center\",\"content\":\"\n\n<p>Per garantire la massima freschezza dei fiori, le consegne verranno effettuate il giorno stesso della raccolta.<\\\/p>\\n\n\n<p>I tulipani saranno accuratamente riposti in ambienti protetti e freschi, assicurando cos\\u00ec condizioni ottimali di conservazione. Accettiamo pagamenti con carta di credito tramite il carrello online.<br \\\/>Di solito i tulipani iniziano a fiorire verso la fine di marzo e la fioritura dura circa 3 settimane. Tuttavia ci\\u00f2 dipende dalle condizioni metereologiche e dall\\u2019annata.<\\\/p>\",\"content_column_breakpoint\":\"m\",\"content_margin\":\"small\",\"icon_width\":80,\"image\":\"wp-content\\\/uploads\\\/2025\\\/11\\\/prenota-i-tuoi-tulipani-freschi.jpg\",\"image_align\":\"left\",\"image_grid_breakpoint\":\"s\",\"image_grid_width\":\"2-5\",\"image_svg_color\":\"emphasis\",\"image_vertical_align\":true,\"link\":\"contatti\\\/\",\"link_margin\":\"medium\",\"link_style\":\"secondary\",\"link_text\":\"Contattaci\",\"margin\":\"default\",\"meta\":\"Offriamo il servizio di consegna a domicilio nelle citt\\u00e0 di Bergamo e Milano.\",\"meta_align\":\"below-title\",\"meta_color\":\"success\",\"meta_element\":\"div\",\"meta_margin\":\"small\",\"meta_style\":\"\",\"panel_expand\":\"image\",\"panel_image_no_padding\":true,\"panel_padding\":\"default\",\"panel_style\":\"card-default\",\"title\":\"STAI PENSANDO DI FARE UN REGALO?\",\"title_align\":\"top\",\"title_element\":\"h3\",\"title_grid_breakpoint\":\"m\",\"title_grid_width\":\"1-2\",\"title_hover_style\":\"reset\",\"title_margin\":\"small\"}}]}]}]},{\"type\":\"section\",\"props\":{\"image_position\":\"center-center\",\"style\":\"muted\",\"title_breakpoint\":\"xl\",\"title_position\":\"top-left\",\"title_rotation\":\"left\",\"vertical_align\":\"middle\",\"width\":\"xsmall\"},\"children\":[{\"type\":\"row\",\"children\":[{\"type\":\"column\",\"props\":{\"image_position\":\"center-center\",\"position_sticky_breakpoint\":\"m\"},\"children\":[{\"type\":\"headline\",\"props\":{\"content\":\"<strong>Iscriviti alla nostra newsletter<\\\/strong>\",\"margin_remove_bottom\":true,\"title_decoration\":\"divider\",\"title_element\":\"h1\",\"title_style\":\"h3\"}},{\"type\":\"text\",\"props\":{\"block_align\":\"center\",\"column_breakpoint\":\"m\",\"content\":\"\n\n<p>Per restare sempre aggiornato sulle date degli eventi e dei raccolti.<\\\/p>\",\"margin\":\"medium\",\"margin_remove_top\":true,\"maxwidth\":\"2xlarge\",\"text_style\":\"large\"}},{\"name\":\"Newsletter Size Default\",\"type\":\"newsletter\",\"props\":{\"button_icon\":\"mail\",\"button_mode\":\"button\",\"button_style\":\"secondary\",\"cmonitor\":{\"client_id\":\"\",\"list_id\":\"\"},\"gap\":\"small\",\"label_button\":\"Subscribe\",\"label_email\":\"Email address\",\"label_first_name\":\"First name\",\"label_last_name\":\"Last name\",\"layout\":\"grid\",\"mailchimp\":{\"client_id\":\"\",\"list_id\":\"605f9614f5\",\"double_optin\":false},\"provider\":{\"name\":\"mailchimp\",\"after_submit\":\"message\",\"message\":\"Sei stato iscritto con successo.\",\"redirect\":\"\"},\"show_name\":false}}]}]}]}],\"version\":\"4.5.32\"} --><\/p>\n","protected":false},"excerpt":{"rendered":"<p>Cogli il tuo tulipano da fine Marzo 2027 SI PREPARA LA MAGIA DEI TULIPANI: UN CAMPO DOVE POTRAI PASSEGGIARE E RACCOGLIERE, RESPIRANDO L\u2019ARIA FRESCA E PROFUMATA DELLA CAMPAGNA In primavera i terreni si trasformano in una tavolozza colorata di tulipani: Kaiser Farm apre le porte all\u2019autoraccolta di queste meravigliose fioriture coltivate con cura e passione [&hellip;]<\/p>\n","protected":false},"author":1,"featured_media":0,"parent":0,"menu_order":0,"comment_status":"closed","ping_status":"closed","template":"","meta":{"_acf_changed":false,"footnotes":""},"class_list":["post-824","page","type-page","status-publish","hentry"],"acf":[],"_links":{"self":[{"href":"https:\/\/kaiserfarmhouse.com\/de\/wp-json\/wp\/v2\/pages\/824","targetHints":{"allow":["GET"]}}],"collection":[{"href":"https:\/\/kaiserfarmhouse.com\/de\/wp-json\/wp\/v2\/pages"}],"about":[{"href":"https:\/\/kaiserfarmhouse.com\/de\/wp-json\/wp\/v2\/types\/page"}],"author":[{"embeddable":true,"href":"https:\/\/kaiserfarmhouse.com\/de\/wp-json\/wp\/v2\/users\/1"}],"replies":[{"embeddable":true,"href":"https:\/\/kaiserfarmhouse.com\/de\/wp-json\/wp\/v2\/comments?post=824"}],"version-history":[{"count":24,"href":"https:\/\/kaiserfarmhouse.com\/de\/wp-json\/wp\/v2\/pages\/824\/revisions"}],"predecessor-version":[{"id":1600,"href":"https:\/\/kaiserfarmhouse.com\/de\/wp-json\/wp\/v2\/pages\/824\/revisions\/1600"}],"wp:attachment":[{"href":"https:\/\/kaiserfarmhouse.com\/de\/wp-json\/wp\/v2\/media?parent=824"}],"curies":[{"name":"wp","href":"https:\/\/api.w.org\/{rel}","templated":true}]}}