{"id":318,"date":"2025-11-11T21:35:34","date_gmt":"2025-11-11T21:35:34","guid":{"rendered":"https:\/\/youseeme.plus\/kaiser\/?post_type=product&#038;p=318"},"modified":"2026-01-11T14:09:27","modified_gmt":"2026-01-11T14:09:27","slug":"bio-aprikosenkompott-ohne-zuckerzusatz","status":"publish","type":"product","link":"https:\/\/kaiserfarmhouse.com\/de\/prodotto\/composta-biologica-di-albicocche-senza-zuccheri-aggiunti\/","title":{"rendered":"Bio-Aprikosenkompott<\/br>Ohne Zuckerzusatz"},"content":{"rendered":"<div id=\"wd-642d300409971\" class=\"title-wrapper wd-wpb wd-set-mb reset-last-child wd-rs-642d300409971 wd-title-color-default wd-title-style-default text-left wd-underline-colored\">\n<div class=\"liner-continer\">\n<h4 class=\"woodmart-title-container title wd-font-weight- wd-fontsize-l\">DIE SOMMERFRUCHT SCHLECHTHIN<\/h4>\n<\/div>\n<\/div>\n<div id=\"wd-646f76ef39ec4\" class=\"wd-text-block wd-wpb reset-last-child wd-rs-646f76ef39ec4 text-left vc_custom_1685026593348\">\n<p>Aprikosen sind Sommerfr\u00fcchte, die reich an Wasser, Mikron\u00e4hrstoffen und Ballaststoffen sind.<br \/>\nDazu geh\u00f6ren die\u00a0<strong>Carotinoide, Vitamine A und C<\/strong>.<br \/>\nDank ihrer Vitaminversorgung tragen Aprikosen zur St\u00e4rkung des Immunsystems bei und verbessern die Gesundheit des Herz-Kreislauf-Systems und des Stoffwechsels.<br \/>\nSie sind auch gut f\u00fcr die Sehkraft, die Verdauung und die Darmt\u00e4tigkeit.<br \/>\nDer hohe Anteil an Mineralien wie\u00a0<strong>Kalium, Phosphor, Natrium, Eisen und Kalzium<\/strong>\u00a0macht ihn zu einer wertvollen Unterst\u00fctzung bei Blutarmut, Ersch\u00f6pfung, Rekonvaleszenz; insbesondere Kalium hilft auch bei k\u00f6rperlicher Aktivit\u00e4t in den Sommermonaten.<br \/>\nDie Energiezufuhr, die haupts\u00e4chlich aus einfachen Kohlenhydraten besteht, geh\u00f6rt zu den niedrigsten in der gesamten Kategorie.<\/p>\n<\/div>","protected":false},"excerpt":{"rendered":"<p>M\u00f6chten Sie ein Glas \u00f6ffnen und den echten, nat\u00fcrlichen Geschmack von frisch gepfl\u00fcckten Aprikosen probieren? Dann m\u00fcssen Sie unbedingt dieses Kompott probieren, das einen sehr intensiven und leicht s\u00e4uerlichen nat\u00fcrlichen Geschmack hat, bei dem das Fehlen von Zuckerzusatz den wahren Geschmack der verwendeten Fr\u00fcchte nicht \u00fcberdeckt.<br \/>\nEr schmeckt k\u00f6stlich als Brotaufstrich zum Fr\u00fchst\u00fcck, wir k\u00f6nnen ihn dem Rohteig eines Schokoladenkuchens oder eines Pflaumenkuchens hinzuf\u00fcgen. Wir k\u00f6nnen eine Panna Cotta damit verfeinern oder sie auf eine Obsttorte streichen. Unsere Phantasie und unsere Vorliebe f\u00fcr S\u00fc\u00dfes werden neue und angenehme Geschmackskombinationen und -verschmelzungen hervorbringen.<\/p>","protected":false},"featured_media":612,"template":"","meta":{"_acf_changed":false},"product_brand":[],"product_cat":[17,40],"product_tag":[35],"class_list":{"0":"post-318","1":"product","2":"type-product","3":"status-publish","4":"has-post-thumbnail","6":"product_cat-le-composte-di-frutta","7":"product_cat-pacco","8":"product_tag-composte","10":"first","11":"instock","12":"shipping-taxable","13":"purchasable","14":"product-type-simple"},"acf":[],"_links":{"self":[{"href":"https:\/\/kaiserfarmhouse.com\/de\/wp-json\/wp\/v2\/product\/318","targetHints":{"allow":["GET"]}}],"collection":[{"href":"https:\/\/kaiserfarmhouse.com\/de\/wp-json\/wp\/v2\/product"}],"about":[{"href":"https:\/\/kaiserfarmhouse.com\/de\/wp-json\/wp\/v2\/types\/product"}],"wp:featuredmedia":[{"embeddable":true,"href":"https:\/\/kaiserfarmhouse.com\/de\/wp-json\/wp\/v2\/media\/612"}],"wp:attachment":[{"href":"https:\/\/kaiserfarmhouse.com\/de\/wp-json\/wp\/v2\/media?parent=318"}],"wp:term":[{"taxonomy":"product_brand","embeddable":true,"href":"https:\/\/kaiserfarmhouse.com\/de\/wp-json\/wp\/v2\/product_brand?post=318"},{"taxonomy":"product_cat","embeddable":true,"href":"https:\/\/kaiserfarmhouse.com\/de\/wp-json\/wp\/v2\/product_cat?post=318"},{"taxonomy":"product_tag","embeddable":true,"href":"https:\/\/kaiserfarmhouse.com\/de\/wp-json\/wp\/v2\/product_tag?post=318"}],"curies":[{"name":"wp","href":"https:\/\/api.w.org\/{rel}","templated":true}]}}