{"id":324,"date":"2025-11-11T21:58:44","date_gmt":"2025-11-11T21:58:44","guid":{"rendered":"https:\/\/youseeme.plus\/kaiser\/?post_type=product&#038;p=324"},"modified":"2025-12-03T16:38:58","modified_gmt":"2025-12-03T16:38:58","slug":"blondes-bio-orangenkompott-ohne-zuckerzusatz","status":"publish","type":"product","link":"https:\/\/kaiserfarmhouse.com\/de\/prodotto\/composta-biologica-di-arance-bionde-senza-zuccheri-aggiunti\/","title":{"rendered":"Blondes Bio-Orangenkompott<\/br>Ohne Zuckerzusatz"},"content":{"rendered":"<div id=\"wd-642a9b0322a45\" class=\"title-wrapper wd-wpb wd-set-mb reset-last-child wd-rs-642a9b0322a45 wd-title-color-default wd-title-style-default text-left wd-underline-colored\">\n<div class=\"liner-continer\">\n<h4 class=\"woodmart-title-container title wd-font-weight- wd-fontsize-l\">REICH AN VITAMIN C<\/h4>\n<\/div>\n<\/div>\n<div id=\"wd-642a9a6a4e481\" class=\"wd-text-block wd-wpb reset-last-child wd-rs-642a9a6a4e481 text-left vc_custom_1680513687050\">\n<div class=\"\"><span class=\"hgKElc\"><span class=\"\">Orangen sind eine gro\u00dfartige Quelle f\u00fcr Vitamin C.<\/span><\/span><\/div>\n<div class=\"\"><span class=\"hgKElc\"><span class=\"\">Die Vorteile dieses Vitamins f\u00fcr den K\u00f6rper sind vielf\u00e4ltig:<\/span><\/span><\/div>\n<ul>\n<li><span class=\"hgKElc\"><span class=\"\">st\u00e4rkt das Immunsystem gegen Viren und Bakterien<\/span><\/span><\/li>\n<li><span class=\"hgKElc\"><span class=\"\">beugt Herz-Kreislauf-Erkrankungen vor<\/span><\/span><\/li>\n<li><span class=\"hgKElc\"><span class=\"\">erm\u00f6glicht es dem K\u00f6rper, Eisen besser aufzunehmen<\/span><\/span><\/li>\n<li><span class=\"hgKElc\"><span class=\"\">hat an\u00e4miehemmende Eigenschaften<\/span><\/span><\/li>\n<\/ul>\n<div class=\"\"><span class=\"hgKElc\"><span class=\"\">Dank der Vitamine C und A sind Orangen eine hervorragende Quelle nat\u00fcrlicher Antioxidantien, die dazu beitragen, freie Radikale und oxidativen Stress zu reduzieren und so der Alterung entgegenzuwirken. Die in ihnen enthaltenen Bioflavonoide f\u00f6rdern die Synthese von Kollagen und Bindegewebe.<\/span><\/span><\/div>\n<\/div>","protected":false},"excerpt":{"rendered":"<p>F\u00fcr unser Kompott verwenden wir vollreif gepfl\u00fcckte Orangen, ausschlie\u00dflich der Saison und von h\u00f6chster Qualit\u00e4t, aus streng kontrolliertem biologischem Anbau.<br \/>\nDie Fr\u00fcchte werden dann von Hand ohne Konservierungsstoffe oder Zuckerzusatz verarbeitet, um ein vollkommen nat\u00fcrliches und einfach gutes Kompott zu erhalten.<br \/>\nOrangenkompott eignet sich hervorragend f\u00fcr Toastbrotscheiben zum Fr\u00fchst\u00fcck oder als Snack, aber auch zu Kuchen, Torten und Keksen.<\/p>","protected":false},"featured_media":606,"template":"","meta":{"_acf_changed":false},"product_brand":[],"product_cat":[17],"product_tag":[35],"class_list":{"0":"post-324","1":"product","2":"type-product","3":"status-publish","4":"has-post-thumbnail","6":"product_cat-le-composte-di-frutta","7":"product_tag-composte","9":"first","10":"outofstock","11":"shipping-taxable","12":"purchasable","13":"product-type-simple"},"acf":[],"_links":{"self":[{"href":"https:\/\/kaiserfarmhouse.com\/de\/wp-json\/wp\/v2\/product\/324","targetHints":{"allow":["GET"]}}],"collection":[{"href":"https:\/\/kaiserfarmhouse.com\/de\/wp-json\/wp\/v2\/product"}],"about":[{"href":"https:\/\/kaiserfarmhouse.com\/de\/wp-json\/wp\/v2\/types\/product"}],"wp:featuredmedia":[{"embeddable":true,"href":"https:\/\/kaiserfarmhouse.com\/de\/wp-json\/wp\/v2\/media\/606"}],"wp:attachment":[{"href":"https:\/\/kaiserfarmhouse.com\/de\/wp-json\/wp\/v2\/media?parent=324"}],"wp:term":[{"taxonomy":"product_brand","embeddable":true,"href":"https:\/\/kaiserfarmhouse.com\/de\/wp-json\/wp\/v2\/product_brand?post=324"},{"taxonomy":"product_cat","embeddable":true,"href":"https:\/\/kaiserfarmhouse.com\/de\/wp-json\/wp\/v2\/product_cat?post=324"},{"taxonomy":"product_tag","embeddable":true,"href":"https:\/\/kaiserfarmhouse.com\/de\/wp-json\/wp\/v2\/product_tag?post=324"}],"curies":[{"name":"wp","href":"https:\/\/api.w.org\/{rel}","templated":true}]}}