{"id":325,"date":"2025-11-11T21:59:54","date_gmt":"2025-11-11T21:59:54","guid":{"rendered":"https:\/\/youseeme.plus\/kaiser\/?post_type=product&#038;p=325"},"modified":"2025-12-03T16:38:48","modified_gmt":"2025-12-03T16:38:48","slug":"bio-erdbeerkompott-ohne-zuckerzusatz","status":"publish","type":"product","link":"https:\/\/kaiserfarmhouse.com\/de\/prodotto\/composta-biologica-di-fragole-senza-zuccheri-aggiunti\/","title":{"rendered":"Bio-Erdbeerkompott<\/br>Ohne Zuckerzusatz"},"content":{"rendered":"<div id=\"wd-64099bb5c2853\" class=\"title-wrapper wd-wpb wd-set-mb reset-last-child wd-rs-64099bb5c2853 wd-title-color-default wd-title-style-default text-left wd-underline-colored\">\n<div class=\"liner-continer\">\n<h4 class=\"woodmart-title-container title wd-font-weight- wd-fontsize-l\">WENIGER OXIDATIVER STRESS<\/h4>\n<\/div>\n<\/div>\n<div id=\"wd-646f7bb0c8cc0\" class=\"wd-text-block wd-wpb reset-last-child wd-rs-646f7bb0c8cc0 text-left vc_custom_1685027885837\">\n<div class=\"\"><span class=\"2phjq\"><span class=\"\">Le<\/span><\/span><span class=\"apple-converted-space\"><span class=\"\">\u00a0<\/span><\/span><span class=\"2phjq\"><span class=\"\">Erdbeeren<\/span><\/span><span class=\"apple-converted-space\"><span class=\"\">\u00a0<\/span><\/span><span class=\"2phjq\"><span class=\"\">\u00fcber<\/span><\/span><span class=\"apple-converted-space\"><span class=\"\">\u00a0<\/span><\/span><span class=\"2phjq\"><span class=\"\">a<\/span><\/span><span class=\"apple-converted-space\"><span class=\"\">\u00a0<\/span><\/span><span class=\"2phjq\"><span class=\"\">enthalten<\/span><\/span><span class=\"apple-converted-space\"><span class=\"\">\u00a0<\/span><\/span><span class=\"2phjq\"><span class=\"\">Fasern,<\/span><\/span><span class=\"apple-converted-space\"><span class=\"\">\u00a0<\/span><\/span><span class=\"2phjq\"><span class=\"\">Vitamin<\/span><\/span><span class=\"apple-converted-space\"><span class=\"\">\u00a0<\/span><\/span><span class=\"2phjq\"><span class=\"\">C,<\/span><\/span><span class=\"apple-converted-space\"><span class=\"\">\u00a0<\/span><\/span><span class=\"2phjq\"><span class=\"\">Fols\u00e4ure,<\/span><\/span><span class=\"apple-converted-space\"><span class=\"\">\u00a0<\/span><\/span><span class=\"2phjq\"><span class=\"\">Kalium<\/span><\/span><\/div>\n<div class=\"\"><span class=\"2phjq\"><span class=\"\">e<\/span><\/span><span class=\"apple-converted-space\"><span class=\"\">\u00a0<\/span><\/span><span class=\"2phjq\"><span class=\"\">Mangan,<\/span><\/span><span class=\"apple-converted-space\"><span class=\"\">\u00a0<\/span><\/span><span class=\"2phjq\"><span class=\"\">sind<\/span><\/span><span class=\"apple-converted-space\"><span class=\"\">\u00a0<\/span><\/span><span class=\"2phjq\"><span class=\"\">zwischen<\/span><\/span><span class=\"apple-converted-space\"><span class=\"\">\u00a0<\/span><\/span><span class=\"2phjq\"><span class=\"\">i<\/span><\/span><span class=\"apple-converted-space\"><span class=\"\">\u00a0<\/span><\/span><span class=\"2phjq\"><span class=\"\">Fr\u00fcchte<\/span><\/span><span class=\"apple-converted-space\"><span class=\"\">\u00a0<\/span><\/span><span class=\"2phjq\"><span class=\"\">plus<\/span><\/span><span class=\"apple-converted-space\"><span class=\"\">\u00a0<\/span><\/span><span class=\"2phjq\"><span class=\"\">reich<\/span><\/span><span class=\"apple-converted-space\"><span class=\"\">\u00a0<\/span><\/span><span class=\"2phjq\"><span class=\"\">von<\/span><\/span><span class=\"apple-converted-space\"><span class=\"\">\u00a0<\/span><\/span><span class=\"2phjq\"><span class=\"\">Antioxidantien,<\/span><\/span><span class=\"apple-converted-space\"><span class=\"\">\u00a0<\/span><\/span><span class=\"2phjq\"><span class=\"\">Arten<\/span><\/span><span class=\"apple-converted-space\"><span class=\"\">\u00a0Anthocyanen,<\/span><\/span><span class=\"apple-converted-space\"><span class=\"\">\u00a0<\/span><\/span><span class=\"2phjq\"><span class=\"\">Flavonoide, die f\u00fcr die rote, blaue und violette Farbe von Blumen, Obst und Gem\u00fcse verantwortlich sind.<\/span><\/span><\/div>\n<div class=\"\"><span class=\"2phjq\"><span class=\"\">Flavonoide werden nicht nur mit einer wichtigen Anti-Aging-Wirkung in Verbindung gebracht, sondern vor allem mit einer besseren kardiovaskul\u00e4ren Gesundheit und einer deutlichen Reduzierung des oxidativen Stresses.<\/span><\/span><\/div>\n<div class=\"\"><span class=\"2phjq\"><span class=\"\">Die Erdbeere ist nicht nur eine Frucht mit niedrigem glyk\u00e4mischen Index, sondern enth\u00e4lt auch Enzyme, die die Verdauung von Kohlenhydraten hemmen, was eine blutzuckersenkende Wirkung hat.<\/span><\/span><\/div>\n<div class=\"\"><span class=\"2phjq\"><span class=\"\">Vermeiden Sie den Kauf von Erdbeeren au\u00dferhalb der Saison oder aus Gew\u00e4chshauskulturen, da diese hohe Konzentrationen von Pestiziden enthalten k\u00f6nnen.<\/span><\/span><\/div>\n<\/div>","protected":false},"excerpt":{"rendered":"<p>Unser Erdbeerkompott wird ausschlie\u00dflich aus 100%-Fr\u00fcchten hergestellt, was garantiert, dass kein Zucker zugesetzt wird.  Dank seiner Rezeptur ohne k\u00fcnstliche Zusatzstoffe und einer speziellen Vakuumgareinrichtung bewahrt es den authentischen Geschmack und die unverwechselbaren Aromen frischer Erdbeeren. Mit seiner leuchtend roten Farbe und seiner perfekt ausgewogenen Textur ist er ein wahrer Genuss f\u00fcr die Sinne.  G\u00f6nnen Sie sich das Vergn\u00fcgen, sie zu probieren, bevor Sie sie auf ein Brot streichen.  Er eignet sich perfekt f\u00fcr das Fr\u00fchst\u00fcck als morgendliche St\u00e4rkung oder als schmackhafte Zwischenmahlzeit, aber das ist noch nicht alles. Experimentieren Sie mit neuen s\u00fc\u00dfen Rezepten oder verwenden Sie ihn zum S\u00fc\u00dfen und Anreichern von Joghurt und verleihen Sie jeder Zubereitung eine magische Note.<\/p>","protected":false},"featured_media":598,"template":"","meta":{"_acf_changed":false},"product_brand":[],"product_cat":[17],"product_tag":[35],"class_list":{"0":"post-325","1":"product","2":"type-product","3":"status-publish","4":"has-post-thumbnail","6":"product_cat-le-composte-di-frutta","7":"product_tag-composte","9":"first","10":"outofstock","11":"shipping-taxable","12":"purchasable","13":"product-type-simple"},"acf":[],"_links":{"self":[{"href":"https:\/\/kaiserfarmhouse.com\/de\/wp-json\/wp\/v2\/product\/325","targetHints":{"allow":["GET"]}}],"collection":[{"href":"https:\/\/kaiserfarmhouse.com\/de\/wp-json\/wp\/v2\/product"}],"about":[{"href":"https:\/\/kaiserfarmhouse.com\/de\/wp-json\/wp\/v2\/types\/product"}],"wp:featuredmedia":[{"embeddable":true,"href":"https:\/\/kaiserfarmhouse.com\/de\/wp-json\/wp\/v2\/media\/598"}],"wp:attachment":[{"href":"https:\/\/kaiserfarmhouse.com\/de\/wp-json\/wp\/v2\/media?parent=325"}],"wp:term":[{"taxonomy":"product_brand","embeddable":true,"href":"https:\/\/kaiserfarmhouse.com\/de\/wp-json\/wp\/v2\/product_brand?post=325"},{"taxonomy":"product_cat","embeddable":true,"href":"https:\/\/kaiserfarmhouse.com\/de\/wp-json\/wp\/v2\/product_cat?post=325"},{"taxonomy":"product_tag","embeddable":true,"href":"https:\/\/kaiserfarmhouse.com\/de\/wp-json\/wp\/v2\/product_tag?post=325"}],"curies":[{"name":"wp","href":"https:\/\/api.w.org\/{rel}","templated":true}]}}