{"id":326,"date":"2025-11-11T22:00:46","date_gmt":"2025-11-11T22:00:46","guid":{"rendered":"https:\/\/youseeme.plus\/kaiser\/?post_type=product&#038;p=326"},"modified":"2025-12-03T16:42:52","modified_gmt":"2025-12-03T16:42:52","slug":"bio-williams-birnenkompott-ohne-zuckerzusatz","status":"publish","type":"product","link":"https:\/\/kaiserfarmhouse.com\/de\/prodotto\/composta-biologica-di-pere-williams-senza-zuccheri-aggiunti\/","title":{"rendered":"Bio-Williams-Birnenkompott<\/br>Ohne Zuckerzusatz"},"content":{"rendered":"<div id=\"wd-659ff77c29c3e\" class=\"title-wrapper wd-wpb wd-set-mb reset-last-child wd-rs-659ff77c29c3e wd-title-color-default wd-title-style-default text-left wd-underline-colored\">\n<div class=\"liner-continer\">\n<h4 class=\"woodmart-title-container title wd-font-weight- wd-fontsize-l\">FIBREN, VITAMINE und MINERALIEN<\/h4>\n<\/div>\n<\/div>\n<div id=\"wd-659ff71aa71f2\" class=\"wd-text-block wd-wpb reset-last-child wd-rs-659ff71aa71f2 text-left vc_custom_1704982347086\">\n<p>Birnen sind eine Frucht mit interessanten ern\u00e4hrungsphysiologischen Eigenschaften.<br \/>\nBirnen sind reich an Ballaststoffen, Vitaminen und Mineralien und tragen zu einer gesunden Verdauung bei, unterst\u00fctzen das Immunsystem und f\u00f6rdern die Regelm\u00e4\u00dfigkeit des Darmtrakts. Mit ihrer nat\u00fcrlichen S\u00fc\u00dfe liefern Birnen gesunde Energie und machen dieses Kompott nicht nur zu einem Genuss f\u00fcr den Gaumen, sondern auch zu einem Verb\u00fcndeten f\u00fcr Ihr allgemeines Wohlbefinden.<\/p>\n<\/div>","protected":false},"excerpt":{"rendered":"<p>Ohne Zuckerzusatz bietet diese Delikatesse die Einfachheit von nur einer Zutat: Obst.<br \/>\nKeine S\u00fc\u00dfungsmittel, keine Zusatzstoffe. Nur der reine Geschmack der Williamsbirne, eingelegt und bereit, Ihren Gaumen zu erfreuen. Durch das Garen bei niedriger Temperatur und das Vakuumverfahren, bei dem das Wasser ohne Pektin oder andere Verdickungsmittel entzogen wird, bleiben die Farben, die N\u00e4hrwerte und die Authentizit\u00e4t der Frucht erhalten. Erleben Sie die Echtheit der italienischen Birnen in jedem L\u00f6ffel, eine Delikatesse, die Ihre Gourmetw\u00fcnsche erf\u00fcllt.<\/p>","protected":false},"featured_media":593,"template":"","meta":{"_acf_changed":false},"product_brand":[],"product_cat":[17],"product_tag":[],"class_list":{"0":"post-326","1":"product","2":"type-product","3":"status-publish","4":"has-post-thumbnail","6":"product_cat-le-composte-di-frutta","8":"first","9":"outofstock","10":"shipping-taxable","11":"purchasable","12":"product-type-simple"},"acf":[],"_links":{"self":[{"href":"https:\/\/kaiserfarmhouse.com\/de\/wp-json\/wp\/v2\/product\/326","targetHints":{"allow":["GET"]}}],"collection":[{"href":"https:\/\/kaiserfarmhouse.com\/de\/wp-json\/wp\/v2\/product"}],"about":[{"href":"https:\/\/kaiserfarmhouse.com\/de\/wp-json\/wp\/v2\/types\/product"}],"wp:featuredmedia":[{"embeddable":true,"href":"https:\/\/kaiserfarmhouse.com\/de\/wp-json\/wp\/v2\/media\/593"}],"wp:attachment":[{"href":"https:\/\/kaiserfarmhouse.com\/de\/wp-json\/wp\/v2\/media?parent=326"}],"wp:term":[{"taxonomy":"product_brand","embeddable":true,"href":"https:\/\/kaiserfarmhouse.com\/de\/wp-json\/wp\/v2\/product_brand?post=326"},{"taxonomy":"product_cat","embeddable":true,"href":"https:\/\/kaiserfarmhouse.com\/de\/wp-json\/wp\/v2\/product_cat?post=326"},{"taxonomy":"product_tag","embeddable":true,"href":"https:\/\/kaiserfarmhouse.com\/de\/wp-json\/wp\/v2\/product_tag?post=326"}],"curies":[{"name":"wp","href":"https:\/\/api.w.org\/{rel}","templated":true}]}}