{"id":327,"date":"2025-11-11T22:02:48","date_gmt":"2025-11-11T22:02:48","guid":{"rendered":"https:\/\/youseeme.plus\/kaiser\/?post_type=product&#038;p=327"},"modified":"2026-01-11T14:09:41","modified_gmt":"2026-01-11T14:09:41","slug":"kirschenkompott-ohne-zuckerzusatz","status":"publish","type":"product","link":"https:\/\/kaiserfarmhouse.com\/de\/prodotto\/composta-di-ciliegie-senza-zuccheri-aggiunti\/","title":{"rendered":"Kirschenkompott<\/br>Ohne Zuckerzusatz"},"content":{"rendered":"<div id=\"wd-68c286ea2c126\" class=\"title-wrapper wd-wpb wd-set-mb reset-last-child wd-rs-68c286ea2c126 wd-title-color-default wd-title-style-default text-left wd-underline-colored\">\n<div class=\"liner-continer\">\n<h4 class=\"woodmart-title-container title wd-font-weight- wd-fontsize-l\">DAS ROT DES FR\u00dcHLINGS UND DES SOMMERS<\/h4>\n<\/div>\n<\/div>\n<div id=\"wd-68f8fd5fd0e98\" class=\"wd-text-block wd-wpb reset-last-child wd-rs-68f8fd5fd0e98 text-left vc_custom_1761148272780\">\n<p>Kirschen sind Sommerfr\u00fcchte, die reich an Wasser, Ballaststoffen und wichtigen N\u00e4hrstoffen sind.<br \/>\nDazu geh\u00f6ren Vitamin C, Anthocyane und Polyphenole, starke nat\u00fcrliche Antioxidantien, die die Zellen vor oxidativem Stress sch\u00fctzen und das Immunsystem unterst\u00fctzen.<br \/>\nDa Kirschen einen niedrigen glyk\u00e4mischen Index (GI 22-25) haben, verursachen sie keine nennenswerten Blutzuckerspitzen, was sie zu einer idealen Wahl f\u00fcr Diabetiker oder Menschen macht, die ihren Blutzucker kontrollieren wollen, ohne auf Geschmack verzichten zu m\u00fcssen.<br \/>\nAufgrund ihres Ballaststoffgehalts f\u00f6rdern sie au\u00dferdem die Verdauung und die Regelm\u00e4\u00dfigkeit der Verdauung, w\u00e4hrend Mineralstoffe wie Kalium, Magnesium und Eisen dazu beitragen, M\u00fcdigkeit zu verringern, k\u00f6rperliche Aktivit\u00e4t zu unterst\u00fctzen und den K\u00f6rper und die Muskeln aktiv und straff zu halten.<\/p>\n<\/div>","protected":false},"excerpt":{"rendered":"<p>Jedes Glas enth\u00e4lt die Essenz der saftigsten Kirschen, die genau zum richtigen Zeitpunkt gepfl\u00fcckt werden, um ihre ganze Intensit\u00e4t und ihren Charakter zu bewahren. Unser Kompott ohne Zuckerzusatz und mit einer hohen Konzentration an Fr\u00fcchten (211 g pro 100 g Produkt) bringt den wahren Geschmack der Kirsche zum Ausdruck, s\u00fc\u00df und doch lebendig. Ideal zum Verzehr auf Brot, zum Verfeinern von Kuchen und Desserts oder zum \u00dcberraschen mit kreativen Kombinationen, die die Reinheit der Frucht hervorheben.<\/p>","protected":false},"featured_media":582,"template":"","meta":{"_acf_changed":false},"product_brand":[],"product_cat":[17,40],"product_tag":[35],"class_list":{"0":"post-327","1":"product","2":"type-product","3":"status-publish","4":"has-post-thumbnail","6":"product_cat-le-composte-di-frutta","7":"product_cat-pacco","8":"product_tag-composte","10":"first","11":"instock","12":"shipping-taxable","13":"purchasable","14":"product-type-simple"},"acf":[],"_links":{"self":[{"href":"https:\/\/kaiserfarmhouse.com\/de\/wp-json\/wp\/v2\/product\/327","targetHints":{"allow":["GET"]}}],"collection":[{"href":"https:\/\/kaiserfarmhouse.com\/de\/wp-json\/wp\/v2\/product"}],"about":[{"href":"https:\/\/kaiserfarmhouse.com\/de\/wp-json\/wp\/v2\/types\/product"}],"wp:featuredmedia":[{"embeddable":true,"href":"https:\/\/kaiserfarmhouse.com\/de\/wp-json\/wp\/v2\/media\/582"}],"wp:attachment":[{"href":"https:\/\/kaiserfarmhouse.com\/de\/wp-json\/wp\/v2\/media?parent=327"}],"wp:term":[{"taxonomy":"product_brand","embeddable":true,"href":"https:\/\/kaiserfarmhouse.com\/de\/wp-json\/wp\/v2\/product_brand?post=327"},{"taxonomy":"product_cat","embeddable":true,"href":"https:\/\/kaiserfarmhouse.com\/de\/wp-json\/wp\/v2\/product_cat?post=327"},{"taxonomy":"product_tag","embeddable":true,"href":"https:\/\/kaiserfarmhouse.com\/de\/wp-json\/wp\/v2\/product_tag?post=327"}],"curies":[{"name":"wp","href":"https:\/\/api.w.org\/{rel}","templated":true}]}}