{"id":329,"date":"2025-11-11T22:05:53","date_gmt":"2025-11-11T22:05:53","guid":{"rendered":"https:\/\/youseeme.plus\/kaiser\/?post_type=product&#038;p=329"},"modified":"2026-04-01T10:01:37","modified_gmt":"2026-04-01T10:01:37","slug":"kirschen-in-muskateller","status":"publish","type":"product","link":"https:\/\/kaiserfarmhouse.com\/de\/prodotto\/ciliegie-in-moscato\/","title":{"rendered":"Kirschen in Muscat"},"content":{"rendered":"<div id=\"wd-6474ac8cdd95d\" class=\"title-wrapper wd-wpb wd-set-mb reset-last-child wd-rs-6474ac8cdd95d wd-title-color-default wd-title-style-default text-left wd-underline-colored\">\n<div class=\"liner-continer\">\n<h4 class=\"woodmart-title-container title wd-font-weight- wd-fontsize-l\">VON DER FRUCHT ZUM STIEL<\/h4>\n<\/div>\n<\/div>\n<div id=\"wd-6474ce5057d74\" class=\"wd-text-block wd-wpb reset-last-child wd-rs-6474ce5057d74 text-left vc_custom_1685376622213\">\n<p>Kirschen sind nicht nur lecker, sondern haben auch viele positive Eigenschaften. Sie sind eine leckere Frucht, aber auch\u00a0<strong>Intimfeind<\/strong>100 g enthalten nur 38 kcal. Sie enthalten gute Dosen von\u00a0<strong>Melatonin<\/strong>\u00a0das Ihnen hilft, besser zu schlafen und Schlaflosigkeit entgegenzuwirken<strong>. Sie steigern das S\u00e4ttigungsgef\u00fchl<\/strong>\u00a0und sind daher eine ideale Frucht, um den Hunger zu stillen, da sie\u00a0<strong>niedriger glyk\u00e4mischer Index<\/strong>.<br \/>\nDar\u00fcber hinaus\u00a0<strong>Ballaststoffe und Apfels\u00e4ure<\/strong>\u00a0Inhalt,\u00a0<strong>die Funktion des Darms zu verbessern<\/strong>\u00a0und regulieren die Verdauungsfunktionen.<br \/>\nKirschen sind reich an\u00a0<strong>Anthocyane<\/strong>\u00a0die der Frucht ihr charakteristisches Aussehen verleihen\u00a0<strong>leuchtend rote Farbe<\/strong>\u00a0und haben eine starke entz\u00fcndungshemmende Wirkung. Sie enthalten auch Vitamin C und A, Fols\u00e4ure, Kalzium, Kalium, Magnesium, Phosphor und Flavonoide, wichtige Substanzen im Kampf gegen freie Radikale.<br \/>\nNicht weniger wichtig sind die Tugenden\u00a0<strong>Reinigungsmittel<\/strong>\u00a0e\u00a0<strong>Diuretika<\/strong>\u00a0die in der Frucht enthalten sind, vor allem aber in den\u00a0<strong>Stiel<\/strong>. Letzteres kann auch zur Zubereitung eines Entgiftungsdekokts verwendet werden.<br \/>\nMit dem\u00a0<strong>Kirschkerne<\/strong>\u00a0k\u00f6nnen Sie eine\u00a0<strong>Kissen<\/strong>, hei\u00df bei Muskelschmerzen und kalt bei Prellungen anzuwenden.<\/p>\n<\/div>","protected":false},"excerpt":{"rendered":"<p>Eine sehr alte Zubereitung, die sich im Laufe der Zeit vor allem in den Gebieten verbreitet hat, in denen die Kirschen am meisten angebaut werden, und die von vielen vergessen wurde, aber in Wirklichkeit wirklich exquisit ist: eine authentische, gesch\u00e4tzte und unwiderstehliche Delikatesse, die in keinem Speiseplan fehlen darf.<br \/>\nDie Kirschen m\u00fcssen zum richtigen Zeitpunkt gepfl\u00fcckt werden, denn sie m\u00fcssen fest, reif und vollkommen gesund sein. Nachdem sie gr\u00fcndlich gewaschen wurden, werden sie eingelegt: Der nat\u00fcrlich in der Frucht enthaltene Zucker und der mit dem Wein hinzugef\u00fcgte kleine Rohrzucker sind in der Lage, durch\u00a0<strong>Fermentationsverfahren<\/strong>, die Fr\u00fcchte in der sich bildenden Fl\u00fcssigkeit zu lagern, damit sie zu jeder Jahreszeit verf\u00fcgbar sind.<\/p>\n<p>Kirschen eignen sich hervorragend f\u00fcr den Verzehr nach dem Essen, aber auch als vielseitige Zutat bei der Zubereitung von Pralinen, Kuchen und L\u00f6ffeldesserts oder zur Bereicherung eines guten Eisbechers.<\/p>","protected":false},"featured_media":575,"template":"","meta":{"_acf_changed":false},"product_brand":[],"product_cat":[18],"product_tag":[34],"class_list":{"0":"post-329","1":"product","2":"type-product","3":"status-publish","4":"has-post-thumbnail","6":"product_cat-la-frutta-in-vaso","7":"product_tag-prodotti-trasformati","9":"first","10":"outofstock","11":"shipping-taxable","12":"purchasable","13":"product-type-simple"},"acf":[],"_links":{"self":[{"href":"https:\/\/kaiserfarmhouse.com\/de\/wp-json\/wp\/v2\/product\/329","targetHints":{"allow":["GET"]}}],"collection":[{"href":"https:\/\/kaiserfarmhouse.com\/de\/wp-json\/wp\/v2\/product"}],"about":[{"href":"https:\/\/kaiserfarmhouse.com\/de\/wp-json\/wp\/v2\/types\/product"}],"wp:featuredmedia":[{"embeddable":true,"href":"https:\/\/kaiserfarmhouse.com\/de\/wp-json\/wp\/v2\/media\/575"}],"wp:attachment":[{"href":"https:\/\/kaiserfarmhouse.com\/de\/wp-json\/wp\/v2\/media?parent=329"}],"wp:term":[{"taxonomy":"product_brand","embeddable":true,"href":"https:\/\/kaiserfarmhouse.com\/de\/wp-json\/wp\/v2\/product_brand?post=329"},{"taxonomy":"product_cat","embeddable":true,"href":"https:\/\/kaiserfarmhouse.com\/de\/wp-json\/wp\/v2\/product_cat?post=329"},{"taxonomy":"product_tag","embeddable":true,"href":"https:\/\/kaiserfarmhouse.com\/de\/wp-json\/wp\/v2\/product_tag?post=329"}],"curies":[{"name":"wp","href":"https:\/\/api.w.org\/{rel}","templated":true}]}}