{"id":331,"date":"2025-11-11T22:12:11","date_gmt":"2025-11-11T22:12:11","guid":{"rendered":"https:\/\/youseeme.plus\/kaiser\/?post_type=product&#038;p=331"},"modified":"2026-04-13T09:22:04","modified_gmt":"2026-04-13T09:22:04","slug":"akazienhonig","status":"publish","type":"product","link":"https:\/\/kaiserfarmhouse.com\/de\/prodotto\/miele-di-acacia\/","title":{"rendered":"Akazienhonig"},"content":{"rendered":"<div id=\"wd-6437bf7f41c7f\" class=\"title-wrapper wd-wpb wd-set-mb reset-last-child wd-rs-6437bf7f41c7f wd-title-color-default wd-title-style-default text-left wd-underline-colored\">\n<div class=\"liner-continer\">\n<h4 class=\"woodmart-title-container title wd-font-weight- wd-fontsize-l\">ANTIBAKTERIELL, NAT\u00dcRLICHER ENERGIESPENDER<\/h4>\n<\/div>\n<\/div>\n<div id=\"wd-6437bf9ddfc4f\" class=\"wd-text-block wd-wpb reset-last-child wd-rs-6437bf9ddfc4f text-left vc_custom_1681375176462\">\n<p>Akazienhonig hat Auswirkungen\u00a0<strong>Leber-Entgiftungsmittel<\/strong>, ist n\u00fctzlich, um entgegenzuwirken\u00a0<strong>S\u00e4uregehalt\u00a0<\/strong><strong>von<\/strong><strong>\u00a0Magen<\/strong>\u00a0und zur F\u00f6rderung des Gleichgewichts des Darms. Wie alle Honigsorten ist er ein wirksames\u00a0<strong>antibakteriell<\/strong>\u00a0und ist sehr n\u00fctzlich f\u00fcr\u00a0<strong>Husten lindern<\/strong>\u00a0und Halsentz\u00fcndungen.<\/p>\n<p>Akazienhonig kann als ein\u00a0<strong>nat\u00fcrlicher Energiespender<\/strong>\u00a0als auch ein\u00a0<strong>ausgezeichnetes St\u00e4rkungsmittel<\/strong>\u00a0hoch verdaulich und eine nat\u00fcrliche Alternative zu Zucker zum S\u00fc\u00dfen von Getr\u00e4nken und Speisen.<\/p>\n<p>Enth\u00e4lt Traubenzucker (35%) und\u00a0<em>Fruktose<\/em>\u00a0(40%), Mineralstoffe, Vitamine (einschlie\u00dflich B2, B3, B5 und B6, C), Folate und Aminos\u00e4uren (Glycin, Lysin, Isoleucin, Prolin, Cystin, Leucin, Alanin, Arginin, Tryptophan und Tyrosin).<\/p>\n<\/div>","protected":false},"excerpt":{"rendered":"<p>Monofloraler Honig, produziert von unseren Bienen, die in der N\u00e4he der Pflanzen von\u00a0<em>Robinie Psuedoacacia\u00a0<\/em>in unserem Besitz und sch\u00f6pfen ausschlie\u00dflich aus ihnen.<br \/>\nAus ihren Bl\u00fcten, die von Bienen best\u00e4ubt werden, wird dieser Honig gewonnen, der einen leicht blumigen Duft und ein sehr charakteristisches s\u00fc\u00dfes und vanilliges Aroma hat.<br \/>\nAkazienhonig ist sehr klar, fast durchsichtig und von fl\u00fcssiger Konsistenz. Er hat eine sehr niedrige Kristallisationsrate und kann aufgrund seines hohen Fruktose-Glukose-Verh\u00e4ltnisses sehr lange fl\u00fcssig bleiben. Im Gegensatz dazu kristallisieren Honige mit einem niedrigeren Verh\u00e4ltnis schneller.<\/p>\n<p><strong>Sammelgebiet:<\/strong>\u00a0Villa Viscarda - Park der Bergamasker H\u00fcgel<br \/>\nDie Bienenst\u00f6cke befinden sich in den bewaldeten Gebieten unseres Anwesens, weit entfernt von intensiven Schadstoffemissionen. Der Honig beh\u00e4lt daher seine nat\u00fcrlichen Eigenschaften, ohne in irgendeiner Weise behandelt zu werden. Wir f\u00fcttern die Bienen nicht mit zuckerhaltigen Substanzen und verwenden keine chemisch-synthetischen Substanzen oder Antibiotika.<\/p>","protected":false},"featured_media":521,"template":"","meta":{"_acf_changed":false},"product_brand":[],"product_cat":[19,40],"product_tag":[],"class_list":{"0":"post-331","1":"product","2":"type-product","3":"status-publish","4":"has-post-thumbnail","6":"product_cat-il-miele","7":"product_cat-pacco","9":"first","10":"instock","11":"shipping-taxable","12":"purchasable","13":"product-type-simple"},"acf":[],"_links":{"self":[{"href":"https:\/\/kaiserfarmhouse.com\/de\/wp-json\/wp\/v2\/product\/331","targetHints":{"allow":["GET"]}}],"collection":[{"href":"https:\/\/kaiserfarmhouse.com\/de\/wp-json\/wp\/v2\/product"}],"about":[{"href":"https:\/\/kaiserfarmhouse.com\/de\/wp-json\/wp\/v2\/types\/product"}],"wp:featuredmedia":[{"embeddable":true,"href":"https:\/\/kaiserfarmhouse.com\/de\/wp-json\/wp\/v2\/media\/521"}],"wp:attachment":[{"href":"https:\/\/kaiserfarmhouse.com\/de\/wp-json\/wp\/v2\/media?parent=331"}],"wp:term":[{"taxonomy":"product_brand","embeddable":true,"href":"https:\/\/kaiserfarmhouse.com\/de\/wp-json\/wp\/v2\/product_brand?post=331"},{"taxonomy":"product_cat","embeddable":true,"href":"https:\/\/kaiserfarmhouse.com\/de\/wp-json\/wp\/v2\/product_cat?post=331"},{"taxonomy":"product_tag","embeddable":true,"href":"https:\/\/kaiserfarmhouse.com\/de\/wp-json\/wp\/v2\/product_tag?post=331"}],"curies":[{"name":"wp","href":"https:\/\/api.w.org\/{rel}","templated":true}]}}