{"id":333,"date":"2025-11-11T22:18:39","date_gmt":"2025-11-11T22:18:39","guid":{"rendered":"https:\/\/youseeme.plus\/kaiser\/?post_type=product&#038;p=333"},"modified":"2025-12-03T16:43:55","modified_gmt":"2025-12-03T16:43:55","slug":"wildblumenhonig","status":"publish","type":"product","link":"https:\/\/kaiserfarmhouse.com\/de\/prodotto\/miele-millefiori\/","title":{"rendered":"Mehrbl\u00fctenhonig"},"content":{"rendered":"<div id=\"wd-646dc20325059\" class=\"title-wrapper wd-wpb wd-set-mb reset-last-child wd-rs-646dc20325059 wd-title-color-default wd-title-style-default text-left wd-underline-colored\">\n<div class=\"liner-continer\">\n<h4 class=\"woodmart-title-container title wd-font-weight- wd-fontsize-l\">TAUSEND N\u00c4HRSTOFFE<\/h4>\n<\/div>\n<\/div>\n<div id=\"wd-646dcb91b014d\" class=\"wd-text-block wd-wpb reset-last-child wd-rs-646dcb91b014d text-left vc_custom_1684917161098\">\n<p>Wildbl\u00fctenhonig ist ein wertvoller Honig, denn er vereint\u00a0<strong>die Eigenschaften der verschiedenen Pflanzen.<\/strong><br \/>\nDer N\u00e4hrstoffgehalt ist daher h\u00f6her als bei anderen Honigsorten, da sie\u00a0<strong>reich an Pollen aus verschiedenen Quellen<\/strong>. Es enth\u00e4lt viele\u00a0<strong>Mineralien und Antioxidantien<\/strong>.<br \/>\nEs ist ein Honig\u00a0<strong>ideal f\u00fcr Kinder<\/strong>\u00a0in der Wachstumsphase. Schwangere Frauen profitieren von der Nahrungsaufnahme, ebenso wie rekonvaleszente und \u00e4ltere Menschen, da\u00a0<strong>st\u00e4rkt und erh\u00f6ht die k\u00f6rperliche Energie<\/strong>.<br \/>\nEs ist ein wirksames Hilfsmittel bei der Behandlung von grippe\u00e4hnlichen Zust\u00e4nden, lindert Husten und unterst\u00fctzt die<strong>\u00a0Lungenkrankheiten<\/strong>, auch ein guter\u00a0<strong>nat\u00fcrliches Antibakterium<\/strong>. Wildbl\u00fctenhonig regt den Darm und das Verdauungssystem an und wird besonders gesch\u00e4tzt f\u00fcr\u00a0<strong>Entschlackung der Leber\u00a0<\/strong>und zur Verbesserung der Durchblutung.<\/p>\n<\/div>","protected":false},"excerpt":{"rendered":"<p>Mehrbl\u00fctenhonig ist das Produkt einer\u00a0<strong>Mischung aus verschiedenen Nektaren<\/strong>\u00a0die von den Bienen w\u00e4hrend desselben Zeitraums gesammelt wurden. Jede Mischung ist einzigartig, je nach dem Gebiet, in dem sie produziert wurde, der Jahreszeit und der Saison. Alle\u00a0<strong>Variablen, die verschiedene Kombinationen ergeben<\/strong>\u00a0in der Beziehung zwischen Blumen und Bienen, was zu einzigartigen Geschmacksvariationen f\u00fchrt.<br \/>\nWenn Sie unsere Millefiori am Fu\u00dfe der Prealpi Orobiche probieren, werden Sie die rosigen Noten des Johannisbrotbaums h\u00f6ren, die sich mit denen von L\u00f6wenzahn, Rosskastanie und Klee vermischen.<br \/>\n<span class=\"\">Unser\u00a0<\/span><strong class=\"\">Wildblumenhonig<\/strong><span class=\"\">\u00a0wird ohne jede k\u00fcnstliche Umwandlung erhalten,\u00a0<b class=\"\">vom Nektar der wilden Flora<\/b>, mit absolutem Respekt f\u00fcr die Bienen, ihr Wohlbefinden und den nat\u00fcrlichen Produktkreislauf. Wir haben Bienen ausgew\u00e4hlt aus\u00a0<b class=\"\">einheimische Rasse<\/b>\u00a0Honig in einer intakten Umwelt zu produzieren und auf intensive Produktion und chemische Behandlungen zu verzichten: Wir warten die Zeit der Natur ab und sch\u00fctzen die reiche Vielfalt der Blumen auf unserem Landgut.<\/span><br class=\"\" \/><span class=\"\">Damit die N\u00e4hrstoffe intakt bleiben und\u00a0<b class=\"\">seine Reinheit garantieren<\/b>, das Wichtigste ist\u00a0<b class=\"\">im Rohzustand belassen<\/b>, oder\u00a0<b class=\"\">nat\u00fcrlich hergestellt<\/b>\u00a0und auf handwerkliche Weise, mit Bienen, die\u00a0<b class=\"\">Futtersuche auf verschiedenen Arten von Blumen<\/b>, und nicht durch ein industrielles Mischverfahren; die\u00a0<\/span><strong class=\"\">roher Honig<\/strong><span class=\"\">\u00a0wird genommen\u00a0<b class=\"\">direkt von der Wabe\u00a0<\/b>und einfach\u00a0<b class=\"\">gefiltert und dekantiert<\/b>\u00a0um eventuelle Spuren von Wachs und nat\u00fcrlichen Verunreinigungen zu entfernen.<\/span><\/p>\n<p><strong>Sammelgebiet:<\/strong>\u00a0Villa Viscarda - Park der Bergamasker H\u00fcgel<br \/>\nDie Bienenst\u00f6cke befinden sich in den bewaldeten Gebieten unseres Anwesens, weit entfernt von intensiven Schadstoffemissionen. Der Honig beh\u00e4lt daher seine nat\u00fcrlichen Eigenschaften, ohne in irgendeiner Weise behandelt zu werden. Wir f\u00fcttern die Bienen nicht mit zuckerhaltigen Substanzen und verwenden keine chemisch-synthetischen Substanzen oder Antibiotika.<\/p>","protected":false},"featured_media":509,"template":"","meta":{"_acf_changed":false},"product_brand":[],"product_cat":[19],"product_tag":[],"class_list":{"0":"post-333","1":"product","2":"type-product","3":"status-publish","4":"has-post-thumbnail","6":"product_cat-il-miele","8":"first","9":"outofstock","10":"shipping-taxable","11":"purchasable","12":"product-type-simple"},"acf":[],"_links":{"self":[{"href":"https:\/\/kaiserfarmhouse.com\/de\/wp-json\/wp\/v2\/product\/333","targetHints":{"allow":["GET"]}}],"collection":[{"href":"https:\/\/kaiserfarmhouse.com\/de\/wp-json\/wp\/v2\/product"}],"about":[{"href":"https:\/\/kaiserfarmhouse.com\/de\/wp-json\/wp\/v2\/types\/product"}],"wp:featuredmedia":[{"embeddable":true,"href":"https:\/\/kaiserfarmhouse.com\/de\/wp-json\/wp\/v2\/media\/509"}],"wp:attachment":[{"href":"https:\/\/kaiserfarmhouse.com\/de\/wp-json\/wp\/v2\/media?parent=333"}],"wp:term":[{"taxonomy":"product_brand","embeddable":true,"href":"https:\/\/kaiserfarmhouse.com\/de\/wp-json\/wp\/v2\/product_brand?post=333"},{"taxonomy":"product_cat","embeddable":true,"href":"https:\/\/kaiserfarmhouse.com\/de\/wp-json\/wp\/v2\/product_cat?post=333"},{"taxonomy":"product_tag","embeddable":true,"href":"https:\/\/kaiserfarmhouse.com\/de\/wp-json\/wp\/v2\/product_tag?post=333"}],"curies":[{"name":"wp","href":"https:\/\/api.w.org\/{rel}","templated":true}]}}