{"id":335,"date":"2025-11-11T22:20:33","date_gmt":"2025-11-11T22:20:33","guid":{"rendered":"https:\/\/youseeme.plus\/kaiser\/?post_type=product&#038;p=335"},"modified":"2025-12-03T16:37:19","modified_gmt":"2025-12-03T16:37:19","slug":"sus-saure-zwiebeln","status":"publish","type":"product","link":"https:\/\/kaiserfarmhouse.com\/de\/prodotto\/cipolline-agrodolci\/","title":{"rendered":"S\u00fc\u00df-saure Zwiebeln"},"content":{"rendered":"<div id=\"wd-642aa7aca101d\" class=\"title-wrapper wd-wpb wd-set-mb reset-last-child wd-rs-642aa7aca101d wd-title-color-default wd-title-style-default text-left wd-underline-colored\">\n<div class=\"liner-continer\">\n<h4 class=\"woodmart-title-container title wd-font-weight- wd-fontsize-l\">DISINFECTANTS und DIURETICS<\/h4>\n<\/div>\n<\/div>\n<div id=\"wd-642aa78119875\" class=\"wd-text-block wd-wpb reset-last-child wd-rs-642aa78119875 text-left vc_custom_1680517031704\">\n<div class=\"\">\n<p>Eingelegte Fr\u00fchlingszwiebeln haben nicht nur einen einzigartigen Geschmack, sondern sind auch sehr n\u00fctzlich f\u00fcr den K\u00f6rper. Sie haben bemerkenswerte desinfizierende und harntreibende Eigenschaften, helfen gegen Wassereinlagerungen und sind ein hervorragendes nat\u00fcrliches Mittel gegen Blasenentz\u00fcndungen. Sie tragen dazu bei, den Cholesterinspiegel im Blut niedrig und den Blutdruck unter Kontrolle zu halten.<\/p>\n<\/div>\n<\/div>","protected":false},"excerpt":{"rendered":"<p>S\u00fc\u00dfe Zwiebeln, blanchiert und mit Essig, Zucker und Salz aromatisiert, sind eine wahre Gaumenfreude. Ihre knackige Textur beim ersten Biss verbindet sich mit einem zarten Herz und sorgt f\u00fcr ein sehr angenehmes Geschmackserlebnis. Die zarte S\u00fc\u00dfe der Fr\u00fchlingszwiebeln vermischt sich perfekt mit den s\u00fc\u00df-sauren Noten der Gew\u00fcrze und schafft so ein perfektes Gleichgewicht von Geschmack und Textur.<br \/>\nDiese Delikatesse kann als Vorspeise genossen werden, eignet sich aber auch hervorragend zum W\u00fcrzen von gekochtem oder gebratenem wei\u00dfem Fleisch, gegrilltem Fisch oder Blauschimmelk\u00e4se.<br \/>\nWir k\u00f6nnen sie auch als Aperitif servieren, zusammen mit Brotstangen, Crackern und vielleicht einem kalten Prosecco oder Wei\u00dfwein.<\/p>","protected":false},"featured_media":485,"template":"","meta":{"_acf_changed":false},"product_brand":[],"product_cat":[20],"product_tag":[34],"class_list":{"0":"post-335","1":"product","2":"type-product","3":"status-publish","4":"has-post-thumbnail","6":"product_cat-le-verdure-in-vaso","7":"product_tag-prodotti-trasformati","9":"first","10":"outofstock","11":"shipping-taxable","12":"purchasable","13":"product-type-simple"},"acf":[],"_links":{"self":[{"href":"https:\/\/kaiserfarmhouse.com\/de\/wp-json\/wp\/v2\/product\/335","targetHints":{"allow":["GET"]}}],"collection":[{"href":"https:\/\/kaiserfarmhouse.com\/de\/wp-json\/wp\/v2\/product"}],"about":[{"href":"https:\/\/kaiserfarmhouse.com\/de\/wp-json\/wp\/v2\/types\/product"}],"wp:featuredmedia":[{"embeddable":true,"href":"https:\/\/kaiserfarmhouse.com\/de\/wp-json\/wp\/v2\/media\/485"}],"wp:attachment":[{"href":"https:\/\/kaiserfarmhouse.com\/de\/wp-json\/wp\/v2\/media?parent=335"}],"wp:term":[{"taxonomy":"product_brand","embeddable":true,"href":"https:\/\/kaiserfarmhouse.com\/de\/wp-json\/wp\/v2\/product_brand?post=335"},{"taxonomy":"product_cat","embeddable":true,"href":"https:\/\/kaiserfarmhouse.com\/de\/wp-json\/wp\/v2\/product_cat?post=335"},{"taxonomy":"product_tag","embeddable":true,"href":"https:\/\/kaiserfarmhouse.com\/de\/wp-json\/wp\/v2\/product_tag?post=335"}],"curies":[{"name":"wp","href":"https:\/\/api.w.org\/{rel}","templated":true}]}}