{"id":336,"date":"2025-11-11T22:21:07","date_gmt":"2025-11-11T22:21:07","guid":{"rendered":"https:\/\/youseeme.plus\/kaiser\/?post_type=product&#038;p=336"},"modified":"2026-01-11T14:09:55","modified_gmt":"2026-01-11T14:09:55","slug":"kompott-aus-karamellisierten-zwiebeln","status":"publish","type":"product","link":"https:\/\/kaiserfarmhouse.com\/de\/prodotto\/composta-di-cipolle-caramellate\/","title":{"rendered":"Kompott aus karamellisierten Zwiebeln"},"content":{"rendered":"<div id=\"wd-68c28b7992d25\" class=\"title-wrapper wd-wpb wd-set-mb reset-last-child wd-rs-68c28b7992d25 wd-title-color-default wd-title-style-default text-left wd-underline-colored\">\n<div class=\"liner-continer\">\n<h4 class=\"woodmart-title-container title wd-font-weight- wd-fontsize-l\">DER S\u00dcSSE GESCHMACK DES KOCHENS<\/h4>\n<\/div>\n<\/div>\n<div id=\"wd-68fb4a8d6c690\" class=\"wd-text-block wd-wpb reset-last-child wd-rs-68fb4a8d6c690 text-left vc_custom_1761299126695\">\n<p>Zwiebeln gelten seit jeher als wertvolles Nahrungsmittel. Sie enthalten Schwefelverbindungen, Flavonoide und nat\u00fcrliche Antioxidantien wie Quercetin, die das Immunsystem unterst\u00fctzen, die Gesundheit des Herz-Kreislauf-Systems f\u00f6rdern und die Zellen vor oxidativem Stress sch\u00fctzen.<br \/>\nSie sind au\u00dferdem reich an nat\u00fcrlichen Ballaststoffen, die f\u00fcr die Verdauung und die Regelm\u00e4\u00dfigkeit des Verdauungstraktes n\u00fctzlich sind. Das Vorhandensein von Mineralien wie Kalium, Kalzium und Magnesium tr\u00e4gt zum allgemeinen Wohlbefinden und zum reibungslosen Funktionieren des Stoffwechsels bei.<\/p>\n<\/div>","protected":false},"excerpt":{"rendered":"<p>Ein s\u00fc\u00dfer und delikater Geschmack, perfekt ausgewogen. Das langsame Garen verst\u00e4rkt die nat\u00fcrliche S\u00fc\u00dfe der Zwiebeln und verwandelt sie in eine weiche und vielseitige Creme. Ideal zum Verfeinern von K\u00e4se, Fleisch, Canap\u00e9s oder Gourmetgerichten. Karamellisierte Zwiebeln machen jede Zubereitung zu etwas Besonderem und lassen Raum f\u00fcr Kreativit\u00e4t in der K\u00fcche und \u00fcberraschende Geschmackskombinationen.<\/p>","protected":false},"featured_media":491,"template":"","meta":{"_acf_changed":false},"product_brand":[],"product_cat":[20,40],"product_tag":[],"class_list":{"0":"post-336","1":"product","2":"type-product","3":"status-publish","4":"has-post-thumbnail","6":"product_cat-le-verdure-in-vaso","7":"product_cat-pacco","9":"first","10":"instock","11":"shipping-taxable","12":"purchasable","13":"product-type-simple"},"acf":[],"_links":{"self":[{"href":"https:\/\/kaiserfarmhouse.com\/de\/wp-json\/wp\/v2\/product\/336","targetHints":{"allow":["GET"]}}],"collection":[{"href":"https:\/\/kaiserfarmhouse.com\/de\/wp-json\/wp\/v2\/product"}],"about":[{"href":"https:\/\/kaiserfarmhouse.com\/de\/wp-json\/wp\/v2\/types\/product"}],"wp:featuredmedia":[{"embeddable":true,"href":"https:\/\/kaiserfarmhouse.com\/de\/wp-json\/wp\/v2\/media\/491"}],"wp:attachment":[{"href":"https:\/\/kaiserfarmhouse.com\/de\/wp-json\/wp\/v2\/media?parent=336"}],"wp:term":[{"taxonomy":"product_brand","embeddable":true,"href":"https:\/\/kaiserfarmhouse.com\/de\/wp-json\/wp\/v2\/product_brand?post=336"},{"taxonomy":"product_cat","embeddable":true,"href":"https:\/\/kaiserfarmhouse.com\/de\/wp-json\/wp\/v2\/product_cat?post=336"},{"taxonomy":"product_tag","embeddable":true,"href":"https:\/\/kaiserfarmhouse.com\/de\/wp-json\/wp\/v2\/product_tag?post=336"}],"curies":[{"name":"wp","href":"https:\/\/api.w.org\/{rel}","templated":true}]}}