{"id":337,"date":"2025-11-11T22:21:43","date_gmt":"2025-11-11T22:21:43","guid":{"rendered":"https:\/\/youseeme.plus\/kaiser\/?post_type=product&#038;p=337"},"modified":"2026-03-25T19:15:01","modified_gmt":"2026-03-25T19:15:01","slug":"bio-rote-ruben-creme","status":"publish","type":"product","link":"https:\/\/kaiserfarmhouse.com\/de\/prodotto\/crema-di-rapa-rossa-biologica\/","title":{"rendered":"Bio-Rote-R\u00fcben-Creme"},"content":{"rendered":"<div id=\"wd-65a106675c7b6\" class=\"title-wrapper wd-wpb wd-set-mb reset-last-child wd-rs-65a106675c7b6 wd-title-color-default wd-title-style-default text-left wd-underline-colored\">\n<div class=\"liner-continer\">\n<h4 class=\"woodmart-title-container title wd-font-weight- wd-fontsize-l\">DIE WURZEL DES WOHLBEFINDENS AUF IHREM TELLER!<\/h4>\n<\/div>\n<\/div>\n<div id=\"wd-65a10647d68ed\" class=\"wd-text-block wd-wpb reset-last-child wd-rs-65a10647d68ed text-left vc_custom_1705051748538\">\n<div class=\"\">\n<p>Rote-R\u00fcben-Creme bietet eine k\u00f6stliche Kombination aus Geschmack und Gesundheit. Reich an Antioxidantien und Vitaminen, f\u00f6rdert die Rote R\u00fcbe die Gesundheit des Herzens, unterst\u00fctzt das Immunsystem und tr\u00e4gt zum Wohlbefinden der Haut bei. Ihre samtige Textur macht diese Creme zu einer k\u00f6stlichen Option f\u00fcr alle, die auf der Suche nach einer hochwertigen, wohltuenden Nahrung f\u00fcr ihren K\u00f6rper sind.<\/p>\n<\/div>\n<\/div>","protected":false},"excerpt":{"rendered":"<p>Entdecken Sie die Raffinesse unserer Rote-R\u00fcben-Creme, ein gastronomisches Erlebnis, das die Nat\u00fcrlichkeit verst\u00e4rkt. Ihr intensiver, samtiger Geschmack f\u00e4ngt die Authentizit\u00e4t der frisch geernteten Roten R\u00fcben ein.<br \/>\nDiese vielseitige und k\u00f6stliche Creme ist die ideale Wahl f\u00fcr alle, die echte Aromen ohne Kompromisse sch\u00e4tzen. Streichen Sie diese Creme gro\u00dfz\u00fcgig auf Toast oder Croutons als Vorspeise oder Aperitif, oder verwenden Sie sie zum Verfeinern von Risotto, Salaten und mehr. Unsere Rote-R\u00fcben-Creme bietet unendlich viele kulinarische M\u00f6glichkeiten und erm\u00f6glicht es Ihnen, au\u00dfergew\u00f6hnliche Gerichte mit einem Hauch von Authentizit\u00e4t zu kreieren.<\/p>","protected":false},"featured_media":478,"template":"","meta":{"_acf_changed":false},"product_brand":[],"product_cat":[20],"product_tag":[],"class_list":{"0":"post-337","1":"product","2":"type-product","3":"status-publish","4":"has-post-thumbnail","6":"product_cat-le-verdure-in-vaso","8":"first","9":"outofstock","10":"shipping-taxable","11":"purchasable","12":"product-type-simple"},"acf":[],"_links":{"self":[{"href":"https:\/\/kaiserfarmhouse.com\/de\/wp-json\/wp\/v2\/product\/337","targetHints":{"allow":["GET"]}}],"collection":[{"href":"https:\/\/kaiserfarmhouse.com\/de\/wp-json\/wp\/v2\/product"}],"about":[{"href":"https:\/\/kaiserfarmhouse.com\/de\/wp-json\/wp\/v2\/types\/product"}],"wp:featuredmedia":[{"embeddable":true,"href":"https:\/\/kaiserfarmhouse.com\/de\/wp-json\/wp\/v2\/media\/478"}],"wp:attachment":[{"href":"https:\/\/kaiserfarmhouse.com\/de\/wp-json\/wp\/v2\/media?parent=337"}],"wp:term":[{"taxonomy":"product_brand","embeddable":true,"href":"https:\/\/kaiserfarmhouse.com\/de\/wp-json\/wp\/v2\/product_brand?post=337"},{"taxonomy":"product_cat","embeddable":true,"href":"https:\/\/kaiserfarmhouse.com\/de\/wp-json\/wp\/v2\/product_cat?post=337"},{"taxonomy":"product_tag","embeddable":true,"href":"https:\/\/kaiserfarmhouse.com\/de\/wp-json\/wp\/v2\/product_tag?post=337"}],"curies":[{"name":"wp","href":"https:\/\/api.w.org\/{rel}","templated":true}]}}