{"id":338,"date":"2025-11-11T22:22:52","date_gmt":"2025-11-11T22:22:52","guid":{"rendered":"https:\/\/youseeme.plus\/kaiser\/?post_type=product&#038;p=338"},"modified":"2026-03-25T19:14:53","modified_gmt":"2026-03-25T19:14:53","slug":"bio-topinambur-creme","status":"publish","type":"product","link":"https:\/\/kaiserfarmhouse.com\/de\/prodotto\/crema-di-topinambur-biologica\/","title":{"rendered":"Bio-Topinambur-Creme"},"content":{"rendered":"<div id=\"wd-65cb4b8e33c06\" class=\"title-wrapper wd-wpb wd-set-mb reset-last-child wd-rs-65cb4b8e33c06 wd-title-color-default wd-title-style-default text-left wd-underline-colored\">\n<div class=\"liner-continer\">\n<h4 class=\"woodmart-title-container title wd-font-weight- wd-fontsize-l\">VERB\u00dcNDETER F\u00dcR GESUNDHEIT UND ERN\u00c4HRUNG<\/h4>\n<\/div>\n<\/div>\n<div id=\"wd-65cb4ba38ec16\" class=\"wd-text-block wd-wpb reset-last-child wd-rs-65cb4ba38ec16 text-left vc_custom_1707822013885\">\n<div class=\"\">\n<p>Topinambur ist ideal f\u00fcr alle, die abnehmen und die Darmgesundheit verbessern wollen.<br \/>\nReich an l\u00f6slichen Ballaststoffen (Inulin), f\u00f6rdert er die Entwicklung von Bifidobakterien und Laktobazillen zum Nachteil potenziell pathogener Bakterien, wirkt probiotisch und verst\u00e4rkt so die immunstimulierende Wirkung.<br \/>\nAufgrund ihres im Vergleich zu anderen Knollen niedrigen glyk\u00e4mischen Indexes ist sie eine ideale Wahl f\u00fcr eine kalorienarme Ern\u00e4hrung und bereichert den Speiseplan mit wertvollen Vitaminen und N\u00e4hrstoffen.<br \/>\nEs wird empfohlen, vor und nach dem Verzehr von Topinambur viel Wasser zu trinken, da das darin enthaltene Inulin in Verbindung mit Wasser ein angenehmes S\u00e4ttigungsgef\u00fchl erzeugt.<\/p>\n<\/div>\n<\/div>","protected":false},"excerpt":{"rendered":"<p><strong>Leichtigkeit, Geschmack und Wohlbefinden<\/strong>\u00a0sind die Schl\u00fcsselw\u00f6rter dieser weichen, umh\u00fcllenden Creme.<br \/>\nDie Topinambur, auch als Deutsche R\u00fcbe oder Topinambur bekannt, ist in den Grasl\u00e4ndern der Europ\u00e4ischen Union heimisch.\u00a0<strong>Nordamerika und Kanada<\/strong>\u00a0wo sie wild wuchs, wie auch heute in unseren Ebenen. Die Knolle \u00e4hnelt der Artischocke im Geschmack und der Kartoffel in der Konsistenz, sie ist\u00a0<strong>reich an positiven Eigenschaften und kalorienarm.<\/strong><br \/>\nDie Sahne dieser Knolle ist k\u00f6stlich und duftend auf Brotcroutons und eignet sich hervorragend als Gew\u00fcrz f\u00fcr Nudeln oder zum Anreichern eines Risottos, wodurch es noch cremiger und schmackhafter wird.<\/p>","protected":false},"featured_media":462,"template":"","meta":{"_acf_changed":false},"product_brand":[],"product_cat":[20],"product_tag":[],"class_list":{"0":"post-338","1":"product","2":"type-product","3":"status-publish","4":"has-post-thumbnail","6":"product_cat-le-verdure-in-vaso","8":"first","9":"outofstock","10":"shipping-taxable","11":"purchasable","12":"product-type-simple"},"acf":[],"_links":{"self":[{"href":"https:\/\/kaiserfarmhouse.com\/de\/wp-json\/wp\/v2\/product\/338","targetHints":{"allow":["GET"]}}],"collection":[{"href":"https:\/\/kaiserfarmhouse.com\/de\/wp-json\/wp\/v2\/product"}],"about":[{"href":"https:\/\/kaiserfarmhouse.com\/de\/wp-json\/wp\/v2\/types\/product"}],"wp:featuredmedia":[{"embeddable":true,"href":"https:\/\/kaiserfarmhouse.com\/de\/wp-json\/wp\/v2\/media\/462"}],"wp:attachment":[{"href":"https:\/\/kaiserfarmhouse.com\/de\/wp-json\/wp\/v2\/media?parent=338"}],"wp:term":[{"taxonomy":"product_brand","embeddable":true,"href":"https:\/\/kaiserfarmhouse.com\/de\/wp-json\/wp\/v2\/product_brand?post=338"},{"taxonomy":"product_cat","embeddable":true,"href":"https:\/\/kaiserfarmhouse.com\/de\/wp-json\/wp\/v2\/product_cat?post=338"},{"taxonomy":"product_tag","embeddable":true,"href":"https:\/\/kaiserfarmhouse.com\/de\/wp-json\/wp\/v2\/product_tag?post=338"}],"curies":[{"name":"wp","href":"https:\/\/api.w.org\/{rel}","templated":true}]}}