{"id":339,"date":"2025-11-11T22:24:02","date_gmt":"2025-11-11T22:24:02","guid":{"rendered":"https:\/\/youseeme.plus\/kaiser\/?post_type=product&#038;p=339"},"modified":"2026-03-25T19:14:35","modified_gmt":"2026-03-25T19:14:35","slug":"topfveilchen","status":"publish","type":"product","link":"https:\/\/kaiserfarmhouse.com\/de\/prodotto\/violetto-in-vaso\/","title":{"rendered":"Veilchen im Topf"},"content":{"rendered":"<div id=\"wd-654d042e3bf8f\" class=\"title-wrapper wd-wpb wd-set-mb reset-last-child wd-rs-654d042e3bf8f wd-title-color-default wd-title-style-default text-left wd-underline-colored\">\n<div class=\"liner-continer\">\n<h4 class=\"woodmart-title-container title wd-font-weight- wd-fontsize-l\">SCH\u00dcTZT DAS IMMUNSYSTEM<\/h4>\n<\/div>\n<\/div>\n<div id=\"wd-640f3e348cf1b\" class=\"wd-text-block wd-wpb reset-last-child wd-rs-640f3e348cf1b text-left vc_custom_1678720572443\">\n<div class=\"\">\n<p>Kohl ist reich an Wasser und Ballaststoffen und gilt aufgrund seiner entz\u00fcndungshemmenden und immunsystemst\u00e4rkenden Eigenschaften als n\u00e4hrstoffreiches Lebensmittel.<\/p>\n<p>Sie ist ein sehr wertvolles Gem\u00fcse aufgrund ihres hohen Gehalts an Antioxidantien, Provitamin A, das anderen Sorten weit \u00fcberlegen ist, und Vitamin C, das im Winter immer sehr wichtig ist, aber auch Polyphenole, Kalium, Kalzium und Phosphor.<\/p>\n<\/div>\n<\/div>","protected":false},"excerpt":{"rendered":"<p>Eine einfache und farbenfrohe Herbstbeilage, blanchiert und aromatisiert mit einer Mischung aus Essig und einer Prise Zucker. Unwiderstehlich als schmackhafter Aperitif auf Brotcroutons, hervorragend zum F\u00fcllen von Gourmet-Scones. Die s\u00fc\u00df-saure Note und die intensive violette Farbe bereichern leichte Snacks wie gemischte Salate.<br \/>\nDer Purpurkohl wird auf dem Boden unseres Bauernhofs auf nat\u00fcrliche und nachhaltige Weise angebaut.<\/p>","protected":false},"featured_media":456,"template":"","meta":{"_acf_changed":false},"product_brand":[],"product_cat":[20,40],"product_tag":[34],"class_list":{"0":"post-339","1":"product","2":"type-product","3":"status-publish","4":"has-post-thumbnail","6":"product_cat-le-verdure-in-vaso","7":"product_cat-pacco","8":"product_tag-prodotti-trasformati","10":"first","11":"instock","12":"shipping-taxable","13":"purchasable","14":"product-type-simple"},"acf":[],"_links":{"self":[{"href":"https:\/\/kaiserfarmhouse.com\/de\/wp-json\/wp\/v2\/product\/339","targetHints":{"allow":["GET"]}}],"collection":[{"href":"https:\/\/kaiserfarmhouse.com\/de\/wp-json\/wp\/v2\/product"}],"about":[{"href":"https:\/\/kaiserfarmhouse.com\/de\/wp-json\/wp\/v2\/types\/product"}],"wp:featuredmedia":[{"embeddable":true,"href":"https:\/\/kaiserfarmhouse.com\/de\/wp-json\/wp\/v2\/media\/456"}],"wp:attachment":[{"href":"https:\/\/kaiserfarmhouse.com\/de\/wp-json\/wp\/v2\/media?parent=339"}],"wp:term":[{"taxonomy":"product_brand","embeddable":true,"href":"https:\/\/kaiserfarmhouse.com\/de\/wp-json\/wp\/v2\/product_brand?post=339"},{"taxonomy":"product_cat","embeddable":true,"href":"https:\/\/kaiserfarmhouse.com\/de\/wp-json\/wp\/v2\/product_cat?post=339"},{"taxonomy":"product_tag","embeddable":true,"href":"https:\/\/kaiserfarmhouse.com\/de\/wp-json\/wp\/v2\/product_tag?post=339"}],"curies":[{"name":"wp","href":"https:\/\/api.w.org\/{rel}","templated":true}]}}