{"id":340,"date":"2025-11-11T22:25:42","date_gmt":"2025-11-11T22:25:42","guid":{"rendered":"https:\/\/youseeme.plus\/kaiser\/?post_type=product&#038;p=340"},"modified":"2025-12-03T16:44:34","modified_gmt":"2025-12-03T16:44:34","slug":"gemusecremesuppe","status":"publish","type":"product","link":"https:\/\/kaiserfarmhouse.com\/de\/prodotto\/vellutata-di-verdure\/","title":{"rendered":"Gem\u00fcse-Velout\u00e9"},"content":{"rendered":"<div id=\"wd-654d03d252ff6\" class=\"title-wrapper wd-wpb wd-set-mb reset-last-child wd-rs-654d03d252ff6 wd-title-color-default wd-title-style-default text-left wd-underline-colored\">\n<div class=\"liner-continer\">\n<h4 class=\"woodmart-title-container title wd-font-weight- wd-fontsize-l\">VIELE BALLASTSTOFFE F\u00dcR DEN DARM<\/h4>\n<\/div>\n<\/div>\n<div id=\"wd-641071ac034ea\" class=\"wd-text-block wd-wpb reset-last-child wd-rs-641071ac034ea text-left vc_custom_1678799368645\">\n<p>Gem\u00fcsesuppen und -p\u00fcrees sind eine warme, schnelle Mahlzeit mit vielen Vorteilen.<\/p>\n<p>Zun\u00e4chst einmal bin ich ein sehr guter\u00a0<strong>Fl\u00fcssigkeitsquelle<\/strong>\u00a0in den Wintermonaten, wenn wir weniger Durst versp\u00fcren und dazu neigen, weniger Wasser zu trinken.<br \/>\nIm Hinblick auf unseren Darm f\u00f6rdert der hohe Anteil an Ballaststoffen eine gute Darmfunktion.<\/p>\n<p>Sie sind reich an Mineralien und Vitaminen und haben eine geringe Energiezufuhr, die haupts\u00e4chlich aus Kohlenhydraten, gefolgt von Proteinen und Fetten besteht.  Sie haben keine Kontraindikationen f\u00fcr Di\u00e4ten gegen Z\u00f6liakie und Laktoseintoleranz. Sie geh\u00f6ren zu den Lebensmitteln, die bei vegetarischer und veganer Ern\u00e4hrung verwendet werden.<\/p>\n<\/div>","protected":false},"excerpt":{"rendered":"<p>Velout\u00e9 ist immer eine gute Idee, wenn Sie ein schmackhaftes und einh\u00fcllendes Gericht auf den Tisch bringen wollen, ein echter kulinarischer Genuss auf Gem\u00fcsebasis f\u00fcr kalte Abende, ein ideales Gericht f\u00fcr ein intimes Familienessen.<br \/>\nEr hat eine weiche und seidige Textur, die zu einem cremigen und schmackhaften Biss einl\u00e4dt.<br \/>\nWir verwenden ausschlie\u00dflich frisches Gem\u00fcse der Saison, das reich an Mineralien und Vitaminen ist, und reichern es mit einer kleinen Menge Erbsenmehl an, das neben seiner Verdickungsfunktion auch die richtige Menge an Eiwei\u00df liefert.<br \/>\nBei niedriger Temperatur erhitzen und, falls eine leichtere Konsistenz gew\u00fcnscht wird, nach Geschmack Gem\u00fcsebr\u00fche hinzuf\u00fcgen. Natives Oliven\u00f6l extra und die Zugabe von ger\u00f6stetem Brot, \u00d6lsaaten und\/oder getrockneten Obstk\u00f6rnern geben dem Gericht den letzten Schliff.<\/p>","protected":false},"featured_media":477,"template":"","meta":{"_acf_changed":false},"product_brand":[],"product_cat":[21],"product_tag":[],"class_list":{"0":"post-340","1":"product","2":"type-product","3":"status-publish","4":"has-post-thumbnail","6":"product_cat-le-vellutate","8":"first","9":"outofstock","10":"shipping-taxable","11":"product-type-simple"},"acf":[],"_links":{"self":[{"href":"https:\/\/kaiserfarmhouse.com\/de\/wp-json\/wp\/v2\/product\/340","targetHints":{"allow":["GET"]}}],"collection":[{"href":"https:\/\/kaiserfarmhouse.com\/de\/wp-json\/wp\/v2\/product"}],"about":[{"href":"https:\/\/kaiserfarmhouse.com\/de\/wp-json\/wp\/v2\/types\/product"}],"wp:featuredmedia":[{"embeddable":true,"href":"https:\/\/kaiserfarmhouse.com\/de\/wp-json\/wp\/v2\/media\/477"}],"wp:attachment":[{"href":"https:\/\/kaiserfarmhouse.com\/de\/wp-json\/wp\/v2\/media?parent=340"}],"wp:term":[{"taxonomy":"product_brand","embeddable":true,"href":"https:\/\/kaiserfarmhouse.com\/de\/wp-json\/wp\/v2\/product_brand?post=340"},{"taxonomy":"product_cat","embeddable":true,"href":"https:\/\/kaiserfarmhouse.com\/de\/wp-json\/wp\/v2\/product_cat?post=340"},{"taxonomy":"product_tag","embeddable":true,"href":"https:\/\/kaiserfarmhouse.com\/de\/wp-json\/wp\/v2\/product_tag?post=340"}],"curies":[{"name":"wp","href":"https:\/\/api.w.org\/{rel}","templated":true}]}}