{"id":341,"date":"2025-11-11T22:26:06","date_gmt":"2025-11-11T22:26:06","guid":{"rendered":"https:\/\/youseeme.plus\/kaiser\/?post_type=product&#038;p=341"},"modified":"2025-12-03T16:45:18","modified_gmt":"2025-12-03T16:45:18","slug":"kurbiscremesuppe","status":"publish","type":"product","link":"https:\/\/kaiserfarmhouse.com\/de\/prodotto\/vellutata-di-zucca\/","title":{"rendered":"K\u00fcrbiscremesuppe"},"content":{"rendered":"<div id=\"wd-654d0402cd838\" class=\"title-wrapper wd-wpb wd-set-mb reset-last-child wd-rs-654d0402cd838 wd-title-color-default wd-title-style-default text-left wd-underline-colored\">\n<div class=\"liner-continer\">\n<h4 class=\"woodmart-title-container title wd-font-weight- wd-fontsize-l\">IMMER GUT GELAUNT<\/h4>\n<\/div>\n<\/div>\n<div id=\"wd-641077c54c429\" class=\"wd-text-block wd-wpb reset-last-child wd-rs-641077c54c429 text-left vc_custom_1678800850828\">\n<p>Man kann zweifellos sagen, dass K\u00fcrbis ein Lebensmittel mit einem niedrigen glyk\u00e4mischen Index ist: 100 g liefern nur 26 kcal, der Kohlenhydratgehalt ist sehr gering und der Gehalt an Ballaststoffen, Vitaminen und Mineralstoffen ist hoch.<\/p>\n<p>Remineralisierend, enth\u00e4lt K\u00fcrbis Stoffe, die sich positiv auf die Stimmung auswirken und die Schlafqualit\u00e4t f\u00f6rdern. Er ist reich an Antioxidantien, die das Risiko chronischer Krankheiten senken, und enth\u00e4lt viele Vitamine (Vitamin A, C, E) und Fols\u00e4ure, die das Immunsystem st\u00e4rken und gesunde Augen und Haut f\u00f6rdern.<\/p>\n<\/div>","protected":false},"excerpt":{"rendered":"<p>Eine hei\u00dfe K\u00fcrbissuppe in den kalten Monaten hilft, jahreszeitlich bedingten Krankheiten vorzubeugen und den K\u00f6rper mit starken Antioxidantien zu versorgen.<br \/>\nEin einfaches, gesundes und nat\u00fcrlich s\u00fc\u00dfes Gericht, das sich perfekt mit kleinen knusprigen Brotcroutons genie\u00dfen l\u00e4sst.<br \/>\nK\u00fcrbis und Kartoffel sind herbstliche Zutaten, die sich gegenseitig verst\u00e4rken und einen wirklich \u00fcberraschenden Geschmack ergeben.<br \/>\nSie k\u00f6nnen es durch Zugabe von Gem\u00fcsebr\u00fche oder hei\u00dfem Wasser wieder erw\u00e4rmen, bis die gew\u00fcnschte Konsistenz erreicht ist.<br \/>\nMan kann ihn mit ger\u00f6steten K\u00fcrbiskernen und nativem Oliven\u00f6l extra servieren, je nach Geschmack.<\/p>","protected":false},"featured_media":476,"template":"","meta":{"_acf_changed":false},"product_brand":[],"product_cat":[21],"product_tag":[],"class_list":{"0":"post-341","1":"product","2":"type-product","3":"status-publish","4":"has-post-thumbnail","6":"product_cat-le-vellutate","8":"first","9":"outofstock","10":"shipping-taxable","11":"product-type-simple"},"acf":[],"_links":{"self":[{"href":"https:\/\/kaiserfarmhouse.com\/de\/wp-json\/wp\/v2\/product\/341","targetHints":{"allow":["GET"]}}],"collection":[{"href":"https:\/\/kaiserfarmhouse.com\/de\/wp-json\/wp\/v2\/product"}],"about":[{"href":"https:\/\/kaiserfarmhouse.com\/de\/wp-json\/wp\/v2\/types\/product"}],"wp:featuredmedia":[{"embeddable":true,"href":"https:\/\/kaiserfarmhouse.com\/de\/wp-json\/wp\/v2\/media\/476"}],"wp:attachment":[{"href":"https:\/\/kaiserfarmhouse.com\/de\/wp-json\/wp\/v2\/media?parent=341"}],"wp:term":[{"taxonomy":"product_brand","embeddable":true,"href":"https:\/\/kaiserfarmhouse.com\/de\/wp-json\/wp\/v2\/product_brand?post=341"},{"taxonomy":"product_cat","embeddable":true,"href":"https:\/\/kaiserfarmhouse.com\/de\/wp-json\/wp\/v2\/product_cat?post=341"},{"taxonomy":"product_tag","embeddable":true,"href":"https:\/\/kaiserfarmhouse.com\/de\/wp-json\/wp\/v2\/product_tag?post=341"}],"curies":[{"name":"wp","href":"https:\/\/api.w.org\/{rel}","templated":true}]}}