{"id":342,"date":"2025-11-11T22:27:19","date_gmt":"2025-11-11T22:27:19","guid":{"rendered":"https:\/\/youseeme.plus\/kaiser\/?post_type=product&#038;p=342"},"modified":"2026-04-15T09:50:49","modified_gmt":"2026-04-15T09:50:49","slug":"datterini-konfit-320g","status":"publish","type":"product","link":"https:\/\/kaiserfarmhouse.com\/de\/prodotto\/datterini-confit-320g\/","title":{"rendered":"Konfit\u00fcre Datterini"},"content":{"rendered":"<div id=\"wd-654bf3cc5aa9d\" class=\"title-wrapper wd-wpb wd-set-mb reset-last-child wd-rs-654bf3cc5aa9d wd-title-color-default wd-title-style-default text-left wd-underline-colored\">\n<div class=\"liner-continer\">\n<h4 class=\"woodmart-title-container title wd-font-weight- wd-fontsize-l\">ANTIOXIDANTIEN GEGEN FREIE RADIKALE<\/h4>\n<\/div>\n<\/div>\n<div id=\"wd-6412b67f1a970\" class=\"wd-text-block wd-wpb reset-last-child wd-rs-6412b67f1a970 text-left vc_custom_1678947981197\">\n<p>Dieses Gem\u00fcse enth\u00e4lt viel Kalium und nur wenig Natrium, was Kirschtomaten zu einem Lebensmittel mit hohem N\u00e4hrwert macht.\u00a0<strong>gute harntreibende und entgiftende Eigenschaften\u00a0<\/strong>ausgezeichneter Verb\u00fcndeter f\u00fcr diejenigen, die eine Di\u00e4t einhalten m\u00fcssen. Der Verzehr von Tomaten ist dank des hohen Gehalts an Antioxidantien hilfreich bei der Bek\u00e4mpfung freier Radikale und der Verringerung des Risikos von Herz-Kreislauf-Erkrankungen.<\/p>\n<\/div>","protected":false},"excerpt":{"rendered":"<p>Auf unseren Feldern von Hand angebaut und geerntet, wird das Produkt in wenigen Stunden transportiert und verarbeitet, ist\u00a0<strong>gewaschen, ausgew\u00e4hlt, gebacken<\/strong>\u00a0e\u00a0<strong>verpackt<\/strong>\u00a0in Gl\u00e4sern mit sehr schonenden manuellen Verfahren, um die organoleptischen Qualit\u00e4ten intakt, konserviert und in Reichweite der K\u00fcche zu halten.<br \/>\nDiese Technik der\u00a0<strong>Backen bei niedriger Temperatur<\/strong>, Der nat\u00fcrliche Geschmack der Kirschtomaten, angereichert mit frischen Kr\u00e4utern aus unserem Kr\u00e4utergarten, wird betont, wodurch sie s\u00fc\u00df, saftig und aromatisch werden.<br \/>\n<strong>Mischung aus S\u00fc\u00dfe und intensivem Geschmack<\/strong>, Die Datterini sind ein hervorragender Ersatz f\u00fcr frische Tomaten, sie eignen sich f\u00fcr kleine Bruschetta, als Belag f\u00fcr Focaccia oder als Beilage zu Fleisch- oder Fischspezialit\u00e4ten.<\/p>","protected":false},"featured_media":436,"template":"","meta":{"_acf_changed":false},"product_brand":[],"product_cat":[22,40],"product_tag":[],"class_list":{"0":"post-342","1":"product","2":"type-product","3":"status-publish","4":"has-post-thumbnail","6":"product_cat-i-pomodori-in-vaso","7":"product_cat-pacco","9":"first","10":"instock","11":"shipping-taxable","12":"purchasable","13":"product-type-simple"},"acf":[],"_links":{"self":[{"href":"https:\/\/kaiserfarmhouse.com\/de\/wp-json\/wp\/v2\/product\/342","targetHints":{"allow":["GET"]}}],"collection":[{"href":"https:\/\/kaiserfarmhouse.com\/de\/wp-json\/wp\/v2\/product"}],"about":[{"href":"https:\/\/kaiserfarmhouse.com\/de\/wp-json\/wp\/v2\/types\/product"}],"wp:featuredmedia":[{"embeddable":true,"href":"https:\/\/kaiserfarmhouse.com\/de\/wp-json\/wp\/v2\/media\/436"}],"wp:attachment":[{"href":"https:\/\/kaiserfarmhouse.com\/de\/wp-json\/wp\/v2\/media?parent=342"}],"wp:term":[{"taxonomy":"product_brand","embeddable":true,"href":"https:\/\/kaiserfarmhouse.com\/de\/wp-json\/wp\/v2\/product_brand?post=342"},{"taxonomy":"product_cat","embeddable":true,"href":"https:\/\/kaiserfarmhouse.com\/de\/wp-json\/wp\/v2\/product_cat?post=342"},{"taxonomy":"product_tag","embeddable":true,"href":"https:\/\/kaiserfarmhouse.com\/de\/wp-json\/wp\/v2\/product_tag?post=342"}],"curies":[{"name":"wp","href":"https:\/\/api.w.org\/{rel}","templated":true}]}}