{"id":344,"date":"2025-11-11T22:29:19","date_gmt":"2025-11-11T22:29:19","guid":{"rendered":"https:\/\/youseeme.plus\/kaiser\/?post_type=product&#038;p=344"},"modified":"2025-12-03T16:35:19","modified_gmt":"2025-12-03T16:35:19","slug":"fuchssumpfol","status":"publish","type":"product","link":"https:\/\/kaiserfarmhouse.com\/de\/prodotto\/olio-palude-delle-volpi\/","title":{"rendered":"Fuchs-Sumpf-\u00d6l"},"content":{"rendered":"<h4>EIN WERTVOLLES KARDIOPROTEKTIVES<\/h4>\n<p>Natives Oliven\u00f6l extra ist zweifelsohne das <strong>Symbol der mediterranen Ern\u00e4hrung<\/strong>, Es ist reich an pflanzlichen Fetten, die f\u00fcr die Gesundheit des K\u00f6rpers sehr n\u00fctzlich sind, und zeichnet sich durch seinen Geschmack und seine Verdaulichkeit aus.\u00a0<strong>Quelle f\u00fcr die Vitamine A, B und E<\/strong>, reich an <strong>\u00d6ls\u00e4ure, Phytosterine und Antioxidantien<\/strong>alle Molek\u00fcle, die unseren K\u00f6rper vor vorzeitiger Alterung sch\u00fctzen k\u00f6nnen, indem sie die <strong>Bek\u00e4mpfung freier Radikale<\/strong>.<br \/>\nBei regelm\u00e4\u00dfiger Anwendung wird die Anwesenheit von <strong>Cholesterin<\/strong>, regelt die\u2019<strong>Leber- und Darmt\u00e4tigkeit<\/strong> und hat eine starke Aktivit\u00e4t <strong>kardioprotektiv<\/strong>.<\/p>","protected":false},"excerpt":{"rendered":"<p>Von\u00a0<strong>unser Olivenhain am Meer,\u00a0<\/strong>in einer kleinen Ortschaft von Sinis (Sardinien)<strong>,\u00a0<\/strong>\u00a0wird ein feines Oliven\u00f6l geboren,\u00a0<strong>f\u00fcr ein einzigartiges Geschmackserlebnis.<\/strong><br \/>\n<strong>Fuchs-Sumpf<\/strong>\u00a0ist eine kleine Produktion von\u00a0<strong>handwerklich hergestelltes \u00d6l<\/strong>, nur aus nat\u00fcrlich gewachsenen, handgepfl\u00fcckten Oliven gewonnen\u00a0<strong>von unseren eigenen Olivenb\u00e4umen,<\/strong>\u00a0die nach traditionellen Methoden aus dem\u00a0<strong>Semidana<em>.<\/em><\/strong><\/p>\n<p>Die verwendete Sorte ist eine\u00a0<strong>einheimische Sorte<\/strong>\u00a0vor allem im Gebiet von Oristan zu finden,\u00a0<strong>reich an Polyphenolen\u00a0<\/strong>antioxidative und anti-atherogene Wirkung und edle Substanzen.<br \/>\nLa<strong>\u00a0fr\u00e4sen<\/strong>\u00a0<strong>Oliven<\/strong>\u00a0wird innerhalb weniger Stunden nach der Ernte hergestellt. Die Verarbeitungsschritte werden mit \u00e4u\u00dferster Sorgfalt durchgef\u00fchrt, durch\u00a0<strong>Kaltpressung<\/strong>\u00a0ausschlie\u00dflich mechanische Methode, um eine\u00a0<strong>feines \u00d6l<\/strong>, absolut unverf\u00e4lscht, mit einem intensiven fruchtigen Aroma mit einem Hauch von Bitterkeit und Sch\u00e4rfe, begleitet von blumigen und krautigen Noten, die an den frischen Duft von Oliven und an den Duft der mediterranen Macchia denken lassen.<\/p>","protected":false},"featured_media":420,"template":"","meta":{"_acf_changed":false},"product_brand":[],"product_cat":[23,40],"product_tag":[],"class_list":{"0":"post-344","1":"product","2":"type-product","3":"status-publish","4":"has-post-thumbnail","6":"product_cat-lolio-e-le-olive","7":"product_cat-pacco","9":"first","10":"instock","11":"shipping-taxable","12":"purchasable","13":"product-type-simple"},"acf":[],"_links":{"self":[{"href":"https:\/\/kaiserfarmhouse.com\/de\/wp-json\/wp\/v2\/product\/344","targetHints":{"allow":["GET"]}}],"collection":[{"href":"https:\/\/kaiserfarmhouse.com\/de\/wp-json\/wp\/v2\/product"}],"about":[{"href":"https:\/\/kaiserfarmhouse.com\/de\/wp-json\/wp\/v2\/types\/product"}],"wp:featuredmedia":[{"embeddable":true,"href":"https:\/\/kaiserfarmhouse.com\/de\/wp-json\/wp\/v2\/media\/420"}],"wp:attachment":[{"href":"https:\/\/kaiserfarmhouse.com\/de\/wp-json\/wp\/v2\/media?parent=344"}],"wp:term":[{"taxonomy":"product_brand","embeddable":true,"href":"https:\/\/kaiserfarmhouse.com\/de\/wp-json\/wp\/v2\/product_brand?post=344"},{"taxonomy":"product_cat","embeddable":true,"href":"https:\/\/kaiserfarmhouse.com\/de\/wp-json\/wp\/v2\/product_cat?post=344"},{"taxonomy":"product_tag","embeddable":true,"href":"https:\/\/kaiserfarmhouse.com\/de\/wp-json\/wp\/v2\/product_tag?post=344"}],"curies":[{"name":"wp","href":"https:\/\/api.w.org\/{rel}","templated":true}]}}