{"id":626,"date":"2025-11-12T23:19:04","date_gmt":"2025-11-12T23:19:04","guid":{"rendered":"https:\/\/youseeme.plus\/kaiser\/?post_type=product&#038;p=626"},"modified":"2026-04-15T11:06:16","modified_gmt":"2026-04-15T11:06:16","slug":"pikante-giardiniera","status":"publish","type":"product","link":"https:\/\/kaiserfarmhouse.com\/de\/prodotto\/giardiniera-saporita\/","title":{"rendered":"Pikante Giardiniera"},"content":{"rendered":"<p>Paprika, Sellerie, Borretana-Zwiebeln und Karotten in Scheiben geschnitten und nur mit Essig, Zucker, Salz und Gew\u00fcrzen ohne Konservierungsstoffe abgeschmeckt. Eine Explosion von knackigen Farben, die den Geschmack von frisch geerntetem Gem\u00fcse aus dem Garten bewahrt. Die Verarbeitung erfolgt wie immer von Hand, wobei jedes Detail und jede Zubereitungsphase genauestens \u00fcberwacht wird, um die Qualit\u00e4t des Endprodukts zu gew\u00e4hrleisten. Diese Sorgfalt garantiert nicht nur eine hervorragende Qualit\u00e4t, sondern auch ein au\u00dfergew\u00f6hnliches kulinarisches Erlebnis, bei dem jeder Bissen einen authentischen Geschmack und ein authentisches Aroma offenbart, wie es nur die manuelle Verarbeitung gew\u00e4hrleisten kann. Die schmackhafte Giardiniera kann einfach als Aperitif genossen werden, aber auch als Zutat zum Verfeinern von Fischgerichten, gekochtem Fleisch und K\u00e4se verwendet werden. Perfekt, um gemischte Salate mit gekochten Eiern, Salzkartoffeln und im Sommer auch den klassischen Reissalat zu verfeinern. Einfach servieren oder mit nativem Oliven\u00f6l extra anmachen.<\/p>","protected":false},"excerpt":{"rendered":"<p>Paprika, Sellerie, Borretana-Zwiebeln und Karotten in Scheiben geschnitten und nur mit Essig, Zucker, Salz und Gew\u00fcrzen ohne Konservierungsstoffe abgeschmeckt. Eine Explosion von knackigen Farben, die den Geschmack von frisch geerntetem Gem\u00fcse aus dem Garten bewahrt. Die Verarbeitung erfolgt wie immer von Hand, wobei jedes Detail und jede Zubereitungsphase genauestens \u00fcberwacht wird, um die Qualit\u00e4t des Endprodukts zu gew\u00e4hrleisten. Diese Sorgfalt garantiert nicht nur eine hervorragende Qualit\u00e4t, sondern auch ein au\u00dfergew\u00f6hnliches kulinarisches Erlebnis, bei dem jeder Bissen einen authentischen Geschmack und ein authentisches Aroma offenbart, wie es nur die manuelle Verarbeitung gew\u00e4hrleisten kann. Die schmackhafte Giardiniera kann einfach als Aperitif genossen werden, aber auch als Zutat zum Verfeinern von Fischgerichten, gekochtem Fleisch und K\u00e4se verwendet werden. Perfekt, um gemischte Salate mit gekochten Eiern, Salzkartoffeln und im Sommer auch den klassischen Reissalat zu verfeinern. Einfach servieren oder mit nativem Oliven\u00f6l extra anmachen.<\/p>","protected":false},"featured_media":682,"template":"","meta":{"_acf_changed":false},"product_brand":[],"product_cat":[20,40],"product_tag":[],"class_list":{"0":"post-626","1":"product","2":"type-product","3":"status-publish","4":"has-post-thumbnail","6":"product_cat-le-verdure-in-vaso","7":"product_cat-pacco","9":"first","10":"instock","11":"shipping-taxable","12":"purchasable","13":"product-type-variable"},"acf":[],"_links":{"self":[{"href":"https:\/\/kaiserfarmhouse.com\/de\/wp-json\/wp\/v2\/product\/626","targetHints":{"allow":["GET"]}}],"collection":[{"href":"https:\/\/kaiserfarmhouse.com\/de\/wp-json\/wp\/v2\/product"}],"about":[{"href":"https:\/\/kaiserfarmhouse.com\/de\/wp-json\/wp\/v2\/types\/product"}],"wp:featuredmedia":[{"embeddable":true,"href":"https:\/\/kaiserfarmhouse.com\/de\/wp-json\/wp\/v2\/media\/682"}],"wp:attachment":[{"href":"https:\/\/kaiserfarmhouse.com\/de\/wp-json\/wp\/v2\/media?parent=626"}],"wp:term":[{"taxonomy":"product_brand","embeddable":true,"href":"https:\/\/kaiserfarmhouse.com\/de\/wp-json\/wp\/v2\/product_brand?post=626"},{"taxonomy":"product_cat","embeddable":true,"href":"https:\/\/kaiserfarmhouse.com\/de\/wp-json\/wp\/v2\/product_cat?post=626"},{"taxonomy":"product_tag","embeddable":true,"href":"https:\/\/kaiserfarmhouse.com\/de\/wp-json\/wp\/v2\/product_tag?post=626"}],"curies":[{"name":"wp","href":"https:\/\/api.w.org\/{rel}","templated":true}]}}