{"id":648,"date":"2025-11-12T23:43:21","date_gmt":"2025-11-12T23:43:21","guid":{"rendered":"https:\/\/youseeme.plus\/kaiser\/?post_type=product&#038;p=648"},"modified":"2026-04-15T11:05:56","modified_gmt":"2026-04-15T11:05:56","slug":"bunte-giardiniera","status":"publish","type":"product","link":"https:\/\/kaiserfarmhouse.com\/de\/prodotto\/giardiniera-colorata\/","title":{"rendered":"Farbenfrohe Gartenarbeit"},"content":{"rendered":"<div id=\"wd-654d02de8d0d0\" class=\"title-wrapper wd-wpb wd-set-mb reset-last-child wd-rs-654d02de8d0d0 wd-title-color-default wd-title-style-default text-left wd-underline-colored\">\n<div class=\"liner-continer\">\n<h4 class=\"woodmart-title-container title wd-font-weight- wd-fontsize-l\">DIE VORTEILE VON FERMENTIERTEN GURKEN<\/h4>\n<\/div>\n<\/div>\n<div id=\"wd-64746b60c19b8\" class=\"wd-text-block wd-wpb reset-last-child wd-rs-64746b60c19b8 text-left vc_custom_1685351272425\">\n<p>Die Versorgung mit Vitaminen h\u00e4ngt von der Zusammensetzung des Produkts im Glas ab: Jede ausgew\u00e4hlte Zutat bringt spezifische N\u00e4hrwerteigenschaften und Vorteile mit sich.<br \/>\nEssiggurken sind eine\u00a0<strong>nat\u00fcrliches Stimulans f\u00fcr die Verdauung<\/strong>\u00a0und f\u00f6rdern die S\u00e4ttigung dank der\u2019<strong>hoher Ballaststoffgehalt<\/strong>, die auch eine gute Darmmotilit\u00e4t f\u00f6rdern. Sie bieten auch einen wichtigen\u00a0<strong>Versorgung mit Probiotika<\/strong>\u00a0die die Immunabwehr st\u00e4rken und die\u00a0<strong>biologische Vielfalt<\/strong>\u00a0von\u00a0<strong>Mikrobiota<\/strong>\u00a0Darm.<br \/>\nSie f\u00f6rdern die\u00a0<strong>Gewichtskontrolle<\/strong>\u00a0und haben eine sehr geringe Kalorienzufuhr (7 kcal pro 100 g).<\/p>\n<\/div>","protected":false},"excerpt":{"rendered":"<p>Die farbenfrohe Giardiniera ist ein wahres klassisches kulinarisches Meisterwerk, bei dem die Frische des Gem\u00fcses dank handwerklichem K\u00f6nnen und der geschickten Auswahl der Zutaten erhalten bleibt.<br \/>\nSie unterscheidet sich von der pikanten Giardiniera durch die andere Zusammenstellung des Gem\u00fcses und den bewusst gr\u00f6\u00dferen Zuschnitt: Fenchel-, Blumenkohl-, Paprika- und Karottenstifte, die von Hand zubereitet und mit Essig, Zucker und Salz angereichert werden, was ihr einen sehr schmackhaften und angenehmen s\u00fc\u00df-sauren Geschmack verleiht.<br \/>\nDank seiner Frische und der handwerklichen Zubereitung unterstreicht das Gem\u00fcse die Aromen der Gerichte, die es begleitet, und bereichert jeden Bissen mit seinem authentischen und unverf\u00e4lschten Geschmack.<br \/>\nDas ausgew\u00e4hlte Gem\u00fcse ist die ideale Wahl zu Fischgerichten und gekochtem Fleisch, kann aber auch zu K\u00e4se genossen werden.<br \/>\nPur oder mit Oliven\u00f6l extra vergine servieren.<\/p>","protected":false},"featured_media":695,"template":"","meta":{"_acf_changed":false},"product_brand":[],"product_cat":[20,40],"product_tag":[],"class_list":{"0":"post-648","1":"product","2":"type-product","3":"status-publish","4":"has-post-thumbnail","6":"product_cat-le-verdure-in-vaso","7":"product_cat-pacco","9":"first","10":"instock","11":"shipping-taxable","12":"purchasable","13":"product-type-variable"},"acf":[],"_links":{"self":[{"href":"https:\/\/kaiserfarmhouse.com\/de\/wp-json\/wp\/v2\/product\/648","targetHints":{"allow":["GET"]}}],"collection":[{"href":"https:\/\/kaiserfarmhouse.com\/de\/wp-json\/wp\/v2\/product"}],"about":[{"href":"https:\/\/kaiserfarmhouse.com\/de\/wp-json\/wp\/v2\/types\/product"}],"wp:featuredmedia":[{"embeddable":true,"href":"https:\/\/kaiserfarmhouse.com\/de\/wp-json\/wp\/v2\/media\/695"}],"wp:attachment":[{"href":"https:\/\/kaiserfarmhouse.com\/de\/wp-json\/wp\/v2\/media?parent=648"}],"wp:term":[{"taxonomy":"product_brand","embeddable":true,"href":"https:\/\/kaiserfarmhouse.com\/de\/wp-json\/wp\/v2\/product_brand?post=648"},{"taxonomy":"product_cat","embeddable":true,"href":"https:\/\/kaiserfarmhouse.com\/de\/wp-json\/wp\/v2\/product_cat?post=648"},{"taxonomy":"product_tag","embeddable":true,"href":"https:\/\/kaiserfarmhouse.com\/de\/wp-json\/wp\/v2\/product_tag?post=648"}],"curies":[{"name":"wp","href":"https:\/\/api.w.org\/{rel}","templated":true}]}}