{"id":823,"date":"2025-11-14T21:22:59","date_gmt":"2025-11-14T21:22:59","guid":{"rendered":"https:\/\/youseeme.plus\/kaiser\/?page_id=823"},"modified":"2025-11-19T15:53:58","modified_gmt":"2025-11-19T15:53:58","slug":"lautoraccolta","status":"publish","type":"page","link":"https:\/\/kaiserfarmhouse.com\/en\/lautoraccolta\/","title":{"rendered":"The self-collection"},"content":{"rendered":"<h1>L&#8217;autoraccolta<\/h1>\n<h1>Il servizio sar\u00e0 disponibile da fine Marzo<\/h1>\n<h1>FRUTTA, VERDURA E FIORI SELF-SERVICE<\/h1>\n<hr>\n<div>\n<p>Il nostro frutteto \u00e8 aperto a grandi e piccoli: un luogo dove ognuno pu\u00f2 raccogliere direttamente dalle piante frutta e verdura al massimo della maturazione, quando aromi, consistenza e propriet\u00e0 nutrizionali raggiungono il loro apice.<\/p>\n<p>L\u2019auto-raccolta, una pratica oggi sempre pi\u00f9 diffusa nel Nord Italia, offre un\u2019esperienza autentica e sorprendente: permette di vedere con i propri occhi dove nascono i prodotti, toccarli, scegliere il frutto migliore, fresco, sano e al giusto grado di maturazione. \u00c8 un\u2019attivit\u00e0 semplice e coinvolgente, perfetta per trascorrere del tempo all\u2019aria aperta con la famiglia, immersi nella natura e nei ritmi reali della campagna.<\/p>\n<p>A seconda della stagione si possono trovare frutta, ortaggi ed erbe aromatiche coltivati con metodi puri e naturali, nel totale rispetto del terreno e delle sue stagioni.<br \/>In primavera, i campi si trasformano in una distesa colorata di tulipani: chi ci visita pu\u00f2 scegliere e cogliere in autonomia le variet\u00e0 e le quantit\u00e0 preferite.<br \/>Il tulipano, simbolo della primavera, \u00e8 tra i primi fiori a sbocciare ogni anno: amato per la sua eleganza, la sua forma e la sua incredibile gamma di colori.<\/p>\n<\/div>\n<hr>\n<p><p>\n        <a href=\"https:\/\/kaiser-farm.resos.com\/booking\">PRENOTA<\/a>\n    <\/p>\n<\/p>\n<p><img decoding=\"async\" src=\"\/wp-content\/uploads\/2025\/11\/KaiserFarmHouse-Autoraccolta-2.jpg\" alt=\"\"><br \/>\n<img decoding=\"async\" src=\"\/wp-content\/uploads\/2025\/11\/KaiserFarmHouse-Autoraccolta-3-1.jpg\" alt=\"\"><br \/>\n<img decoding=\"async\" src=\"\/wp-content\/uploads\/2025\/11\/KaiserFarmHouse-Autoraccolta-4-1.jpg\" alt=\"\"><\/p>\n<div>\n<p>Per partecipare all\u2019auto-raccolta di frutta e verdura \u00e8 necessario effettuare una prenotazione, indicando la fascia oraria preferita.<br \/>L\u2019accesso ai campi di tulipani, invece, \u00e8 libero e non richiede prenotazione.<\/p>\n<p>L\u2019ingresso ha un costo di \u20ac 6,00 a persona e include 3 tulipani. Prima di accedere ai campi verranno spiegate alcune semplici regole per una raccolta corretta, nel pieno rispetto delle piante.<br \/>Vi invitiamo a portarvi forbici e cestini personali per la raccolta.<br \/>La frutta e la verdura raccolte vengono pesate al termine dell\u2019esperienza e il pagamento avviene in base alla quantit\u00e0 scelta.<br \/>Il costo per ogni tulipano reciso (senza bulbo) \u00e8 di \u20ac 1,50.<\/p>\n<p>Non \u00e8 consentito l\u2019accesso ai cani e agli altri animali.<\/p>\n<p>Su prenotazione \u00e8 possibile fermarsi per una colazione nelle aree degustative all\u2019interno della nostra dimora seicentesca.<br \/>Gli ospiti hanno inoltre a disposizione ampi spazi all\u2019aperto, attrezzati con tavoli, sedie e ombrelloni, per vivere la campagna in totale tranquillit\u00e0.<\/p>\n<p>Per concludere la giornata, \u00e8 possibile visitare lo shop aziendale all\u2019interno della tenuta, dove proponiamo una selezione dei nostri prodotti: frutta e verdura in vaso lavorate artigianalmente, il miele delle nostre api e il nostro olio extravergine d\u2019oliva.<br \/>Un modo per portare a casa i sapori genuini della nostra azienda agricola.<\/p>\n<\/div>\n<hr>\n<p><p>\n        <a href=\"https:\/\/kaiser-farm.resos.com\/booking\">PRENOTA<\/a>\n    <\/p>\n<\/p>\n<p><img decoding=\"async\" src=\"\/wp-content\/uploads\/2025\/11\/KaiserFarmHouse-Autoraccolta-5.jpg\" alt=\"\"><br \/>\n<img decoding=\"async\" src=\"\/wp-content\/uploads\/2025\/11\/KaiserFarmHouse-Autoraccolta-6.jpg\" alt=\"\"><br \/>\n<img decoding=\"async\" src=\"\/wp-content\/uploads\/2025\/11\/KaiserFarmHouse-Autoraccolta-7.jpg\" alt=\"\"><\/p>\n<div>\n<p>Qui di seguito un piccolo vademecum delle cose da sapere prima della visita:<\/p>\n<ol>\n<li><strong>Calcolate almeno un\u2019ora<\/strong> per la visita ai campi coltivati: godetevi il momento senza fretta<\/li>\n<li><strong>Seguite le istruzioni<\/strong> che vi daremo all\u2019ingresso per raccogliere frutta, ortaggi o fiori in modo corretto evitando di strappare e danneggiare le piante o i bulbi.<\/li>\n<li><strong>Fate un giro completo dei campi<\/strong> prima di iniziare la raccolta. Scegliete e decidete cosa raccogliere, recidete soltanto quanto scelto e <strong>prendete tutto quello<\/strong> che avete raccolto.<\/li>\n<li><strong>Fate attenzione a non calpestare i fiori e le piantine<\/strong>. Restate sempre sul vialetto calpestabile, nel rispetto di chi ha coltivato i campi e delle persone che arriveranno dopo di voi.<\/li>\n<\/ol>\n<\/div>\n<p><p>\n        <a href=\"https:\/\/kaiser-farm.resos.com\/booking\">PRENOTA<\/a>\n    <\/p>\n<\/p>\n<h1><strong>Iscriviti alla nostra newsletter<\/strong><\/h1>\n<div>\n<p>Per restare sempre aggiornato sulle date degli eventi e dei raccolti.<\/p>\n<\/div>\n<p><!--more--><br \/>\n<!-- {\"type\":\"layout\",\"children\":[{\"type\":\"section\",\"props\":{\"image\":\"wp-content\\\/uploads\\\/2025\\\/11\\\/KaiserFarmHouse-Autoraccolta-1.jpg\",\"image_position\":\"center-center\",\"image_size\":\"cover\",\"padding\":\"xlarge\",\"style\":\"default\",\"title_breakpoint\":\"xl\",\"title_position\":\"top-left\",\"title_rotation\":\"left\",\"vertical_align\":\"middle\",\"width\":\"default\"},\"children\":[{\"type\":\"row\",\"children\":[{\"type\":\"column\",\"props\":{\"image_position\":\"center-center\",\"position_sticky_breakpoint\":\"m\"}}]}]},{\"type\":\"section\",\"props\":{\"image_position\":\"center-center\",\"padding\":\"small\",\"style\":\"default\",\"title_breakpoint\":\"xl\",\"title_position\":\"top-left\",\"title_rotation\":\"left\",\"vertical_align\":\"middle\",\"width\":\"default\"},\"children\":[{\"type\":\"row\",\"children\":[{\"type\":\"column\",\"props\":{\"image_position\":\"center-center\",\"position_sticky_breakpoint\":\"m\"},\"children\":[{\"type\":\"headline\",\"props\":{\"content\":\"L'autoraccolta\",\"margin\":\"default\",\"margin_remove_bottom\":false,\"margin_remove_top\":false,\"text_align\":\"center\",\"title_element\":\"h1\",\"title_font_family\":\"tertiary\",\"title_style\":\"h1\"}},{\"type\":\"headline\",\"props\":{\"content\":\"Il servizio sar\\u00e0 disponibile da fine Marzo\",\"margin_remove_top\":true,\"text_align\":\"center\",\"title_color\":\"success\",\"title_element\":\"h1\",\"title_style\":\"h4\"}},{\"type\":\"headline\",\"props\":{\"content\":\"FRUTTA, VERDURA E FIORI SELF-SERVICE\",\"margin_remove_top\":true,\"text_align\":\"center\",\"title_element\":\"h1\",\"title_style\":\"text-large\"}},{\"type\":\"divider\",\"props\":{\"divider_element\":\"hr\"}},{\"type\":\"text\",\"props\":{\"block_align\":\"center\",\"column_breakpoint\":\"m\",\"content\":\"\n\n<p>Il nostro frutteto \\u00e8 aperto a grandi e piccoli: un luogo dove ognuno pu\\u00f2 raccogliere direttamente dalle piante frutta e verdura al massimo della maturazione, quando aromi, consistenza e propriet\\u00e0 nutrizionali raggiungono il loro apice.<\\\/p>\\n\n\n<p>L\\u2019auto-raccolta, una pratica oggi sempre pi\\u00f9 diffusa nel Nord Italia, offre un\\u2019esperienza autentica e sorprendente: permette di vedere con i propri occhi dove nascono i prodotti, toccarli, scegliere il frutto migliore, fresco, sano e al giusto grado di maturazione. \\u00c8 un\\u2019attivit\\u00e0 semplice e coinvolgente, perfetta per trascorrere del tempo all\\u2019aria aperta con la famiglia, immersi nella natura e nei ritmi reali della campagna.<\\\/p>\\n\n\n<p>A seconda della stagione si possono trovare frutta, ortaggi ed erbe aromatiche coltivati con metodi puri e naturali, nel totale rispetto del terreno e delle sue stagioni.<br \\\/>In primavera, i campi si trasformano in una distesa colorata di tulipani: chi ci visita pu\\u00f2 scegliere e cogliere in autonomia le variet\\u00e0 e le quantit\\u00e0 preferite.<br \\\/>Il tulipano, simbolo della primavera, \\u00e8 tra i primi fiori a sbocciare ogni anno: amato per la sua eleganza, la sua forma e la sua incredibile gamma di colori.<\\\/p>\",\"margin\":\"\",\"maxwidth\":\"2xlarge\",\"text_style\":\"large\"}},{\"type\":\"divider\",\"props\":{\"divider_element\":\"hr\"}},{\"type\":\"button\",\"props\":{\"fullwidth\":true,\"grid_column_gap\":\"small\",\"grid_row_gap\":\"small\",\"margin\":\"default\",\"text_align\":\"center\"},\"children\":[{\"type\":\"button_item\",\"props\":{\"button_style\":\"secondary\",\"content\":\"PRENOTA\",\"dialog_layout\":\"modal\",\"dialog_offcanvas_flip\":true,\"icon_align\":\"left\",\"link\":\"https:\\\/\\\/kaiser-farm.resos.com\\\/booking\",\"link_target\":\"blank\"}}],\"name\":\"Prenota\"}]}]},{\"type\":\"row\",\"props\":{\"column_gap\":\"small\",\"layout\":\"1-3,1-3,1-3\"},\"children\":[{\"type\":\"column\",\"props\":{\"image_position\":\"center-center\",\"position_sticky_breakpoint\":\"m\",\"width_medium\":\"1-3\"},\"children\":[{\"type\":\"image\",\"props\":{\"image\":\"wp-content\\\/uploads\\\/2025\\\/11\\\/KaiserFarmHouse-Autoraccolta-2.jpg\",\"image_border\":\"rounded\",\"image_box_shadow\":\"large\",\"image_svg_color\":\"emphasis\",\"margin\":\"default\"}}]},{\"type\":\"column\",\"props\":{\"image_position\":\"center-center\",\"position_sticky_breakpoint\":\"m\",\"width_medium\":\"1-3\"},\"children\":[{\"type\":\"image\",\"props\":{\"image\":\"wp-content\\\/uploads\\\/2025\\\/11\\\/KaiserFarmHouse-Autoraccolta-3-1.jpg\",\"image_border\":\"rounded\",\"image_box_shadow\":\"large\",\"image_svg_color\":\"emphasis\",\"margin\":\"default\"}}]},{\"type\":\"column\",\"props\":{\"image_position\":\"center-center\",\"position_sticky_breakpoint\":\"m\",\"width_medium\":\"1-3\"},\"children\":[{\"type\":\"image\",\"props\":{\"image\":\"wp-content\\\/uploads\\\/2025\\\/11\\\/KaiserFarmHouse-Autoraccolta-4-1.jpg\",\"image_border\":\"rounded\",\"image_box_shadow\":\"large\",\"image_svg_color\":\"emphasis\",\"margin\":\"default\"}}]}]},{\"type\":\"row\",\"children\":[{\"type\":\"column\",\"props\":{\"image_position\":\"center-center\",\"position_sticky_breakpoint\":\"m\"},\"children\":[{\"type\":\"text\",\"props\":{\"block_align\":\"center\",\"column_breakpoint\":\"m\",\"content\":\"\n\n<p>Per partecipare all\\u2019auto-raccolta di frutta e verdura \\u00e8 necessario effettuare una prenotazione, indicando la fascia oraria preferita.<br \\\/>L\\u2019accesso ai campi di tulipani, invece, \\u00e8 libero e non richiede prenotazione.<\\\/p>\\n\n\n<p>L\\u2019ingresso ha un costo di \\u20ac 6,00 a persona e include 3 tulipani. Prima di accedere ai campi verranno spiegate alcune semplici regole per una raccolta corretta, nel pieno rispetto delle piante.<br \\\/>Vi invitiamo a portarvi forbici e cestini personali per la raccolta.<br \\\/>La frutta e la verdura raccolte vengono pesate al termine dell\\u2019esperienza e il pagamento avviene in base alla quantit\\u00e0 scelta.<br \\\/>Il costo per ogni tulipano reciso (senza bulbo) \\u00e8 di \\u20ac 1,50.<\\\/p>\\n\n\n<p>Non \\u00e8 consentito l\\u2019accesso ai cani e agli altri animali.<\\\/p>\\n\n\n<p>Su prenotazione \\u00e8 possibile fermarsi per una colazione nelle aree degustative all\\u2019interno della nostra dimora seicentesca.<br \\\/>Gli ospiti hanno inoltre a disposizione ampi spazi all\\u2019aperto, attrezzati con tavoli, sedie e ombrelloni, per vivere la campagna in totale tranquillit\\u00e0.<\\\/p>\\n\n\n<p>Per concludere la giornata, \\u00e8 possibile visitare lo shop aziendale all\\u2019interno della tenuta, dove proponiamo una selezione dei nostri prodotti: frutta e verdura in vaso lavorate artigianalmente, il miele delle nostre api e il nostro olio extravergine d\\u2019oliva.<br \\\/>Un modo per portare a casa i sapori genuini della nostra azienda agricola.<\\\/p>\",\"margin\":\"\",\"maxwidth\":\"2xlarge\",\"text_style\":\"large\"}},{\"type\":\"divider\",\"props\":{\"divider_element\":\"hr\"}},{\"type\":\"button\",\"props\":{\"fullwidth\":true,\"grid_column_gap\":\"small\",\"grid_row_gap\":\"small\",\"margin\":\"default\",\"text_align\":\"center\"},\"children\":[{\"type\":\"button_item\",\"props\":{\"button_style\":\"secondary\",\"content\":\"PRENOTA\",\"dialog_layout\":\"modal\",\"dialog_offcanvas_flip\":true,\"icon_align\":\"left\",\"link\":\"https:\\\/\\\/kaiser-farm.resos.com\\\/booking\",\"link_target\":\"blank\"}}],\"name\":\"Prenota\"}]}]},{\"type\":\"row\",\"props\":{\"column_gap\":\"small\",\"layout\":\"1-3,1-3,1-3\"},\"children\":[{\"type\":\"column\",\"props\":{\"image_position\":\"center-center\",\"position_sticky_breakpoint\":\"m\",\"width_medium\":\"1-3\"},\"children\":[{\"type\":\"image\",\"props\":{\"image\":\"wp-content\\\/uploads\\\/2025\\\/11\\\/KaiserFarmHouse-Autoraccolta-5.jpg\",\"image_border\":\"rounded\",\"image_box_shadow\":\"large\",\"image_svg_color\":\"emphasis\",\"margin\":\"default\"}}]},{\"type\":\"column\",\"props\":{\"image_position\":\"center-center\",\"position_sticky_breakpoint\":\"m\",\"width_medium\":\"1-3\"},\"children\":[{\"type\":\"image\",\"props\":{\"image\":\"wp-content\\\/uploads\\\/2025\\\/11\\\/KaiserFarmHouse-Autoraccolta-6.jpg\",\"image_border\":\"rounded\",\"image_box_shadow\":\"large\",\"image_svg_color\":\"emphasis\",\"margin\":\"default\"}}]},{\"type\":\"column\",\"props\":{\"image_position\":\"center-center\",\"position_sticky_breakpoint\":\"m\",\"width_medium\":\"1-3\"},\"children\":[{\"type\":\"image\",\"props\":{\"image\":\"wp-content\\\/uploads\\\/2025\\\/11\\\/KaiserFarmHouse-Autoraccolta-7.jpg\",\"image_border\":\"rounded\",\"image_box_shadow\":\"large\",\"image_svg_color\":\"emphasis\",\"margin\":\"default\"}}]}]},{\"type\":\"row\",\"children\":[{\"type\":\"column\",\"props\":{\"image_position\":\"center-center\",\"position_sticky_breakpoint\":\"m\"},\"children\":[{\"type\":\"text\",\"props\":{\"block_align\":\"center\",\"column_breakpoint\":\"m\",\"content\":\"\n\n<p>Qui di seguito un piccolo vademecum delle cose da sapere prima della visita:<\\\/p>\\n\n\n<ol>\\n\n\n<li><strong>Calcolate almeno un\\u2019ora<\\\/strong> per la visita ai campi coltivati: godetevi il momento senza fretta<\\\/li>\\n\n\n<li><strong>Seguite le istruzioni<\\\/strong> che vi daremo all\\u2019ingresso per raccogliere frutta, ortaggi o fiori in modo corretto evitando di strappare e danneggiare le piante o i bulbi.<\\\/li>\\n\n\n<li><strong>Fate un giro completo dei campi<\\\/strong> prima di iniziare la raccolta. Scegliete e decidete cosa raccogliere, recidete soltanto quanto scelto e <strong>prendete tutto quello<\\\/strong> che avete raccolto.<\\\/li>\\n\n\n<li><strong>Fate attenzione a non calpestare i fiori e le piantine<\\\/strong>. Restate sempre sul vialetto calpestabile, nel rispetto di chi ha coltivato i campi e delle persone che arriveranno dopo di voi.<\\\/li>\\n<\\\/ol>\",\"margin\":\"\",\"maxwidth\":\"2xlarge\",\"text_style\":\"large\"}},{\"type\":\"button\",\"props\":{\"fullwidth\":true,\"grid_column_gap\":\"small\",\"grid_row_gap\":\"small\",\"margin\":\"default\",\"text_align\":\"center\"},\"children\":[{\"type\":\"button_item\",\"props\":{\"button_style\":\"secondary\",\"content\":\"PRENOTA\",\"dialog_layout\":\"modal\",\"dialog_offcanvas_flip\":true,\"icon_align\":\"left\",\"link\":\"https:\\\/\\\/kaiser-farm.resos.com\\\/booking\",\"link_target\":\"blank\"}}],\"name\":\"Prenota\"}]}]}]},{\"type\":\"section\",\"props\":{\"image_position\":\"center-center\",\"style\":\"muted\",\"title_breakpoint\":\"xl\",\"title_position\":\"top-left\",\"title_rotation\":\"left\",\"vertical_align\":\"middle\",\"width\":\"xsmall\"},\"children\":[{\"type\":\"row\",\"children\":[{\"type\":\"column\",\"props\":{\"image_position\":\"center-center\",\"position_sticky_breakpoint\":\"m\"},\"children\":[{\"type\":\"headline\",\"props\":{\"content\":\"<strong>Iscriviti alla nostra newsletter<\\\/strong>\",\"margin_remove_bottom\":true,\"title_decoration\":\"divider\",\"title_element\":\"h1\",\"title_style\":\"h3\"}},{\"type\":\"text\",\"props\":{\"block_align\":\"center\",\"column_breakpoint\":\"m\",\"content\":\"\n\n<p>Per restare sempre aggiornato sulle date degli eventi e dei raccolti.<\\\/p>\",\"margin\":\"medium\",\"margin_remove_top\":true,\"maxwidth\":\"2xlarge\",\"text_style\":\"large\"}},{\"name\":\"Newsletter Size Default\",\"type\":\"newsletter\",\"props\":{\"button_icon\":\"mail\",\"button_mode\":\"button\",\"button_style\":\"secondary\",\"cmonitor\":{\"client_id\":\"\",\"list_id\":\"\"},\"gap\":\"small\",\"label_button\":\"Subscribe\",\"label_email\":\"Email address\",\"label_first_name\":\"First name\",\"label_last_name\":\"Last name\",\"layout\":\"grid\",\"mailchimp\":{\"client_id\":\"\",\"list_id\":\"605f9614f5\",\"double_optin\":false},\"provider\":{\"name\":\"mailchimp\",\"after_submit\":\"message\",\"message\":\"Sei stato iscritto con successo.\",\"redirect\":\"\"},\"show_name\":false}}]}]}]}],\"version\":\"4.5.32\"} --><\/p>\n","protected":false},"excerpt":{"rendered":"<p>L&#8217;autoraccolta Il servizio sar\u00e0 disponibile da fine Marzo FRUTTA, VERDURA E FIORI SELF-SERVICE Il nostro frutteto \u00e8 aperto a grandi e piccoli: un luogo dove ognuno pu\u00f2 raccogliere direttamente dalle piante frutta e verdura al massimo della maturazione, quando aromi, consistenza e propriet\u00e0 nutrizionali raggiungono il loro apice. L\u2019auto-raccolta, una pratica oggi sempre pi\u00f9 diffusa [&hellip;]<\/p>\n","protected":false},"author":1,"featured_media":0,"parent":0,"menu_order":0,"comment_status":"closed","ping_status":"closed","template":"","meta":{"_acf_changed":false,"footnotes":""},"class_list":["post-823","page","type-page","status-publish","hentry"],"acf":[],"_links":{"self":[{"href":"https:\/\/kaiserfarmhouse.com\/en\/wp-json\/wp\/v2\/pages\/823","targetHints":{"allow":["GET"]}}],"collection":[{"href":"https:\/\/kaiserfarmhouse.com\/en\/wp-json\/wp\/v2\/pages"}],"about":[{"href":"https:\/\/kaiserfarmhouse.com\/en\/wp-json\/wp\/v2\/types\/page"}],"author":[{"embeddable":true,"href":"https:\/\/kaiserfarmhouse.com\/en\/wp-json\/wp\/v2\/users\/1"}],"replies":[{"embeddable":true,"href":"https:\/\/kaiserfarmhouse.com\/en\/wp-json\/wp\/v2\/comments?post=823"}],"version-history":[{"count":23,"href":"https:\/\/kaiserfarmhouse.com\/en\/wp-json\/wp\/v2\/pages\/823\/revisions"}],"predecessor-version":[{"id":1277,"href":"https:\/\/kaiserfarmhouse.com\/en\/wp-json\/wp\/v2\/pages\/823\/revisions\/1277"}],"wp:attachment":[{"href":"https:\/\/kaiserfarmhouse.com\/en\/wp-json\/wp\/v2\/media?parent=823"}],"curies":[{"name":"wp","href":"https:\/\/api.w.org\/{rel}","templated":true}]}}