{"id":938,"date":"2025-11-17T13:45:57","date_gmt":"2025-11-17T13:45:57","guid":{"rendered":"https:\/\/youseeme.plus\/kaiser\/?page_id=938"},"modified":"2026-04-15T13:45:25","modified_gmt":"2026-04-15T13:45:25","slug":"aperitif","status":"publish","type":"page","link":"https:\/\/kaiserfarmhouse.com\/en\/aperitivo\/","title":{"rendered":"Aperitif"},"content":{"rendered":"<p><img decoding=\"async\" src=\"\/wp-content\/uploads\/2025\/11\/KaiserFarmHouse-Aperitivo-1.jpg\" alt=\"\"><br \/>\n<img decoding=\"async\" src=\"\/wp-content\/uploads\/2025\/11\/KaiserFarmHouse-Aperitivo-2.jpg\" alt=\"\"><br \/>\n<img decoding=\"async\" src=\"\/wp-content\/uploads\/2025\/11\/KaiserFarmHouse-Aperitivo-3.jpg\" alt=\"\"><\/p>\n<div>\n<p>\nDeliziati con una selezione di antipasti vegetariani, preparati con ingredienti freschi e di stagione, capaci di esprimere i sapori pi\u00f9 autentici della natura.\n<\/p>\n<p>\nVerdure croccanti, creme gourmet e formaggi locali si incontrano in un equilibrio di gusto essenziale e raffinato.\n<\/p>\n<p>\nL\u2019esperienza \u00e8 accompagnata da un drink a scelta, incluso, da selezionare tra un calice di vino biologico del territorio o un drink d\u2019autore, realizzato con una selezione di distillerie agricole d\u2019eccellenza.\n<\/p>\n<p>\nUn momento da vivere e condividere, immersi nella bellezza e nella quiete di Kaiser Farmhouse.\n<\/p>\n<\/div>\n<h1>Men\u00f9 Aperitivo<\/h1>\n<h1>Drink &amp; Food \u2013 4 ricette gourmet<br \/>11:00\u201314:30 \/ 17:00\u201321:00 | \u20ac45<\/h1>\n<ul>\n<li>\n<h3>FANTASIA<\/h3>\n<div>\n<p>di verdure fermentate<\/p>\n<\/div>\n<\/li>\n<li>\n<h3>DEGUSTAZIONE<\/h3>\n<div>\n<p>Olio evo Palude delle volpi<\/p>\n<\/div>\n<\/li>\n<li>\n<h3>CRUDIT\u00c8 DI VERDURE<\/h3>\n<div>\n<p>con hummus di ceci e zucca<\/p>\n<\/div>\n<\/li>\n<li>\n<h3>BABAGANOUSH<\/h3>\n<div>di melanzane<\/div>\n<\/li>\n<li>\n<h3>MUTABBAL <\/h3>\n<div>di zucchine<\/div>\n<\/li>\n<li>\n<h3>INSALATA RUSSA<\/h3>\n<div>vegan<\/div>\n<\/li>\n<li>\n<h3>RISO ROSSO<\/h3>\n<div>\n<p>con dadolata di verdure dell\u2019orto<\/p>\n<\/div>\n<\/li>\n<li>\n<h3>ORZOTTO <\/h3>\n<div>\n<p>con dadolata di verdure dell\u2019orto<\/p>\n<\/div>\n<\/li>\n<li>\n<h3>ZUPPETTE <\/h3>\n<div>\n<p>calde di stagione<\/p>\n<\/div>\n<\/li>\n<li>\n<h3>OLIVE <\/h3>\n<div>\n<p>del nostro oliveto<\/p>\n<\/div>\n<\/li>\n<li>\n<h3>PATATE NOVELLE <\/h3>\n<div>\n<p>in friggitrice ad aria<\/p>\n<\/div>\n<\/li>\n<li>\n<h3>SCROCCHIARELLA GOURMET<\/h3>\n<div>\n<p>con olio e rosmarino<\/p>\n<\/div>\n<\/li>\n<li>\n<h3>PIZZETTE <\/h3>\n<div>\n<p>con pomodoro e ricotta salata<\/p>\n<\/div>\n<\/li>\n<li>\n<h3>FORMAGGI <\/h3>\n<div>\n<p>d\u2019Alpeggio con pere Madernassa e composta di cipolle caramellate<\/p>\n<\/div>\n<\/li>\n<li>\n<h3>BEVANDA A SCELTA INCLUSA<\/h3>\n<div>\n<p>\nVino<br \/>\nGin<br \/>\nVermouth<br \/>\nNegroni<br \/>\nAmericano<br \/>\nBitter<br \/>\nBloody Mary con succo di pomodoro fresco<br \/>\nBirre gourmet<br \/>\nKombucha<br \/>\nCentrifughe di frutta e verdura<br \/>\nAnalcolici della casa\n<\/p>\n<\/div>\n<\/li>\n<\/ul>\n<ul>\n<li>\n<p>\n        <a href=\"https:\/\/kaiser-farm.resos.com\/booking\">Prenota<\/a>\n    <\/p>\n<\/li>\n<li>\n<p>\n        <a href=\"\/regala-un-esperienza\/\">Regala un&#8217;esperienza<\/a>\n    <\/p>\n<\/li>\n<\/ul>\n<hr>\n<div>\n<div class=\"vc_row wpb_row vc_row-fluid\">\n<div class=\"wpb_column vc_column_container vc_col-sm-8\">\n<div class=\"vc_column-inner\">\n<div class=\"wpb_wrapper\">\n<div class=\"wpb_text_column wpb_content_element\">\n<div class=\"wpb_wrapper\">\n<p><strong>Alcune indicazioni utili<\/strong>:<\/p>\n<ul>\n<li>I menu degustativi possono subire delle variazioni in base alla disponibilit\u00e0 dei prodotti e nel rispetto della stagionalit\u00e0.<\/li>\n<li>In presenza di allergie e\/o intolleranze alimentari, si rivolga al nostro personale, che provveder\u00e0 a fornirle informazioni adeguate sui nostri cibi e bevande.<\/li>\n<li>La nostra struttura \u00e8 pensata per offrire un ambiente di totale tranquillit\u00e0 e serenit\u00e0, in cui cerchiamo di rispettare il riposo e la quiete degli altri ospiti. Per queste ragioni, non siamo in grado di accogliere famiglie con bambini al di sotto dei quattro anni.<\/li>\n<li>Confidiamo nella Vostra discrezione per l\u2019utilizzo di telefoni cellulari.<\/li>\n<li>Ricordiamo che non e\u0300 permesso fumare ad eccetto della sigaretta elettronica.<\/li>\n<li>Sono permessi solo i cani di piccola taglia tenuti al guinzaglio.<\/li>\n<li>Per la vostra sicurezza e il benessere dei nostri animali, vi preghiamo di non avvicinarvi e di non dare loro da mangiare.<\/li>\n<\/ul>\n<\/div>\n<\/div>\n<\/div>\n<\/div>\n<\/div>\n<div class=\"wpb_column vc_column_container vc_col-sm-2\">\n<div class=\"vc_column-inner\">\n<div class=\"wpb_wrapper\"><\/div>\n<\/div>\n<\/div>\n<\/div>\n<div class=\"vc_row wpb_row vc_row-fluid\">\n<div class=\"wpb_column vc_column_container vc_col-sm-12\">\n<div class=\"vc_column-inner\">\n<div class=\"wpb_wrapper\">\n<div class=\"vc_separator wpb_content_element vc_separator_align_center vc_sep_width_100 vc_sep_border_width_10 vc_sep_pos_align_center vc_separator_no_text vc_sep_color_white\"><\/div>\n<\/div>\n<\/div>\n<\/div>\n<\/div>\n<\/div>\n<p><!--more--><br \/>\n<!-- {\"type\":\"layout\",\"children\":[{\"type\":\"section\",\"props\":{\"image_position\":\"center-center\",\"style\":\"default\",\"title_breakpoint\":\"xl\",\"title_position\":\"top-left\",\"title_rotation\":\"left\",\"vertical_align\":\"middle\",\"width\":\"default\"},\"children\":[{\"type\":\"row\",\"props\":{\"column_gap\":\"small\",\"layout\":\"1-3,1-3,1-3\"},\"children\":[{\"type\":\"column\",\"props\":{\"image_position\":\"center-center\",\"position_sticky_breakpoint\":\"m\",\"width_medium\":\"1-3\"},\"children\":[{\"type\":\"image\",\"props\":{\"image\":\"wp-content\\\/uploads\\\/2025\\\/11\\\/KaiserFarmHouse-Aperitivo-1.jpg\",\"image_border\":\"rounded\",\"image_box_shadow\":\"large\",\"image_svg_color\":\"emphasis\",\"margin\":\"default\"}}]},{\"type\":\"column\",\"props\":{\"image_position\":\"center-center\",\"position_sticky_breakpoint\":\"m\",\"width_medium\":\"1-3\"},\"children\":[{\"type\":\"image\",\"props\":{\"image\":\"wp-content\\\/uploads\\\/2025\\\/11\\\/KaiserFarmHouse-Aperitivo-2.jpg\",\"image_border\":\"rounded\",\"image_box_shadow\":\"large\",\"image_svg_color\":\"emphasis\",\"margin\":\"default\"}}]},{\"type\":\"column\",\"props\":{\"image_position\":\"center-center\",\"position_sticky_breakpoint\":\"m\",\"width_medium\":\"1-3\"},\"children\":[{\"type\":\"image\",\"props\":{\"image\":\"wp-content\\\/uploads\\\/2025\\\/11\\\/KaiserFarmHouse-Aperitivo-3.jpg\",\"image_border\":\"rounded\",\"image_box_shadow\":\"large\",\"image_svg_color\":\"emphasis\",\"margin\":\"default\"}}]}]},{\"type\":\"row\",\"children\":[{\"type\":\"column\",\"props\":{\"image_position\":\"center-center\",\"position_sticky_breakpoint\":\"m\"},\"children\":[{\"type\":\"text\",\"props\":{\"block_align\":\"center\",\"column_breakpoint\":\"m\",\"content\":\"\n\n<p>\\nDeliziati con una selezione di antipasti vegetariani, preparati con ingredienti freschi e di stagione, capaci di esprimere i sapori pi\\u00f9 autentici della natura.\\n<\\\/p>\\n\\n\n\n<p>\\nVerdure croccanti, creme gourmet e formaggi locali si incontrano in un equilibrio di gusto essenziale e raffinato.\\n<\\\/p>\\n\\n\n\n<p>\\nL\\u2019esperienza \\u00e8 accompagnata da un drink a scelta, incluso, da selezionare tra un calice di vino biologico del territorio o un drink d\\u2019autore, realizzato con una selezione di distillerie agricole d\\u2019eccellenza.\\n<\\\/p>\\n\\n\n\n<p>\\nUn momento da vivere e condividere, immersi nella bellezza e nella quiete di Kaiser Farmhouse.\\n<\\\/p>\",\"margin\":\"\",\"maxwidth\":\"2xlarge\",\"text_align\":\"center\",\"text_style\":\"large\"}},{\"type\":\"headline\",\"props\":{\"content\":\"Men\\u00f9 Aperitivo\",\"margin\":\"large\",\"margin_remove_bottom\":true,\"margin_remove_top\":false,\"text_align\":\"center\",\"title_element\":\"h1\",\"title_font_family\":\"tertiary\",\"title_style\":\"h1\"}},{\"type\":\"headline\",\"props\":{\"content\":\"Drink &amp; Food \\u2013 4 ricette gourmet<br \\\/>11:00\\u201314:30 \\\/ 17:00\\u201321:00 | \\u20ac45\",\"margin_remove_top\":false,\"text_align\":\"center\",\"title_color\":\"success\",\"title_element\":\"h1\",\"title_style\":\"h4\"}},{\"type\":\"description_list\",\"props\":{\"column_breakpoint\":\"m\",\"content_style\":\"text-large\",\"layout\":\"stacked\",\"list_element\":\"ul\",\"list_size\":\"large\",\"list_style\":\"divider\",\"margin\":\"medium\",\"meta_align\":\"bottom\",\"meta_color\":\"primary\",\"meta_style\":\"text-large\",\"show_content\":true,\"show_link\":true,\"show_meta\":true,\"show_title\":true,\"text_align\":\"center\",\"title_color\":\"success\",\"title_element\":\"div\",\"title_grid_column_gap\":\"small\",\"title_grid_row_gap\":\"small\",\"title_grid_width\":\"auto\",\"title_leader\":true,\"title_style\":\"h4\"},\"children\":[{\"type\":\"description_list_item\",\"props\":{\"content\":\"\n\n<p>di verdure fermentate<\\\/p>\",\"meta\":\"\",\"title\":\"FANTASIA\"}},{\"type\":\"description_list_item\",\"props\":{\"content\":\"\n\n<p>in agrodolce<\\\/p>\",\"meta\":\"\",\"status\":\"disabled\",\"title\":\"Cipolle rosse\"}},{\"type\":\"description_list_item\",\"props\":{\"content\":\"\n\n<p>Olio evo Palude delle volpi<\\\/p>\",\"meta\":\"\",\"title\":\"DEGUSTAZIONE\"}},{\"type\":\"description_list_item\",\"props\":{\"content\":\"\n\n<p>con hummus di ceci e zucca<\\\/p>\",\"meta\":\"\",\"title\":\"CRUDIT\\u00c8 DI VERDURE\"}},{\"type\":\"description_list_item\",\"props\":{\"content\":\"di melanzane\",\"meta\":\"\",\"title\":\"BABAGANOUSH\"}},{\"type\":\"description_list_item\",\"props\":{\"content\":\"di zucchine\",\"meta\":\"\",\"title\":\"MUTABBAL \"}},{\"type\":\"description_list_item\",\"props\":{\"content\":\"vegan\",\"meta\":\"\",\"title\":\"INSALATA RUSSA\"}},{\"type\":\"description_list_item\",\"props\":{\"content\":\"\n\n<p>con dadolata di verdure dell\\u2019orto<\\\/p>\",\"meta\":\"\",\"title\":\"RISO ROSSO\"}},{\"type\":\"description_list_item\",\"props\":{\"content\":\"\n\n<p>con dadolata di verdure dell\\u2019orto<\\\/p>\",\"meta\":\"\",\"title\":\"ORZOTTO \"}},{\"type\":\"description_list_item\",\"props\":{\"content\":\"\n\n<p>calde di stagione<\\\/p>\",\"meta\":\"\",\"title\":\"ZUPPETTE \"}},{\"type\":\"description_list_item\",\"props\":{\"content\":\"\n\n<p>del nostro oliveto<\\\/p>\",\"meta\":\"\",\"title\":\"OLIVE \"}},{\"type\":\"description_list_item\",\"props\":{\"content\":\"\n\n<p>in friggitrice ad aria<\\\/p>\",\"meta\":\"\",\"title\":\"PATATE NOVELLE \"}},{\"type\":\"description_list_item\",\"props\":{\"content\":\"\n\n<p>con crema di topinambur<\\\/p>\",\"meta\":\"\",\"status\":\"disabled\",\"title\":\"Sfogliatine \"}},{\"type\":\"description_list_item\",\"props\":{\"content\":\"\n\n<p>con crema di rapa rossa<\\\/p>\",\"meta\":\"\",\"status\":\"disabled\",\"title\":\"Sfogliatine \"}},{\"type\":\"description_list_item\",\"props\":{\"content\":\"\n\n<p>con olio e rosmarino<\\\/p>\",\"meta\":\"\",\"title\":\"SCROCCHIARELLA GOURMET\"}},{\"type\":\"description_list_item\",\"props\":{\"content\":\"\n\n<p>con pomodoro e ricotta salata<\\\/p>\",\"meta\":\"\",\"title\":\"PIZZETTE \"}},{\"type\":\"description_list_item\",\"props\":{\"content\":\"\n\n<p>d\\u2019Alpeggio con pere Madernassa e composta di cipolle caramellate<\\\/p>\",\"meta\":\"\",\"title\":\"FORMAGGI \"}},{\"type\":\"description_list_item\",\"props\":{\"content\":\"\n\n<p>\\nVino<br \\\/>\\nGin<br \\\/>\\nVermouth<br \\\/>\\nNegroni<br \\\/>\\nAmericano<br \\\/>\\nBitter<br \\\/>\\nBloody Mary con succo di pomodoro fresco<br \\\/>\\nBirre gourmet<br \\\/>\\nKombucha<br \\\/>\\nCentrifughe di frutta e verdura<br \\\/>\\nAnalcolici della casa\\n<\\\/p>\",\"meta\":\"\",\"title\":\"BEVANDA A SCELTA INCLUSA\"}}]}]}]}]},{\"type\":\"section\",\"props\":{\"image_position\":\"center-center\",\"style\":\"default\",\"title_breakpoint\":\"xl\",\"title_position\":\"top-left\",\"title_rotation\":\"left\",\"vertical_align\":\"middle\",\"width\":\"default\"},\"children\":[{\"type\":\"row\",\"children\":[{\"type\":\"column\",\"props\":{\"image_position\":\"center-center\",\"position_sticky_breakpoint\":\"m\"},\"children\":[{\"type\":\"button\",\"props\":{\"fullwidth\":true,\"grid_column_gap\":\"small\",\"grid_row_gap\":\"small\",\"margin\":\"default\",\"text_align\":\"center\"},\"children\":[{\"type\":\"button_item\",\"props\":{\"button_style\":\"secondary\",\"content\":\"Prenota\",\"dialog_layout\":\"modal\",\"dialog_offcanvas_flip\":true,\"icon_align\":\"left\",\"link\":\"https:\\\/\\\/kaiser-farm.resos.com\\\/booking\",\"link_target\":\"blank\"}},{\"type\":\"button_item\",\"props\":{\"button_style\":\"secondary\",\"content\":\"Regala un'esperienza\",\"dialog_layout\":\"modal\",\"dialog_offcanvas_flip\":true,\"icon_align\":\"left\",\"link\":\"regala-un-esperienza\\\/\"}}],\"name\":\"bottone per menu\"},{\"type\":\"divider\",\"props\":{\"divider_element\":\"hr\"}},{\"type\":\"text\",\"props\":{\"column_breakpoint\":\"m\",\"content\":\"\n\n<div class=\\\"vc_row wpb_row vc_row-fluid\\\">\\n\n\n<div class=\\\"wpb_column vc_column_container vc_col-sm-8\\\">\\n\n\n<div class=\\\"vc_column-inner\\\">\\n\n\n<div class=\\\"wpb_wrapper\\\">\\n\n\n<div class=\\\"wpb_text_column wpb_content_element\\\">\\n\n\n<div class=\\\"wpb_wrapper\\\">\\n\n\n<p><strong>Alcune indicazioni utili<\\\/strong>:<\\\/p>\\n\n\n<ul>\\n\n\n<li>I menu degustativi possono subire delle variazioni in base alla disponibilit\\u00e0 dei prodotti e nel rispetto della stagionalit\\u00e0.<\\\/li>\\n\n\n<li>In presenza di allergie e\\\/o intolleranze alimentari, si rivolga al nostro personale, che provveder\\u00e0 a fornirle informazioni adeguate sui nostri cibi e bevande.<\\\/li>\\n\n\n<li>La nostra struttura \\u00e8 pensata per offrire un ambiente di totale tranquillit\\u00e0 e serenit\\u00e0, in cui cerchiamo di rispettare il riposo e la quiete degli altri ospiti. Per queste ragioni, non siamo in grado di accogliere famiglie con bambini al di sotto dei quattro anni.<\\\/li>\\n\n\n<li>Confidiamo nella Vostra discrezione per l\\u2019utilizzo di telefoni cellulari.<\\\/li>\\n\n\n<li>Ricordiamo che non e\\u0300 permesso fumare ad eccetto della sigaretta elettronica.<\\\/li>\\n\n\n<li>Sono permessi solo i cani di piccola taglia tenuti al guinzaglio.<\\\/li>\\n\n\n<li>Per la vostra sicurezza e il benessere dei nostri animali, vi preghiamo di non avvicinarvi e di non dare loro da mangiare.<\\\/li>\\n<\\\/ul>\\n<\\\/div>\\n<\\\/div>\\n<\\\/div>\\n<\\\/div>\\n<\\\/div>\\n\n\n<div class=\\\"wpb_column vc_column_container vc_col-sm-2\\\">\\n\n\n<div class=\\\"vc_column-inner\\\">\\n\n\n<div class=\\\"wpb_wrapper\\\"><\\\/div>\\n<\\\/div>\\n<\\\/div>\\n<\\\/div>\\n\n\n<div class=\\\"vc_row wpb_row vc_row-fluid\\\">\\n\n\n<div class=\\\"wpb_column vc_column_container vc_col-sm-12\\\">\\n\n\n<div class=\\\"vc_column-inner\\\">\\n\n\n<div class=\\\"wpb_wrapper\\\">\\n\n\n<div class=\\\"vc_separator wpb_content_element vc_separator_align_center vc_sep_width_100 vc_sep_border_width_10 vc_sep_pos_align_center vc_separator_no_text vc_sep_color_white\\\"><\\\/div>\\n<\\\/div>\\n<\\\/div>\\n<\\\/div>\\n<\\\/div>\",\"margin\":\"default\"}}]}]}]}],\"version\":\"4.5.32\"} --><\/p>\n","protected":false},"excerpt":{"rendered":"<p>Deliziati con una selezione di antipasti vegetariani, preparati con ingredienti freschi e di stagione, capaci di esprimere i sapori pi\u00f9 autentici della natura. Verdure croccanti, creme gourmet e formaggi locali si incontrano in un equilibrio di gusto essenziale e raffinato. L\u2019esperienza \u00e8 accompagnata da un drink a scelta, incluso, da selezionare tra un calice di [&hellip;]<\/p>\n","protected":false},"author":1,"featured_media":0,"parent":0,"menu_order":0,"comment_status":"closed","ping_status":"closed","template":"","meta":{"_acf_changed":false,"footnotes":""},"class_list":["post-938","page","type-page","status-publish","hentry"],"acf":[],"_links":{"self":[{"href":"https:\/\/kaiserfarmhouse.com\/en\/wp-json\/wp\/v2\/pages\/938","targetHints":{"allow":["GET"]}}],"collection":[{"href":"https:\/\/kaiserfarmhouse.com\/en\/wp-json\/wp\/v2\/pages"}],"about":[{"href":"https:\/\/kaiserfarmhouse.com\/en\/wp-json\/wp\/v2\/types\/page"}],"author":[{"embeddable":true,"href":"https:\/\/kaiserfarmhouse.com\/en\/wp-json\/wp\/v2\/users\/1"}],"replies":[{"embeddable":true,"href":"https:\/\/kaiserfarmhouse.com\/en\/wp-json\/wp\/v2\/comments?post=938"}],"version-history":[{"count":68,"href":"https:\/\/kaiserfarmhouse.com\/en\/wp-json\/wp\/v2\/pages\/938\/revisions"}],"predecessor-version":[{"id":1650,"href":"https:\/\/kaiserfarmhouse.com\/en\/wp-json\/wp\/v2\/pages\/938\/revisions\/1650"}],"wp:attachment":[{"href":"https:\/\/kaiserfarmhouse.com\/en\/wp-json\/wp\/v2\/media?parent=938"}],"curies":[{"name":"wp","href":"https:\/\/api.w.org\/{rel}","templated":true}]}}