{"id":318,"date":"2025-11-11T21:35:34","date_gmt":"2025-11-11T21:35:34","guid":{"rendered":"https:\/\/youseeme.plus\/kaiser\/?post_type=product&#038;p=318"},"modified":"2026-01-11T14:09:27","modified_gmt":"2026-01-11T14:09:27","slug":"compote-dabricots-bio-sans-sucre-ajoute","status":"publish","type":"product","link":"https:\/\/kaiserfarmhouse.com\/fr\/prodotto\/composta-biologica-di-albicocche-senza-zuccheri-aggiunti\/","title":{"rendered":"Compote d'abricots bio<\/br>Sans sucre ajout\u00e9"},"content":{"rendered":"<div id=\"wd-642d300409971\" class=\"title-wrapper wd-wpb wd-set-mb reset-last-child wd-rs-642d300409971 wd-title-color-default wd-title-style-default text-left wd-underline-colored\">\n<div class=\"liner-continer\">\n<h4 class=\"woodmart-title-container title wd-font-weight- wd-fontsize-l\">LE FRUIT D'\u00c9T\u00c9 PAR EXCELLENCE<\/h4>\n<\/div>\n<\/div>\n<div id=\"wd-646f76ef39ec4\" class=\"wd-text-block wd-wpb reset-last-child wd-rs-646f76ef39ec4 text-left vc_custom_1685026593348\">\n<p>Les abricots sont des fruits d'\u00e9t\u00e9 riches en eau, en micronutriments et en fibres.<br \/>\nIl s'agit notamment de\u00a0<strong>carot\u00e9no\u00efdes, vitamines A et C<\/strong>.<br \/>\nGr\u00e2ce \u00e0 leur apport en vitamines, les abricots contribuent \u00e0 renforcer le syst\u00e8me immunitaire et \u00e0 am\u00e9liorer la sant\u00e9 du syst\u00e8me cardiovasculaire et du m\u00e9tabolisme.<br \/>\nIls sont \u00e9galement bons pour la vue, la digestion et la r\u00e9gularit\u00e9 intestinale.<br \/>\nLa forte pr\u00e9sence de min\u00e9raux tels que\u00a0<strong>potassium, phosphore, sodium, fer et calcium<\/strong>\u00a0en fait un soutien pr\u00e9cieux en cas d'an\u00e9mie, d'\u00e9puisement, de convalescence ; le potassium en particulier favorise \u00e9galement l'activit\u00e9 physique pendant les mois d'\u00e9t\u00e9.<br \/>\nL'apport \u00e9nerg\u00e9tique, provenant principalement des glucides simples, est l'un des plus faibles de toute la cat\u00e9gorie.<\/p>\n<\/div>","protected":false},"excerpt":{"rendered":"<p>Vous voulez ouvrir un bocal et go\u00fbter la v\u00e9ritable saveur naturelle des abricots fra\u00eechement cueillis ? Elle a une saveur naturelle tr\u00e8s intense et l\u00e9g\u00e8rement acidul\u00e9e, o\u00f9 l'absence de sucre ajout\u00e9 ne couvre pas le vrai go\u00fbt du fruit utilis\u00e9.<br \/>\nD\u00e9licieux \u00e9tal\u00e9 sur du pain au petit d\u00e9jeuner, on peut l'ajouter \u00e0 la p\u00e2te crue d'un g\u00e2teau au chocolat ou d'un plumcake. Nous pouvons parfumer une panna cotta ou l'\u00e9taler sur une tarte aux fruits. C'est notre imagination et notre gourmandise qui cr\u00e9eront de nouvelles et agr\u00e9ables combinaisons et fusions de saveurs.<\/p>","protected":false},"featured_media":612,"template":"","meta":{"_acf_changed":false},"product_brand":[],"product_cat":[17,40],"product_tag":[35],"class_list":{"0":"post-318","1":"product","2":"type-product","3":"status-publish","4":"has-post-thumbnail","6":"product_cat-le-composte-di-frutta","7":"product_cat-pacco","8":"product_tag-composte","10":"first","11":"instock","12":"shipping-taxable","13":"purchasable","14":"product-type-simple"},"acf":[],"_links":{"self":[{"href":"https:\/\/kaiserfarmhouse.com\/fr\/wp-json\/wp\/v2\/product\/318","targetHints":{"allow":["GET"]}}],"collection":[{"href":"https:\/\/kaiserfarmhouse.com\/fr\/wp-json\/wp\/v2\/product"}],"about":[{"href":"https:\/\/kaiserfarmhouse.com\/fr\/wp-json\/wp\/v2\/types\/product"}],"wp:featuredmedia":[{"embeddable":true,"href":"https:\/\/kaiserfarmhouse.com\/fr\/wp-json\/wp\/v2\/media\/612"}],"wp:attachment":[{"href":"https:\/\/kaiserfarmhouse.com\/fr\/wp-json\/wp\/v2\/media?parent=318"}],"wp:term":[{"taxonomy":"product_brand","embeddable":true,"href":"https:\/\/kaiserfarmhouse.com\/fr\/wp-json\/wp\/v2\/product_brand?post=318"},{"taxonomy":"product_cat","embeddable":true,"href":"https:\/\/kaiserfarmhouse.com\/fr\/wp-json\/wp\/v2\/product_cat?post=318"},{"taxonomy":"product_tag","embeddable":true,"href":"https:\/\/kaiserfarmhouse.com\/fr\/wp-json\/wp\/v2\/product_tag?post=318"}],"curies":[{"name":"wp","href":"https:\/\/api.w.org\/{rel}","templated":true}]}}