{"id":324,"date":"2025-11-11T21:58:44","date_gmt":"2025-11-11T21:58:44","guid":{"rendered":"https:\/\/youseeme.plus\/kaiser\/?post_type=product&#038;p=324"},"modified":"2025-12-03T16:38:58","modified_gmt":"2025-12-03T16:38:58","slug":"compote-dorange-blonde-bio-sans-sucre-ajoute","status":"publish","type":"product","link":"https:\/\/kaiserfarmhouse.com\/fr\/prodotto\/composta-biologica-di-arance-bionde-senza-zuccheri-aggiunti\/","title":{"rendered":"Compote d'orange blonde bio<\/br>Sans sucre ajout\u00e9"},"content":{"rendered":"<div id=\"wd-642a9b0322a45\" class=\"title-wrapper wd-wpb wd-set-mb reset-last-child wd-rs-642a9b0322a45 wd-title-color-default wd-title-style-default text-left wd-underline-colored\">\n<div class=\"liner-continer\">\n<h4 class=\"woodmart-title-container title wd-font-weight- wd-fontsize-l\">RICHE EN VITAMINE C<\/h4>\n<\/div>\n<\/div>\n<div id=\"wd-642a9a6a4e481\" class=\"wd-text-block wd-wpb reset-last-child wd-rs-642a9a6a4e481 text-left vc_custom_1680513687050\">\n<div class=\"\"><span class=\"hgKElc\"><span class=\"\">Les oranges sont une excellente source de vitamine C.<\/span><\/span><\/div>\n<div class=\"\"><span class=\"hgKElc\"><span class=\"\">Les avantages de cette vitamine pour l'organisme sont nombreux :<\/span><\/span><\/div>\n<ul>\n<li><span class=\"hgKElc\"><span class=\"\">renforce le syst\u00e8me immunitaire contre les virus et les bact\u00e9ries<\/span><\/span><\/li>\n<li><span class=\"hgKElc\"><span class=\"\">pr\u00e9vient les troubles cardiovasculaires<\/span><\/span><\/li>\n<li><span class=\"hgKElc\"><span class=\"\">permet \u00e0 l'organisme de mieux absorber le fer<\/span><\/span><\/li>\n<li><span class=\"hgKElc\"><span class=\"\">a des propri\u00e9t\u00e9s anti-an\u00e9miques<\/span><\/span><\/li>\n<\/ul>\n<div class=\"\"><span class=\"hgKElc\"><span class=\"\">Gr\u00e2ce aux vitamines C et A, les oranges sont une excellente source d'antioxydants naturels, qui contribuent \u00e0 r\u00e9duire les radicaux libres et le stress oxydatif, luttant ainsi contre le vieillissement. Les bioflavono\u00efdes qu'elle contient favorisent la synth\u00e8se du collag\u00e8ne et du tissu conjonctif.<\/span><\/span><\/div>\n<\/div>","protected":false},"excerpt":{"rendered":"<p>Pour notre compote, nous utilisons des oranges cueillies \u00e0 pleine maturit\u00e9, exclusivement de saison et d'excellente qualit\u00e9, issues de cultures biologiques strictement contr\u00f4l\u00e9es.<br \/>\nLes fruits sont ensuite transform\u00e9s \u00e0 la main, sans conservateurs ni sucres ajout\u00e9s, pour obtenir une compote parfaitement naturelle et tout simplement bonne.<br \/>\nLa compote d'orange est excellente seule sur des tranches de pain grill\u00e9 au petit d\u00e9jeuner ou au go\u00fbter, ou avec des g\u00e2teaux, des tartes, des biscuits.<\/p>","protected":false},"featured_media":606,"template":"","meta":{"_acf_changed":false},"product_brand":[],"product_cat":[17],"product_tag":[35],"class_list":{"0":"post-324","1":"product","2":"type-product","3":"status-publish","4":"has-post-thumbnail","6":"product_cat-le-composte-di-frutta","7":"product_tag-composte","9":"first","10":"outofstock","11":"shipping-taxable","12":"purchasable","13":"product-type-simple"},"acf":[],"_links":{"self":[{"href":"https:\/\/kaiserfarmhouse.com\/fr\/wp-json\/wp\/v2\/product\/324","targetHints":{"allow":["GET"]}}],"collection":[{"href":"https:\/\/kaiserfarmhouse.com\/fr\/wp-json\/wp\/v2\/product"}],"about":[{"href":"https:\/\/kaiserfarmhouse.com\/fr\/wp-json\/wp\/v2\/types\/product"}],"wp:featuredmedia":[{"embeddable":true,"href":"https:\/\/kaiserfarmhouse.com\/fr\/wp-json\/wp\/v2\/media\/606"}],"wp:attachment":[{"href":"https:\/\/kaiserfarmhouse.com\/fr\/wp-json\/wp\/v2\/media?parent=324"}],"wp:term":[{"taxonomy":"product_brand","embeddable":true,"href":"https:\/\/kaiserfarmhouse.com\/fr\/wp-json\/wp\/v2\/product_brand?post=324"},{"taxonomy":"product_cat","embeddable":true,"href":"https:\/\/kaiserfarmhouse.com\/fr\/wp-json\/wp\/v2\/product_cat?post=324"},{"taxonomy":"product_tag","embeddable":true,"href":"https:\/\/kaiserfarmhouse.com\/fr\/wp-json\/wp\/v2\/product_tag?post=324"}],"curies":[{"name":"wp","href":"https:\/\/api.w.org\/{rel}","templated":true}]}}