{"id":325,"date":"2025-11-11T21:59:54","date_gmt":"2025-11-11T21:59:54","guid":{"rendered":"https:\/\/youseeme.plus\/kaiser\/?post_type=product&#038;p=325"},"modified":"2025-12-03T16:38:48","modified_gmt":"2025-12-03T16:38:48","slug":"compote-de-fraises-bio-sans-sucre-ajoute","status":"publish","type":"product","link":"https:\/\/kaiserfarmhouse.com\/fr\/prodotto\/composta-biologica-di-fragole-senza-zuccheri-aggiunti\/","title":{"rendered":"Compote de fraises bio<\/br>Sans sucre ajout\u00e9"},"content":{"rendered":"<div id=\"wd-64099bb5c2853\" class=\"title-wrapper wd-wpb wd-set-mb reset-last-child wd-rs-64099bb5c2853 wd-title-color-default wd-title-style-default text-left wd-underline-colored\">\n<div class=\"liner-continer\">\n<h4 class=\"woodmart-title-container title wd-font-weight- wd-fontsize-l\">MOINS DE STRESS OXYDATIF<\/h4>\n<\/div>\n<\/div>\n<div id=\"wd-646f7bb0c8cc0\" class=\"wd-text-block wd-wpb reset-last-child wd-rs-646f7bb0c8cc0 text-left vc_custom_1685027885837\">\n<div class=\"\"><span class=\"2phjq\"><span class=\"\">Le<\/span><\/span><span class=\"apple-converted-space\"><span class=\"\">\u00a0<\/span><\/span><span class=\"2phjq\"><span class=\"\">fraises<\/span><\/span><span class=\"apple-converted-space\"><span class=\"\">\u00a0<\/span><\/span><span class=\"2phjq\"><span class=\"\">plus<\/span><\/span><span class=\"apple-converted-space\"><span class=\"\">\u00a0<\/span><\/span><span class=\"2phjq\"><span class=\"\">a<\/span><\/span><span class=\"apple-converted-space\"><span class=\"\">\u00a0<\/span><\/span><span class=\"2phjq\"><span class=\"\">contenir<\/span><\/span><span class=\"apple-converted-space\"><span class=\"\">\u00a0<\/span><\/span><span class=\"2phjq\"><span class=\"\">fibres,<\/span><\/span><span class=\"apple-converted-space\"><span class=\"\">\u00a0<\/span><\/span><span class=\"2phjq\"><span class=\"\">vitamine<\/span><\/span><span class=\"apple-converted-space\"><span class=\"\">\u00a0<\/span><\/span><span class=\"2phjq\"><span class=\"\">C,<\/span><\/span><span class=\"apple-converted-space\"><span class=\"\">\u00a0<\/span><\/span><span class=\"2phjq\"><span class=\"\">folates,<\/span><\/span><span class=\"apple-converted-space\"><span class=\"\">\u00a0<\/span><\/span><span class=\"2phjq\"><span class=\"\">potassium<\/span><\/span><\/div>\n<div class=\"\"><span class=\"2phjq\"><span class=\"\">e<\/span><\/span><span class=\"apple-converted-space\"><span class=\"\">\u00a0<\/span><\/span><span class=\"2phjq\"><span class=\"\">le mangan\u00e8se,<\/span><\/span><span class=\"apple-converted-space\"><span class=\"\">\u00a0<\/span><\/span><span class=\"2phjq\"><span class=\"\">sont<\/span><\/span><span class=\"apple-converted-space\"><span class=\"\">\u00a0<\/span><\/span><span class=\"2phjq\"><span class=\"\">entre<\/span><\/span><span class=\"apple-converted-space\"><span class=\"\">\u00a0<\/span><\/span><span class=\"2phjq\"><span class=\"\">i<\/span><\/span><span class=\"apple-converted-space\"><span class=\"\">\u00a0<\/span><\/span><span class=\"2phjq\"><span class=\"\">fruits<\/span><\/span><span class=\"apple-converted-space\"><span class=\"\">\u00a0<\/span><\/span><span class=\"2phjq\"><span class=\"\">plus<\/span><\/span><span class=\"apple-converted-space\"><span class=\"\">\u00a0<\/span><\/span><span class=\"2phjq\"><span class=\"\">riche<\/span><\/span><span class=\"apple-converted-space\"><span class=\"\">\u00a0<\/span><\/span><span class=\"2phjq\"><span class=\"\">par<\/span><\/span><span class=\"apple-converted-space\"><span class=\"\">\u00a0<\/span><\/span><span class=\"2phjq\"><span class=\"\">des antioxydants,<\/span><\/span><span class=\"apple-converted-space\"><span class=\"\">\u00a0<\/span><\/span><span class=\"2phjq\"><span class=\"\">esp\u00e8ces<\/span><\/span><span class=\"apple-converted-space\"><span class=\"\">\u00a0anthocyanes,<\/span><\/span><span class=\"apple-converted-space\"><span class=\"\">\u00a0<\/span><\/span><span class=\"2phjq\"><span class=\"\">flavono\u00efdes responsables de la couleur rouge, bleue et violette des fleurs, des fruits et des l\u00e9gumes.<\/span><\/span><\/div>\n<div class=\"\"><span class=\"2phjq\"><span class=\"\">Les flavono\u00efdes sont li\u00e9s non seulement \u00e0 un important effet anti-\u00e2ge, mais surtout \u00e0 une meilleure sant\u00e9 cardiovasculaire et \u00e0 une r\u00e9duction significative du stress oxydatif.<\/span><\/span><\/div>\n<div class=\"\"><span class=\"2phjq\"><span class=\"\">En plus d'\u00eatre un fruit \u00e0 faible indice glyc\u00e9mique, la fraise contient des enzymes qui inhibent la digestion des hydrates de carbone, avec un effet hypoglyc\u00e9mique associ\u00e9.<\/span><\/span><\/div>\n<div class=\"\"><span class=\"2phjq\"><span class=\"\">\u00c9vitez d'acheter des fraises hors saison ou provenant de cultures sous serre, car elles peuvent contenir de fortes concentrations de pesticides.<\/span><\/span><\/div>\n<\/div>","protected":false},"excerpt":{"rendered":"<p>Notre compote de fraises est fabriqu\u00e9e avec le fruit 100% comme seul ingr\u00e9dient, ce qui garantit l'absence totale de sucre ajout\u00e9.  Gr\u00e2ce \u00e0 sa formulation sans additifs artificiels et \u00e0 une cuisson sp\u00e9ciale sous vide, elle conserve la saveur authentique et les ar\u00f4mes incomparables des fraises fra\u00eeches. Avec sa couleur rouge vif et sa texture parfaitement \u00e9quilibr\u00e9e, c'est un v\u00e9ritable r\u00e9gal pour les sens.  Avant de l'\u00e9taler sur du pain, offrez-vous le plaisir de la d\u00e9guster.  Parfaite au petit-d\u00e9jeuner pour un coup de fouet matinal ou un en-cas savoureux, son utilisation ne s'arr\u00eate pas l\u00e0. Exp\u00e9rimentez de nouvelles recettes sucr\u00e9es ou utilisez-le pour sucrer et enrichir le yaourt, donnant ainsi une touche magique \u00e0 chaque pr\u00e9paration.<\/p>","protected":false},"featured_media":598,"template":"","meta":{"_acf_changed":false},"product_brand":[],"product_cat":[17],"product_tag":[35],"class_list":{"0":"post-325","1":"product","2":"type-product","3":"status-publish","4":"has-post-thumbnail","6":"product_cat-le-composte-di-frutta","7":"product_tag-composte","9":"first","10":"outofstock","11":"shipping-taxable","12":"purchasable","13":"product-type-simple"},"acf":[],"_links":{"self":[{"href":"https:\/\/kaiserfarmhouse.com\/fr\/wp-json\/wp\/v2\/product\/325","targetHints":{"allow":["GET"]}}],"collection":[{"href":"https:\/\/kaiserfarmhouse.com\/fr\/wp-json\/wp\/v2\/product"}],"about":[{"href":"https:\/\/kaiserfarmhouse.com\/fr\/wp-json\/wp\/v2\/types\/product"}],"wp:featuredmedia":[{"embeddable":true,"href":"https:\/\/kaiserfarmhouse.com\/fr\/wp-json\/wp\/v2\/media\/598"}],"wp:attachment":[{"href":"https:\/\/kaiserfarmhouse.com\/fr\/wp-json\/wp\/v2\/media?parent=325"}],"wp:term":[{"taxonomy":"product_brand","embeddable":true,"href":"https:\/\/kaiserfarmhouse.com\/fr\/wp-json\/wp\/v2\/product_brand?post=325"},{"taxonomy":"product_cat","embeddable":true,"href":"https:\/\/kaiserfarmhouse.com\/fr\/wp-json\/wp\/v2\/product_cat?post=325"},{"taxonomy":"product_tag","embeddable":true,"href":"https:\/\/kaiserfarmhouse.com\/fr\/wp-json\/wp\/v2\/product_tag?post=325"}],"curies":[{"name":"wp","href":"https:\/\/api.w.org\/{rel}","templated":true}]}}