{"id":326,"date":"2025-11-11T22:00:46","date_gmt":"2025-11-11T22:00:46","guid":{"rendered":"https:\/\/youseeme.plus\/kaiser\/?post_type=product&#038;p=326"},"modified":"2025-12-03T16:42:52","modified_gmt":"2025-12-03T16:42:52","slug":"compote-de-poires-williams-bio-sans-sucre-ajoute","status":"publish","type":"product","link":"https:\/\/kaiserfarmhouse.com\/fr\/prodotto\/composta-biologica-di-pere-williams-senza-zuccheri-aggiunti\/","title":{"rendered":"Compote de poires Williams bio<\/br>Sans sucre ajout\u00e9"},"content":{"rendered":"<div id=\"wd-659ff77c29c3e\" class=\"title-wrapper wd-wpb wd-set-mb reset-last-child wd-rs-659ff77c29c3e wd-title-color-default wd-title-style-default text-left wd-underline-colored\">\n<div class=\"liner-continer\">\n<h4 class=\"woodmart-title-container title wd-font-weight- wd-fontsize-l\">FIBRES, VITAMINES et MIN\u00c9RAUX<\/h4>\n<\/div>\n<\/div>\n<div id=\"wd-659ff71aa71f2\" class=\"wd-text-block wd-wpb reset-last-child wd-rs-659ff71aa71f2 text-left vc_custom_1704982347086\">\n<p>La poire est un fruit aux propri\u00e9t\u00e9s nutritionnelles int\u00e9ressantes.<br \/>\nRiche en fibres, en vitamines et en min\u00e9raux, la poire contribue \u00e0 am\u00e9liorer la sant\u00e9 digestive, \u00e0 soutenir le syst\u00e8me immunitaire et \u00e0 favoriser la r\u00e9gularit\u00e9 intestinale. Gr\u00e2ce \u00e0 leur douceur naturelle, les poires fournissent une \u00e9nergie saine, faisant de cette compote non seulement un plaisir pour le palais mais aussi un alli\u00e9 pour votre bien-\u00eatre g\u00e9n\u00e9ral.<\/p>\n<\/div>","protected":false},"excerpt":{"rendered":"<p>Sans sucre ajout\u00e9, cette friandise offre la simplicit\u00e9 d'un seul ingr\u00e9dient : le fruit.<br \/>\nPas d'\u00e9dulcorants, pas d'additifs. Juste la saveur pure de la poire William, mise en pot et pr\u00eate \u00e0 ravir votre palais. Le processus de cuisson \u00e0 basse temp\u00e9rature et la m\u00e9thode sous vide, qui permet d'extraire l'eau sans utiliser de pectine ou d'autres \u00e9paississants, pr\u00e9servent les couleurs, les propri\u00e9t\u00e9s nutritionnelles et l'authenticit\u00e9 du fruit. D\u00e9couvrez l'authenticit\u00e9 des poires italiennes \u00e0 chaque cuiller\u00e9e, un d\u00e9lice pr\u00eat \u00e0 satisfaire vos envies gourmandes.<\/p>","protected":false},"featured_media":593,"template":"","meta":{"_acf_changed":false},"product_brand":[],"product_cat":[17],"product_tag":[],"class_list":{"0":"post-326","1":"product","2":"type-product","3":"status-publish","4":"has-post-thumbnail","6":"product_cat-le-composte-di-frutta","8":"first","9":"outofstock","10":"shipping-taxable","11":"purchasable","12":"product-type-simple"},"acf":[],"_links":{"self":[{"href":"https:\/\/kaiserfarmhouse.com\/fr\/wp-json\/wp\/v2\/product\/326","targetHints":{"allow":["GET"]}}],"collection":[{"href":"https:\/\/kaiserfarmhouse.com\/fr\/wp-json\/wp\/v2\/product"}],"about":[{"href":"https:\/\/kaiserfarmhouse.com\/fr\/wp-json\/wp\/v2\/types\/product"}],"wp:featuredmedia":[{"embeddable":true,"href":"https:\/\/kaiserfarmhouse.com\/fr\/wp-json\/wp\/v2\/media\/593"}],"wp:attachment":[{"href":"https:\/\/kaiserfarmhouse.com\/fr\/wp-json\/wp\/v2\/media?parent=326"}],"wp:term":[{"taxonomy":"product_brand","embeddable":true,"href":"https:\/\/kaiserfarmhouse.com\/fr\/wp-json\/wp\/v2\/product_brand?post=326"},{"taxonomy":"product_cat","embeddable":true,"href":"https:\/\/kaiserfarmhouse.com\/fr\/wp-json\/wp\/v2\/product_cat?post=326"},{"taxonomy":"product_tag","embeddable":true,"href":"https:\/\/kaiserfarmhouse.com\/fr\/wp-json\/wp\/v2\/product_tag?post=326"}],"curies":[{"name":"wp","href":"https:\/\/api.w.org\/{rel}","templated":true}]}}