{"id":327,"date":"2025-11-11T22:02:48","date_gmt":"2025-11-11T22:02:48","guid":{"rendered":"https:\/\/youseeme.plus\/kaiser\/?post_type=product&#038;p=327"},"modified":"2026-01-11T14:09:41","modified_gmt":"2026-01-11T14:09:41","slug":"compote-de-cerises-sans-sucre-ajoute","status":"publish","type":"product","link":"https:\/\/kaiserfarmhouse.com\/fr\/prodotto\/composta-di-ciliegie-senza-zuccheri-aggiunti\/","title":{"rendered":"Compote de cerises<\/br>Sans sucre ajout\u00e9"},"content":{"rendered":"<div id=\"wd-68c286ea2c126\" class=\"title-wrapper wd-wpb wd-set-mb reset-last-child wd-rs-68c286ea2c126 wd-title-color-default wd-title-style-default text-left wd-underline-colored\">\n<div class=\"liner-continer\">\n<h4 class=\"woodmart-title-container title wd-font-weight- wd-fontsize-l\">LE ROUGE DU PRINTEMPS ET DE L'\u00c9T\u00c9<\/h4>\n<\/div>\n<\/div>\n<div id=\"wd-68f8fd5fd0e98\" class=\"wd-text-block wd-wpb reset-last-child wd-rs-68f8fd5fd0e98 text-left vc_custom_1761148272780\">\n<p>Les cerises sont des fruits d'\u00e9t\u00e9 riches en eau, en fibres et en nutriments essentiels.<br \/>\nIl s'agit notamment de la vitamine C, des anthocyanes et des polyph\u00e9nols, de puissants antioxydants naturels qui contribuent \u00e0 prot\u00e9ger les cellules contre le stress oxydatif et \u00e0 soutenir le syst\u00e8me immunitaire.<br \/>\nEn tant que fruit \u00e0 faible indice glyc\u00e9mique (IG 22-25), les cerises ne provoquent pas de pics de glyc\u00e9mie importants, ce qui en fait un choix id\u00e9al pour les personnes atteintes de diab\u00e8te ou celles qui souhaitent contr\u00f4ler leur glyc\u00e9mie sans sacrifier le go\u00fbt.<br \/>\nLes min\u00e9raux tels que le potassium, le magn\u00e9sium et le fer contribuent \u00e0 r\u00e9duire la fatigue, \u00e0 soutenir l'activit\u00e9 physique et \u00e0 maintenir le corps et les muscles actifs et toniques.<\/p>\n<\/div>","protected":false},"excerpt":{"rendered":"<p>Chaque pot contient l'essence des cerises les plus juteuses, cueillies au bon moment pour en pr\u00e9server toute l'intensit\u00e9 et le caract\u00e8re. Notre compote, sans sucre ajout\u00e9 et tr\u00e8s concentr\u00e9e en fruits (211 g pour 100 g de produit), exprime la v\u00e9ritable saveur de la cerise, douce mais vive. Id\u00e9ale \u00e0 d\u00e9guster sur du pain, pour agr\u00e9menter g\u00e2teaux et desserts, ou pour surprendre avec des combinaisons cr\u00e9atives qui mettent en valeur la puret\u00e9 du fruit.<\/p>","protected":false},"featured_media":582,"template":"","meta":{"_acf_changed":false},"product_brand":[],"product_cat":[17,40],"product_tag":[35],"class_list":{"0":"post-327","1":"product","2":"type-product","3":"status-publish","4":"has-post-thumbnail","6":"product_cat-le-composte-di-frutta","7":"product_cat-pacco","8":"product_tag-composte","10":"first","11":"instock","12":"shipping-taxable","13":"purchasable","14":"product-type-simple"},"acf":[],"_links":{"self":[{"href":"https:\/\/kaiserfarmhouse.com\/fr\/wp-json\/wp\/v2\/product\/327","targetHints":{"allow":["GET"]}}],"collection":[{"href":"https:\/\/kaiserfarmhouse.com\/fr\/wp-json\/wp\/v2\/product"}],"about":[{"href":"https:\/\/kaiserfarmhouse.com\/fr\/wp-json\/wp\/v2\/types\/product"}],"wp:featuredmedia":[{"embeddable":true,"href":"https:\/\/kaiserfarmhouse.com\/fr\/wp-json\/wp\/v2\/media\/582"}],"wp:attachment":[{"href":"https:\/\/kaiserfarmhouse.com\/fr\/wp-json\/wp\/v2\/media?parent=327"}],"wp:term":[{"taxonomy":"product_brand","embeddable":true,"href":"https:\/\/kaiserfarmhouse.com\/fr\/wp-json\/wp\/v2\/product_brand?post=327"},{"taxonomy":"product_cat","embeddable":true,"href":"https:\/\/kaiserfarmhouse.com\/fr\/wp-json\/wp\/v2\/product_cat?post=327"},{"taxonomy":"product_tag","embeddable":true,"href":"https:\/\/kaiserfarmhouse.com\/fr\/wp-json\/wp\/v2\/product_tag?post=327"}],"curies":[{"name":"wp","href":"https:\/\/api.w.org\/{rel}","templated":true}]}}