{"id":329,"date":"2025-11-11T22:05:53","date_gmt":"2025-11-11T22:05:53","guid":{"rendered":"https:\/\/youseeme.plus\/kaiser\/?post_type=product&#038;p=329"},"modified":"2026-04-01T10:01:37","modified_gmt":"2026-04-01T10:01:37","slug":"cerises-dans-le-muscat","status":"publish","type":"product","link":"https:\/\/kaiserfarmhouse.com\/fr\/prodotto\/ciliegie-in-moscato\/","title":{"rendered":"Cerises au muscat"},"content":{"rendered":"<div id=\"wd-6474ac8cdd95d\" class=\"title-wrapper wd-wpb wd-set-mb reset-last-child wd-rs-6474ac8cdd95d wd-title-color-default wd-title-style-default text-left wd-underline-colored\">\n<div class=\"liner-continer\">\n<h4 class=\"woodmart-title-container title wd-font-weight- wd-fontsize-l\">DU FRUIT AU P\u00c9DONCULE<\/h4>\n<\/div>\n<\/div>\n<div id=\"wd-6474ce5057d74\" class=\"wd-text-block wd-wpb reset-last-child wd-rs-6474ce5057d74 text-left vc_custom_1685376622213\">\n<p>Les cerises ne sont pas seulement bonnes, elles ont aussi plusieurs propri\u00e9t\u00e9s b\u00e9n\u00e9fiques. C'est un fruit qui met l'eau \u00e0 la bouche, mais aussi\u00a0<strong>ami de la ligne<\/strong>100 g ne contiennent que 38 kcal. Ils contiennent de bonnes doses de\u00a0<strong>m\u00e9latonine<\/strong>\u00a0qui vous aide \u00e0 mieux vous reposer et \u00e0 lutter contre l'insomnie<strong>. Ils augmentent la sensation de sati\u00e9t\u00e9<\/strong>\u00a0et sont donc un fruit id\u00e9al pour couper la faim en raison de leur qualit\u00e9.\u00a0<strong>faible indice glyc\u00e9mique<\/strong>.<br \/>\nEn outre, les\u00a0<strong>fibres et acide malique<\/strong>\u00a0le contenu,\u00a0<strong>aider l'intestin \u00e0 mieux fonctionner<\/strong>\u00a0et r\u00e9gulariser les fonctions digestives.<br \/>\nLes cerises sont riches en\u00a0<strong>anthocyanes<\/strong>\u00a0qui donnent au fruit son aspect caract\u00e9ristique.\u00a0<strong>couleur rouge vif<\/strong>\u00a0et ont une forte activit\u00e9 anti-inflammatoire. Elles contiennent \u00e9galement de la vitamine C et A, de l'acide folique, du calcium, du potassium, du magn\u00e9sium, du phosphore et des flavono\u00efdes, substances importantes dans la lutte contre les radicaux libres.<br \/>\nLes vertus ne sont pas moins importantes\u00a0<strong>d\u00e9puratif<\/strong>\u00a0e\u00a0<strong>diur\u00e9tiques<\/strong>\u00a0qui sont contenus dans le fruit, mais surtout dans les\u00a0<strong>p\u00e9doncule<\/strong>. Ce dernier peut \u00e9galement \u00eatre utilis\u00e9 pour pr\u00e9parer une d\u00e9coction de d\u00e9sintoxication.<br \/>\nAvec la\u00a0<strong>noyaux de cerises<\/strong>\u00a0vous pouvez remplir un\u00a0<strong>coussin<\/strong>, \u00e0 utiliser chaud pour les douleurs musculaires et froid pour les ecchymoses.<\/p>\n<\/div>","protected":false},"excerpt":{"rendered":"<p>Une pr\u00e9paration tr\u00e8s ancienne qui s'est r\u00e9pandue au fil du temps, surtout dans les r\u00e9gions o\u00f9 les cerises sont les plus cultiv\u00e9es, oubli\u00e9e par beaucoup mais en r\u00e9alit\u00e9 vraiment exquise : un d\u00e9lice authentique, pris\u00e9 et irr\u00e9sistible qui ne peut manquer dans le garde-manger.<br \/>\nLes cerises doivent \u00eatre cueillies au bon moment car elles doivent \u00eatre fermes, m\u00fbres et parfaitement saines. Apr\u00e8s avoir \u00e9t\u00e9 soigneusement lav\u00e9es, elles sont mises en pot : le sucre naturellement pr\u00e9sent dans le fruit et le peu de sucre de canne ajout\u00e9 avec le vin sont en mesure, gr\u00e2ce \u00e0 l'action de l'huile d'olive et de l'huile d'olive, d'assurer la conservation des cerises et des fruits.\u00a0<strong>les processus de fermentation<\/strong>, conserver les fruits dans le liquide qui se forme, afin qu'ils soient disponibles \u00e0 tout moment de l'ann\u00e9e.<\/p>\n<p>Les cerises sont excellentes consomm\u00e9es seules, parfaites apr\u00e8s le d\u00eener, ou elles peuvent \u00eatre utilis\u00e9es comme ingr\u00e9dient polyvalent dans la pr\u00e9paration de chocolats, de g\u00e2teaux et de desserts \u00e0 la cuill\u00e8re ou pour enrichir une bonne coupe glac\u00e9e.<\/p>","protected":false},"featured_media":575,"template":"","meta":{"_acf_changed":false},"product_brand":[],"product_cat":[18],"product_tag":[34],"class_list":{"0":"post-329","1":"product","2":"type-product","3":"status-publish","4":"has-post-thumbnail","6":"product_cat-la-frutta-in-vaso","7":"product_tag-prodotti-trasformati","9":"first","10":"outofstock","11":"shipping-taxable","12":"purchasable","13":"product-type-simple"},"acf":[],"_links":{"self":[{"href":"https:\/\/kaiserfarmhouse.com\/fr\/wp-json\/wp\/v2\/product\/329","targetHints":{"allow":["GET"]}}],"collection":[{"href":"https:\/\/kaiserfarmhouse.com\/fr\/wp-json\/wp\/v2\/product"}],"about":[{"href":"https:\/\/kaiserfarmhouse.com\/fr\/wp-json\/wp\/v2\/types\/product"}],"wp:featuredmedia":[{"embeddable":true,"href":"https:\/\/kaiserfarmhouse.com\/fr\/wp-json\/wp\/v2\/media\/575"}],"wp:attachment":[{"href":"https:\/\/kaiserfarmhouse.com\/fr\/wp-json\/wp\/v2\/media?parent=329"}],"wp:term":[{"taxonomy":"product_brand","embeddable":true,"href":"https:\/\/kaiserfarmhouse.com\/fr\/wp-json\/wp\/v2\/product_brand?post=329"},{"taxonomy":"product_cat","embeddable":true,"href":"https:\/\/kaiserfarmhouse.com\/fr\/wp-json\/wp\/v2\/product_cat?post=329"},{"taxonomy":"product_tag","embeddable":true,"href":"https:\/\/kaiserfarmhouse.com\/fr\/wp-json\/wp\/v2\/product_tag?post=329"}],"curies":[{"name":"wp","href":"https:\/\/api.w.org\/{rel}","templated":true}]}}