{"id":331,"date":"2025-11-11T22:12:11","date_gmt":"2025-11-11T22:12:11","guid":{"rendered":"https:\/\/youseeme.plus\/kaiser\/?post_type=product&#038;p=331"},"modified":"2026-04-13T09:22:04","modified_gmt":"2026-04-13T09:22:04","slug":"miel-dacacia","status":"publish","type":"product","link":"https:\/\/kaiserfarmhouse.com\/fr\/prodotto\/miele-di-acacia\/","title":{"rendered":"Miel d'acacia"},"content":{"rendered":"<div id=\"wd-6437bf7f41c7f\" class=\"title-wrapper wd-wpb wd-set-mb reset-last-child wd-rs-6437bf7f41c7f wd-title-color-default wd-title-style-default text-left wd-underline-colored\">\n<div class=\"liner-continer\">\n<h4 class=\"woodmart-title-container title wd-font-weight- wd-fontsize-l\">ANTIBACT\u00c9RIEN, \u00c9NERGISANT NATUREL<\/h4>\n<\/div>\n<\/div>\n<div id=\"wd-6437bf9ddfc4f\" class=\"wd-text-block wd-wpb reset-last-child wd-rs-6437bf9ddfc4f text-left vc_custom_1681375176462\">\n<p>Le miel d'acacia a des effets\u00a0<strong>d\u00e9toxifiants pour le foie<\/strong>, est utile pour contrecarrer\u00a0<strong>acidit\u00e9\u00a0<\/strong><strong>par<\/strong><strong>\u00a0estomac<\/strong>\u00a0et de favoriser l'\u00e9quilibre intestinal. Comme tous les miels, c'est un puissant\u00a0<strong>antibact\u00e9rien<\/strong>\u00a0et est tr\u00e8s utile pour\u00a0<strong>apaiser la toux<\/strong>\u00a0et des maux de gorge.<\/p>\n<p>Le miel d'acacia peut \u00eatre consid\u00e9r\u00e9 comme un\u00a0<strong>\u00e9nergisant naturel<\/strong>\u00a0ainsi que d'\u00eatre un\u00a0<strong>excellente restauration<\/strong>\u00a0tr\u00e8s digeste et une alternative naturelle au sucre pour sucrer les boissons et les aliments.<\/p>\n<p>Contient du dextrose (35%) et de l'eau.\u00a0<em>fructose<\/em>\u00a0(40%), des min\u00e9raux, des vitamines (y compris B2, B3, B5 et B6, C), des folates et des acides amin\u00e9s (glycine, lysine, isoleucine, proline, cystine, leucine, alanine, arginine, tryptophane et tyrosine).<\/p>\n<\/div>","protected":false},"excerpt":{"rendered":"<p>Miel monofloral, produit par nos abeilles vivant \u00e0 proximit\u00e9 des plantes de\u00a0<em>Robinier Psuedoacacia\u00a0<\/em>\u00e0 l'int\u00e9rieur de notre propri\u00e9t\u00e9 et en tirer exclusivement parti.<br \/>\nC'est \u00e0 partir de ses fleurs, pollinis\u00e9es par les abeilles, que l'on obtient ce type de miel au parfum vaguement floral et \u00e0 la saveur sucr\u00e9e et vanill\u00e9e tr\u00e8s caract\u00e9ristique.<br \/>\nLe miel d'acacia est tr\u00e8s clair, presque transparent et de consistance liquide. Son taux de cristallisation est tr\u00e8s faible et il peut rester tr\u00e8s longtemps \u00e0 l'\u00e9tat liquide, en raison de sa concentration \u00e9lev\u00e9e en fructose par rapport au glucose. En revanche, les miels dont le rapport est plus faible ont tendance \u00e0 cristalliser plus rapidement.<\/p>\n<p><strong>Domaine de la collection :<\/strong>\u00a0Villa Viscarda - Parc des Colli di Bergamo<br \/>\nLes ruches sont situ\u00e9es dans les zones bois\u00e9es de notre propri\u00e9t\u00e9, loin des \u00e9missions polluantes intenses. Le miel conserve donc ses caract\u00e9ristiques naturelles, sans aucun traitement. Nous ne nourrissons pas les abeilles avec des substances sucr\u00e9es et nous n'utilisons pas de substances chimiques de synth\u00e8se ni d'antibiotiques.<\/p>","protected":false},"featured_media":521,"template":"","meta":{"_acf_changed":false},"product_brand":[],"product_cat":[19,40],"product_tag":[],"class_list":{"0":"post-331","1":"product","2":"type-product","3":"status-publish","4":"has-post-thumbnail","6":"product_cat-il-miele","7":"product_cat-pacco","9":"first","10":"instock","11":"shipping-taxable","12":"purchasable","13":"product-type-simple"},"acf":[],"_links":{"self":[{"href":"https:\/\/kaiserfarmhouse.com\/fr\/wp-json\/wp\/v2\/product\/331","targetHints":{"allow":["GET"]}}],"collection":[{"href":"https:\/\/kaiserfarmhouse.com\/fr\/wp-json\/wp\/v2\/product"}],"about":[{"href":"https:\/\/kaiserfarmhouse.com\/fr\/wp-json\/wp\/v2\/types\/product"}],"wp:featuredmedia":[{"embeddable":true,"href":"https:\/\/kaiserfarmhouse.com\/fr\/wp-json\/wp\/v2\/media\/521"}],"wp:attachment":[{"href":"https:\/\/kaiserfarmhouse.com\/fr\/wp-json\/wp\/v2\/media?parent=331"}],"wp:term":[{"taxonomy":"product_brand","embeddable":true,"href":"https:\/\/kaiserfarmhouse.com\/fr\/wp-json\/wp\/v2\/product_brand?post=331"},{"taxonomy":"product_cat","embeddable":true,"href":"https:\/\/kaiserfarmhouse.com\/fr\/wp-json\/wp\/v2\/product_cat?post=331"},{"taxonomy":"product_tag","embeddable":true,"href":"https:\/\/kaiserfarmhouse.com\/fr\/wp-json\/wp\/v2\/product_tag?post=331"}],"curies":[{"name":"wp","href":"https:\/\/api.w.org\/{rel}","templated":true}]}}