{"id":333,"date":"2025-11-11T22:18:39","date_gmt":"2025-11-11T22:18:39","guid":{"rendered":"https:\/\/youseeme.plus\/kaiser\/?post_type=product&#038;p=333"},"modified":"2025-12-03T16:43:55","modified_gmt":"2025-12-03T16:43:55","slug":"miel-de-fleurs-sauvages","status":"publish","type":"product","link":"https:\/\/kaiserfarmhouse.com\/fr\/prodotto\/miele-millefiori\/","title":{"rendered":"Miel multi-fleurs"},"content":{"rendered":"<div id=\"wd-646dc20325059\" class=\"title-wrapper wd-wpb wd-set-mb reset-last-child wd-rs-646dc20325059 wd-title-color-default wd-title-style-default text-left wd-underline-colored\">\n<div class=\"liner-continer\">\n<h4 class=\"woodmart-title-container title wd-font-weight- wd-fontsize-l\">UN MILLIER DE NUTRIMENTS<\/h4>\n<\/div>\n<\/div>\n<div id=\"wd-646dcb91b014d\" class=\"wd-text-block wd-wpb reset-last-child wd-rs-646dcb91b014d text-left vc_custom_1684917161098\">\n<p>Le miel de fleurs sauvages est un miel pr\u00e9cieux car il combine en lui-m\u00eame\u00a0<strong>les propri\u00e9t\u00e9s de diff\u00e9rentes plantes.<\/strong><br \/>\nLes nutriments sont donc plus \u00e9lev\u00e9s que dans les autres miels, car ils sont\u00a0<strong>riche en pollen de diff\u00e9rentes sources<\/strong>. Il contient de nombreux\u00a0<strong>min\u00e9raux et antioxydants<\/strong>.<br \/>\nIl s'agit d'un miel\u00a0<strong>id\u00e9al pour les enfants<\/strong>\u00a0en phase de croissance. Les femmes enceintes b\u00e9n\u00e9ficient d'un apport nutritionnel, de m\u00eame que les personnes convalescentes et les personnes \u00e2g\u00e9es.\u00a0<strong>renforce et augmente l'\u00e9nergie physique<\/strong>.<br \/>\nAdjuvant efficace dans le traitement des \u00e9tats grippaux, il contribue \u00e0 calmer la toux et \u00e0 aider les personnes souffrant d'un syndrome grippal.<strong>\u00a0les maladies pulmonaires<\/strong>, \u00eatre \u00e9galement un bon\u00a0<strong>antibact\u00e9rien naturel<\/strong>. Le miel de fleurs sauvages stimule l'intestin et le syst\u00e8me digestif, et est particuli\u00e8rement appr\u00e9ci\u00e9 pour\u00a0<strong>purification du foie\u00a0<\/strong>et d'am\u00e9liorer la circulation.<\/p>\n<\/div>","protected":false},"excerpt":{"rendered":"<p>Le miel multi-fleurs est le produit d'une\u00a0<strong>m\u00e9lange de diff\u00e9rents nectars<\/strong>\u00a0r\u00e9colt\u00e9es par les abeilles au cours de la m\u00eame p\u00e9riode. Chaque m\u00e9lange est unique en fonction de la r\u00e9gion o\u00f9 il a \u00e9t\u00e9 produit, de l'\u00e9poque de l'ann\u00e9e et de la saison. Tous les\u00a0<strong>les variables qui cr\u00e9ent diff\u00e9rentes combinaisons<\/strong>\u00a0dans la relation entre les fleurs et les abeilles, ce qui donne lieu \u00e0 des variations de go\u00fbt uniques.<br \/>\nEn d\u00e9gustant nos millefiori au pied des Prealpi Orobiche, vous entendrez les notes ros\u00e9es du robinier m\u00eal\u00e9es \u00e0 celles du pissenlit, du marron d'Inde et du tr\u00e8fle pr\u00e9dominer.<br \/>\n<span class=\"\">Notre\u00a0<\/span><strong class=\"\">miel de fleurs sauvages<\/strong><span class=\"\">\u00a0est obtenu sans aucune transformation artificielle,\u00a0<b class=\"\">du nectar de la flore sauvage<\/b>, dans le respect absolu des abeilles, de leur bien-\u00eatre et du cycle naturel des produits. Nous avons choisi des abeilles\u00a0<b class=\"\">race autochtone<\/b>\u00a0produire du miel dans un environnement pr\u00e9serv\u00e9, en renon\u00e7ant \u00e0 la production intensive et aux traitements chimiques : nous attendons le temps de la nature et prot\u00e9geons la richesse floristique de notre domaine.<\/span><br class=\"\" \/><span class=\"\">Pour conserver les nutriments intacts et\u00a0<b class=\"\">garantir sa puret\u00e9<\/b>, la chose la plus importante est\u00a0<b class=\"\">le garder \u00e0 l'\u00e9tat brut<\/b>, ou\u00a0<b class=\"\">produit naturellement<\/b>\u00a0et de mani\u00e8re artisanale, avec des abeilles qui\u00a0<b class=\"\">la recherche de nourriture sur diff\u00e9rents types de fleurs<\/b>, et non par le biais d'un processus de m\u00e9lange industriel.\u00a0<\/span><strong class=\"\">miel brut<\/strong><span class=\"\">\u00a0est prise\u00a0<b class=\"\">directement \u00e0 partir du nid d'abeilles\u00a0<\/b>et simplement\u00a0<b class=\"\">filtr\u00e9e et d\u00e9cant\u00e9e<\/b>\u00a0pour \u00e9liminer les traces de cire et les impuret\u00e9s naturelles \u00e9ventuellement pr\u00e9sentes.<\/span><\/p>\n<p><strong>Domaine de la collection :<\/strong>\u00a0Villa Viscarda - Parc des Colli di Bergamo<br \/>\nLes ruches sont situ\u00e9es dans les zones bois\u00e9es de notre propri\u00e9t\u00e9, loin des \u00e9missions polluantes intenses. Le miel conserve donc ses caract\u00e9ristiques naturelles, sans aucun traitement. Nous ne nourrissons pas les abeilles avec des substances sucr\u00e9es et nous n'utilisons pas de substances chimiques de synth\u00e8se ni d'antibiotiques.<\/p>","protected":false},"featured_media":509,"template":"","meta":{"_acf_changed":false},"product_brand":[],"product_cat":[19],"product_tag":[],"class_list":{"0":"post-333","1":"product","2":"type-product","3":"status-publish","4":"has-post-thumbnail","6":"product_cat-il-miele","8":"first","9":"outofstock","10":"shipping-taxable","11":"purchasable","12":"product-type-simple"},"acf":[],"_links":{"self":[{"href":"https:\/\/kaiserfarmhouse.com\/fr\/wp-json\/wp\/v2\/product\/333","targetHints":{"allow":["GET"]}}],"collection":[{"href":"https:\/\/kaiserfarmhouse.com\/fr\/wp-json\/wp\/v2\/product"}],"about":[{"href":"https:\/\/kaiserfarmhouse.com\/fr\/wp-json\/wp\/v2\/types\/product"}],"wp:featuredmedia":[{"embeddable":true,"href":"https:\/\/kaiserfarmhouse.com\/fr\/wp-json\/wp\/v2\/media\/509"}],"wp:attachment":[{"href":"https:\/\/kaiserfarmhouse.com\/fr\/wp-json\/wp\/v2\/media?parent=333"}],"wp:term":[{"taxonomy":"product_brand","embeddable":true,"href":"https:\/\/kaiserfarmhouse.com\/fr\/wp-json\/wp\/v2\/product_brand?post=333"},{"taxonomy":"product_cat","embeddable":true,"href":"https:\/\/kaiserfarmhouse.com\/fr\/wp-json\/wp\/v2\/product_cat?post=333"},{"taxonomy":"product_tag","embeddable":true,"href":"https:\/\/kaiserfarmhouse.com\/fr\/wp-json\/wp\/v2\/product_tag?post=333"}],"curies":[{"name":"wp","href":"https:\/\/api.w.org\/{rel}","templated":true}]}}