{"id":335,"date":"2025-11-11T22:20:33","date_gmt":"2025-11-11T22:20:33","guid":{"rendered":"https:\/\/youseeme.plus\/kaiser\/?post_type=product&#038;p=335"},"modified":"2025-12-03T16:37:19","modified_gmt":"2025-12-03T16:37:19","slug":"oignons-aigre-doux","status":"publish","type":"product","link":"https:\/\/kaiserfarmhouse.com\/fr\/prodotto\/cipolline-agrodolci\/","title":{"rendered":"Oignons aigre-doux"},"content":{"rendered":"<div id=\"wd-642aa7aca101d\" class=\"title-wrapper wd-wpb wd-set-mb reset-last-child wd-rs-642aa7aca101d wd-title-color-default wd-title-style-default text-left wd-underline-colored\">\n<div class=\"liner-continer\">\n<h4 class=\"woodmart-title-container title wd-font-weight- wd-fontsize-l\">D\u00e9sinfectants et diur\u00e9tiques<\/h4>\n<\/div>\n<\/div>\n<div id=\"wd-642aa78119875\" class=\"wd-text-block wd-wpb reset-last-child wd-rs-642aa78119875 text-left vc_custom_1680517031704\">\n<div class=\"\">\n<p>Les oignons nouveaux marin\u00e9s, outre leur saveur unique, sont tr\u00e8s utiles pour les bienfaits qu'ils apportent \u00e0 l'organisme. Ils ont des propri\u00e9t\u00e9s d\u00e9sinfectantes et diur\u00e9tiques remarquables, aident \u00e0 lutter contre la r\u00e9tention d'eau et constituent un excellent rem\u00e8de naturel contre la cystite. Ils contribuent \u00e0 maintenir le taux de cholest\u00e9rol sanguin \u00e0 un niveau bas et la tension art\u00e9rielle sous contr\u00f4le.<\/p>\n<\/div>\n<\/div>","protected":false},"excerpt":{"rendered":"<p>Les oignons doux, blanchis et aromatis\u00e9s au vinaigre, au sucre et au sel, sont un v\u00e9ritable r\u00e9gal pour le palais. Leur texture croquante \u00e0 la premi\u00e8re bouch\u00e9e se marie \u00e0 un c\u0153ur tendre, offrant une exp\u00e9rience gustative tr\u00e8s agr\u00e9able. La douceur d\u00e9licate des oignons nouveaux se marie parfaitement avec les notes aigre-douces de l'assaisonnement, cr\u00e9ant ainsi un \u00e9quilibre parfait entre les saveurs et les textures.<br \/>\nCe d\u00e9lice peut \u00eatre d\u00e9gust\u00e9 en ap\u00e9ritif, mais il est aussi l'ingr\u00e9dient id\u00e9al pour aromatiser les viandes blanches bouillies ou r\u00f4ties, les poissons grill\u00e9s ou les fromages bleus.<br \/>\nNous pouvons \u00e9galement les servir \u00e0 l'ap\u00e9ritif, en les accompagnant de gressins, de craquelins et peut-\u00eatre d'un prosecco ou d'un vin blanc froid.<\/p>","protected":false},"featured_media":485,"template":"","meta":{"_acf_changed":false},"product_brand":[],"product_cat":[20],"product_tag":[34],"class_list":{"0":"post-335","1":"product","2":"type-product","3":"status-publish","4":"has-post-thumbnail","6":"product_cat-le-verdure-in-vaso","7":"product_tag-prodotti-trasformati","9":"first","10":"outofstock","11":"shipping-taxable","12":"purchasable","13":"product-type-simple"},"acf":[],"_links":{"self":[{"href":"https:\/\/kaiserfarmhouse.com\/fr\/wp-json\/wp\/v2\/product\/335","targetHints":{"allow":["GET"]}}],"collection":[{"href":"https:\/\/kaiserfarmhouse.com\/fr\/wp-json\/wp\/v2\/product"}],"about":[{"href":"https:\/\/kaiserfarmhouse.com\/fr\/wp-json\/wp\/v2\/types\/product"}],"wp:featuredmedia":[{"embeddable":true,"href":"https:\/\/kaiserfarmhouse.com\/fr\/wp-json\/wp\/v2\/media\/485"}],"wp:attachment":[{"href":"https:\/\/kaiserfarmhouse.com\/fr\/wp-json\/wp\/v2\/media?parent=335"}],"wp:term":[{"taxonomy":"product_brand","embeddable":true,"href":"https:\/\/kaiserfarmhouse.com\/fr\/wp-json\/wp\/v2\/product_brand?post=335"},{"taxonomy":"product_cat","embeddable":true,"href":"https:\/\/kaiserfarmhouse.com\/fr\/wp-json\/wp\/v2\/product_cat?post=335"},{"taxonomy":"product_tag","embeddable":true,"href":"https:\/\/kaiserfarmhouse.com\/fr\/wp-json\/wp\/v2\/product_tag?post=335"}],"curies":[{"name":"wp","href":"https:\/\/api.w.org\/{rel}","templated":true}]}}