{"id":336,"date":"2025-11-11T22:21:07","date_gmt":"2025-11-11T22:21:07","guid":{"rendered":"https:\/\/youseeme.plus\/kaiser\/?post_type=product&#038;p=336"},"modified":"2026-01-11T14:09:55","modified_gmt":"2026-01-11T14:09:55","slug":"compote-doignons-caramelises","status":"publish","type":"product","link":"https:\/\/kaiserfarmhouse.com\/fr\/prodotto\/composta-di-cipolle-caramellate\/","title":{"rendered":"Compote d'oignons caram\u00e9lis\u00e9s"},"content":{"rendered":"<div id=\"wd-68c28b7992d25\" class=\"title-wrapper wd-wpb wd-set-mb reset-last-child wd-rs-68c28b7992d25 wd-title-color-default wd-title-style-default text-left wd-underline-colored\">\n<div class=\"liner-continer\">\n<h4 class=\"woodmart-title-container title wd-font-weight- wd-fontsize-l\">LE GO\u00dbT SUCR\u00c9 DE LA CUISINE<\/h4>\n<\/div>\n<\/div>\n<div id=\"wd-68fb4a8d6c690\" class=\"wd-text-block wd-wpb reset-last-child wd-rs-68fb4a8d6c690 text-left vc_custom_1761299126695\">\n<p>Toujours consid\u00e9r\u00e9 comme un aliment de valeur, l'oignon contient des compos\u00e9s soufr\u00e9s, des flavono\u00efdes et des antioxydants naturels tels que la querc\u00e9tine, qui contribuent \u00e0 soutenir le syst\u00e8me immunitaire, \u00e0 promouvoir la sant\u00e9 cardiovasculaire et \u00e0 prot\u00e9ger les cellules contre le stress oxydatif.<br \/>\nElles sont \u00e9galement riches en fibres naturelles, utiles \u00e0 la digestion et \u00e0 la r\u00e9gularit\u00e9 intestinale. La pr\u00e9sence de min\u00e9raux tels que le potassium, le calcium et le magn\u00e9sium contribue au bien-\u00eatre g\u00e9n\u00e9ral et au bon fonctionnement du m\u00e9tabolisme.<\/p>\n<\/div>","protected":false},"excerpt":{"rendered":"<p>Une saveur douce et d\u00e9licate, parfaitement \u00e9quilibr\u00e9e. La cuisson lente exalte la douceur naturelle des oignons et les transforme en une cr\u00e8me douce et polyvalente. Id\u00e9ale pour enrichir les fromages, les viandes, les canap\u00e9s ou les plats gastronomiques. Les oignons caram\u00e9lis\u00e9s peuvent rendre n'importe quelle pr\u00e9paration sp\u00e9ciale, laissant place \u00e0 la cr\u00e9ativit\u00e9 en cuisine et \u00e0 des combinaisons de saveurs surprenantes.<\/p>","protected":false},"featured_media":491,"template":"","meta":{"_acf_changed":false},"product_brand":[],"product_cat":[20,40],"product_tag":[],"class_list":{"0":"post-336","1":"product","2":"type-product","3":"status-publish","4":"has-post-thumbnail","6":"product_cat-le-verdure-in-vaso","7":"product_cat-pacco","9":"first","10":"instock","11":"shipping-taxable","12":"purchasable","13":"product-type-simple"},"acf":[],"_links":{"self":[{"href":"https:\/\/kaiserfarmhouse.com\/fr\/wp-json\/wp\/v2\/product\/336","targetHints":{"allow":["GET"]}}],"collection":[{"href":"https:\/\/kaiserfarmhouse.com\/fr\/wp-json\/wp\/v2\/product"}],"about":[{"href":"https:\/\/kaiserfarmhouse.com\/fr\/wp-json\/wp\/v2\/types\/product"}],"wp:featuredmedia":[{"embeddable":true,"href":"https:\/\/kaiserfarmhouse.com\/fr\/wp-json\/wp\/v2\/media\/491"}],"wp:attachment":[{"href":"https:\/\/kaiserfarmhouse.com\/fr\/wp-json\/wp\/v2\/media?parent=336"}],"wp:term":[{"taxonomy":"product_brand","embeddable":true,"href":"https:\/\/kaiserfarmhouse.com\/fr\/wp-json\/wp\/v2\/product_brand?post=336"},{"taxonomy":"product_cat","embeddable":true,"href":"https:\/\/kaiserfarmhouse.com\/fr\/wp-json\/wp\/v2\/product_cat?post=336"},{"taxonomy":"product_tag","embeddable":true,"href":"https:\/\/kaiserfarmhouse.com\/fr\/wp-json\/wp\/v2\/product_tag?post=336"}],"curies":[{"name":"wp","href":"https:\/\/api.w.org\/{rel}","templated":true}]}}