{"id":337,"date":"2025-11-11T22:21:43","date_gmt":"2025-11-11T22:21:43","guid":{"rendered":"https:\/\/youseeme.plus\/kaiser\/?post_type=product&#038;p=337"},"modified":"2026-03-25T19:15:01","modified_gmt":"2026-03-25T19:15:01","slug":"creme-de-navet-rouge-bio","status":"publish","type":"product","link":"https:\/\/kaiserfarmhouse.com\/fr\/prodotto\/crema-di-rapa-rossa-biologica\/","title":{"rendered":"Cr\u00e8me de navet rouge bio"},"content":{"rendered":"<div id=\"wd-65a106675c7b6\" class=\"title-wrapper wd-wpb wd-set-mb reset-last-child wd-rs-65a106675c7b6 wd-title-color-default wd-title-style-default text-left wd-underline-colored\">\n<div class=\"liner-continer\">\n<h4 class=\"woodmart-title-container title wd-font-weight- wd-fontsize-l\">LA RACINE DU BIEN-\u00caTRE DANS VOTRE ASSIETTE !<\/h4>\n<\/div>\n<\/div>\n<div id=\"wd-65a10647d68ed\" class=\"wd-text-block wd-wpb reset-last-child wd-rs-65a10647d68ed text-left vc_custom_1705051748538\">\n<div class=\"\">\n<p>La cr\u00e8me de navet rouge offre une d\u00e9licieuse combinaison de go\u00fbt et de sant\u00e9. Riche en antioxydants et en vitamines, le navet rouge favorise la sant\u00e9 cardiaque, soutient le syst\u00e8me immunitaire et contribue au bien-\u00eatre de la peau. Sa texture velout\u00e9e fait de cette cr\u00e8me une option d\u00e9licieuse pour ceux qui recherchent des aliments de qualit\u00e9 et b\u00e9n\u00e9fiques pour le corps.<\/p>\n<\/div>\n<\/div>","protected":false},"excerpt":{"rendered":"<p>D\u00e9couvrez le raffinement de notre cr\u00e8me de navet rouge, une exp\u00e9rience gastronomique qui met en valeur le naturel. Sa saveur intense et velout\u00e9e capture l'authenticit\u00e9 du navet rouge fra\u00eechement cueilli.<br \/>\nPolyvalente et d\u00e9licieuse, cette cr\u00e8me devient le choix id\u00e9al pour ceux qui appr\u00e9cient les saveurs authentiques sans compromis. Tartinez-la g\u00e9n\u00e9reusement sur des toasts ou des cro\u00fbtons en guise d'ap\u00e9ritif ou d'entr\u00e9e, ou utilisez-la pour enrichir des risottos, des salades et bien d'autres choses encore. Notre cr\u00e8me de navet rouge offre des possibilit\u00e9s culinaires infinies, vous permettant de cr\u00e9er des plats extraordinaires avec une touche d'authenticit\u00e9.<\/p>","protected":false},"featured_media":478,"template":"","meta":{"_acf_changed":false},"product_brand":[],"product_cat":[20],"product_tag":[],"class_list":{"0":"post-337","1":"product","2":"type-product","3":"status-publish","4":"has-post-thumbnail","6":"product_cat-le-verdure-in-vaso","8":"first","9":"outofstock","10":"shipping-taxable","11":"purchasable","12":"product-type-simple"},"acf":[],"_links":{"self":[{"href":"https:\/\/kaiserfarmhouse.com\/fr\/wp-json\/wp\/v2\/product\/337","targetHints":{"allow":["GET"]}}],"collection":[{"href":"https:\/\/kaiserfarmhouse.com\/fr\/wp-json\/wp\/v2\/product"}],"about":[{"href":"https:\/\/kaiserfarmhouse.com\/fr\/wp-json\/wp\/v2\/types\/product"}],"wp:featuredmedia":[{"embeddable":true,"href":"https:\/\/kaiserfarmhouse.com\/fr\/wp-json\/wp\/v2\/media\/478"}],"wp:attachment":[{"href":"https:\/\/kaiserfarmhouse.com\/fr\/wp-json\/wp\/v2\/media?parent=337"}],"wp:term":[{"taxonomy":"product_brand","embeddable":true,"href":"https:\/\/kaiserfarmhouse.com\/fr\/wp-json\/wp\/v2\/product_brand?post=337"},{"taxonomy":"product_cat","embeddable":true,"href":"https:\/\/kaiserfarmhouse.com\/fr\/wp-json\/wp\/v2\/product_cat?post=337"},{"taxonomy":"product_tag","embeddable":true,"href":"https:\/\/kaiserfarmhouse.com\/fr\/wp-json\/wp\/v2\/product_tag?post=337"}],"curies":[{"name":"wp","href":"https:\/\/api.w.org\/{rel}","templated":true}]}}