{"id":338,"date":"2025-11-11T22:22:52","date_gmt":"2025-11-11T22:22:52","guid":{"rendered":"https:\/\/youseeme.plus\/kaiser\/?post_type=product&#038;p=338"},"modified":"2026-03-25T19:14:53","modified_gmt":"2026-03-25T19:14:53","slug":"creme-de-topinambour-bio","status":"publish","type":"product","link":"https:\/\/kaiserfarmhouse.com\/fr\/prodotto\/crema-di-topinambur-biologica\/","title":{"rendered":"Cr\u00e8me de topinambours bio"},"content":{"rendered":"<div id=\"wd-65cb4b8e33c06\" class=\"title-wrapper wd-wpb wd-set-mb reset-last-child wd-rs-65cb4b8e33c06 wd-title-color-default wd-title-style-default text-left wd-underline-colored\">\n<div class=\"liner-continer\">\n<h4 class=\"woodmart-title-container title wd-font-weight- wd-fontsize-l\">ALLI\u00c9 SANT\u00c9 ET ALIMENTATION<\/h4>\n<\/div>\n<\/div>\n<div id=\"wd-65cb4ba38ec16\" class=\"wd-text-block wd-wpb reset-last-child wd-rs-65cb4ba38ec16 text-left vc_custom_1707822013885\">\n<div class=\"\">\n<p>Le topinambour est parfait pour ceux qui veulent perdre du poids et am\u00e9liorer leur sant\u00e9 intestinale.<br \/>\nRiche en fibres alimentaires solubles (inuline), il favorise le d\u00e9veloppement des bifidobact\u00e9ries et des lactobacilles au d\u00e9triment des bact\u00e9ries potentiellement pathog\u00e8nes, exer\u00e7ant une action probiotique et renfor\u00e7ant ainsi l'activit\u00e9 immunostimulante.<br \/>\nEn raison de son faible indice glyc\u00e9mique par rapport \u00e0 d'autres tubercules, il constitue un choix id\u00e9al dans les r\u00e9gimes hypocaloriques, enrichissant l'alimentation de vitamines et de nutriments pr\u00e9cieux.<br \/>\nIl est recommand\u00e9 de boire beaucoup d'eau avant et apr\u00e8s avoir mang\u00e9 du topinambour, car l'inuline pr\u00e9sente dans le topinambour, combin\u00e9e \u00e0 l'eau, g\u00e9n\u00e8re une sensation de sati\u00e9t\u00e9 satisfaisante.<\/p>\n<\/div>\n<\/div>","protected":false},"excerpt":{"rendered":"<p><strong>L\u00e9g\u00e8ret\u00e9, go\u00fbt et bien-\u00eatre<\/strong>\u00a0sont les ma\u00eetres mots de cette cr\u00e8me douce et enveloppante.<br \/>\nLe topinambour, \u00e9galement connu sous le nom de navet allemand ou d'artichaut de J\u00e9rusalem, est originaire des prairies de l'Union europ\u00e9enne.\u00a0<strong>Am\u00e9rique du Nord et Canada<\/strong>\u00a0o\u00f9 elle poussait \u00e0 l'\u00e9tat sauvage, comme c'est le cas aujourd'hui dans nos plaines. Le tubercule ressemble \u00e0 l'artichaut par son go\u00fbt et \u00e0 la pomme de terre par sa texture.\u00a0<strong>riche en propri\u00e9t\u00e9s b\u00e9n\u00e9fiques et pauvre en calories.<\/strong><br \/>\nD\u00e9licieuse et parfum\u00e9e sur des cro\u00fbtons de pain, la cr\u00e8me de ce tubercule convient parfaitement comme condiment pour les p\u00e2tes ou pour enrichir un risotto, le rendant encore plus cr\u00e9meux et savoureux.<\/p>","protected":false},"featured_media":462,"template":"","meta":{"_acf_changed":false},"product_brand":[],"product_cat":[20],"product_tag":[],"class_list":{"0":"post-338","1":"product","2":"type-product","3":"status-publish","4":"has-post-thumbnail","6":"product_cat-le-verdure-in-vaso","8":"first","9":"outofstock","10":"shipping-taxable","11":"purchasable","12":"product-type-simple"},"acf":[],"_links":{"self":[{"href":"https:\/\/kaiserfarmhouse.com\/fr\/wp-json\/wp\/v2\/product\/338","targetHints":{"allow":["GET"]}}],"collection":[{"href":"https:\/\/kaiserfarmhouse.com\/fr\/wp-json\/wp\/v2\/product"}],"about":[{"href":"https:\/\/kaiserfarmhouse.com\/fr\/wp-json\/wp\/v2\/types\/product"}],"wp:featuredmedia":[{"embeddable":true,"href":"https:\/\/kaiserfarmhouse.com\/fr\/wp-json\/wp\/v2\/media\/462"}],"wp:attachment":[{"href":"https:\/\/kaiserfarmhouse.com\/fr\/wp-json\/wp\/v2\/media?parent=338"}],"wp:term":[{"taxonomy":"product_brand","embeddable":true,"href":"https:\/\/kaiserfarmhouse.com\/fr\/wp-json\/wp\/v2\/product_brand?post=338"},{"taxonomy":"product_cat","embeddable":true,"href":"https:\/\/kaiserfarmhouse.com\/fr\/wp-json\/wp\/v2\/product_cat?post=338"},{"taxonomy":"product_tag","embeddable":true,"href":"https:\/\/kaiserfarmhouse.com\/fr\/wp-json\/wp\/v2\/product_tag?post=338"}],"curies":[{"name":"wp","href":"https:\/\/api.w.org\/{rel}","templated":true}]}}