{"id":339,"date":"2025-11-11T22:24:02","date_gmt":"2025-11-11T22:24:02","guid":{"rendered":"https:\/\/youseeme.plus\/kaiser\/?post_type=product&#038;p=339"},"modified":"2026-03-25T19:14:35","modified_gmt":"2026-03-25T19:14:35","slug":"violette-en-pot","status":"publish","type":"product","link":"https:\/\/kaiserfarmhouse.com\/fr\/prodotto\/violetto-in-vaso\/","title":{"rendered":"Violette en pot"},"content":{"rendered":"<div id=\"wd-654d042e3bf8f\" class=\"title-wrapper wd-wpb wd-set-mb reset-last-child wd-rs-654d042e3bf8f wd-title-color-default wd-title-style-default text-left wd-underline-colored\">\n<div class=\"liner-continer\">\n<h4 class=\"woodmart-title-container title wd-font-weight- wd-fontsize-l\">PROT\u00c8GE LE SYST\u00c8ME IMMUNITAIRE<\/h4>\n<\/div>\n<\/div>\n<div id=\"wd-640f3e348cf1b\" class=\"wd-text-block wd-wpb reset-last-child wd-rs-640f3e348cf1b text-left vc_custom_1678720572443\">\n<div class=\"\">\n<p>Le chou, riche en eau et en fibres, est consid\u00e9r\u00e9 comme un aliment nutritionnellement dense en raison de ses propri\u00e9t\u00e9s anti-inflammatoires et de d\u00e9fense du syst\u00e8me immunitaire.<\/p>\n<p>Il s'agit d'un l\u00e9gume tr\u00e8s pr\u00e9cieux en raison de sa teneur importante en antioxydants, en provitamine A, bien sup\u00e9rieure \u00e0 celle des autres vari\u00e9t\u00e9s, et en vitamine C, toujours tr\u00e8s importante en hiver, mais aussi en polyph\u00e9nols, en potassium, en calcium et en phosphore.<\/p>\n<\/div>\n<\/div>","protected":false},"excerpt":{"rendered":"<p>Un accompagnement automnal simple et color\u00e9, blanchi et aromatis\u00e9 avec un m\u00e9lange de vinaigre et une pinc\u00e9e de sucre. Irr\u00e9sistible en ap\u00e9ritif sur des cro\u00fbtons de pain, excellent pour farcir des scones gourmands. La note aigre-douce et la couleur pourpre intense enrichissent les collations l\u00e9g\u00e8res comme les salades compos\u00e9es.<br \/>\nLe chou violet est cultiv\u00e9 sur les terres de notre ferme de mani\u00e8re naturelle et durable.<\/p>","protected":false},"featured_media":456,"template":"","meta":{"_acf_changed":false},"product_brand":[],"product_cat":[20,40],"product_tag":[34],"class_list":{"0":"post-339","1":"product","2":"type-product","3":"status-publish","4":"has-post-thumbnail","6":"product_cat-le-verdure-in-vaso","7":"product_cat-pacco","8":"product_tag-prodotti-trasformati","10":"first","11":"instock","12":"shipping-taxable","13":"purchasable","14":"product-type-simple"},"acf":[],"_links":{"self":[{"href":"https:\/\/kaiserfarmhouse.com\/fr\/wp-json\/wp\/v2\/product\/339","targetHints":{"allow":["GET"]}}],"collection":[{"href":"https:\/\/kaiserfarmhouse.com\/fr\/wp-json\/wp\/v2\/product"}],"about":[{"href":"https:\/\/kaiserfarmhouse.com\/fr\/wp-json\/wp\/v2\/types\/product"}],"wp:featuredmedia":[{"embeddable":true,"href":"https:\/\/kaiserfarmhouse.com\/fr\/wp-json\/wp\/v2\/media\/456"}],"wp:attachment":[{"href":"https:\/\/kaiserfarmhouse.com\/fr\/wp-json\/wp\/v2\/media?parent=339"}],"wp:term":[{"taxonomy":"product_brand","embeddable":true,"href":"https:\/\/kaiserfarmhouse.com\/fr\/wp-json\/wp\/v2\/product_brand?post=339"},{"taxonomy":"product_cat","embeddable":true,"href":"https:\/\/kaiserfarmhouse.com\/fr\/wp-json\/wp\/v2\/product_cat?post=339"},{"taxonomy":"product_tag","embeddable":true,"href":"https:\/\/kaiserfarmhouse.com\/fr\/wp-json\/wp\/v2\/product_tag?post=339"}],"curies":[{"name":"wp","href":"https:\/\/api.w.org\/{rel}","templated":true}]}}