{"id":340,"date":"2025-11-11T22:25:42","date_gmt":"2025-11-11T22:25:42","guid":{"rendered":"https:\/\/youseeme.plus\/kaiser\/?post_type=product&#038;p=340"},"modified":"2025-12-03T16:44:34","modified_gmt":"2025-12-03T16:44:34","slug":"creme-de-legumes","status":"publish","type":"product","link":"https:\/\/kaiserfarmhouse.com\/fr\/prodotto\/vellutata-di-verdure\/","title":{"rendered":"Velout\u00e9 de l\u00e9gumes"},"content":{"rendered":"<div id=\"wd-654d03d252ff6\" class=\"title-wrapper wd-wpb wd-set-mb reset-last-child wd-rs-654d03d252ff6 wd-title-color-default wd-title-style-default text-left wd-underline-colored\">\n<div class=\"liner-continer\">\n<h4 class=\"woodmart-title-container title wd-font-weight- wd-fontsize-l\">BEAUCOUP DE FIBRES POUR L'INTESTIN<\/h4>\n<\/div>\n<\/div>\n<div id=\"wd-641071ac034ea\" class=\"wd-text-block wd-wpb reset-last-child wd-rs-641071ac034ea text-left vc_custom_1678799368645\">\n<p>Les soupes et pur\u00e9es de l\u00e9gumes constituent un repas chaud et rapide qui pr\u00e9sente de nombreux avantages.<\/p>\n<p>Tout d'abord, je suis un tr\u00e8s bon\u00a0<strong>source d'hydratation<\/strong>\u00a0pendant les mois d'hiver, lorsque nous ressentons moins le stimulus de la soif et que nous avons tendance \u00e0 boire moins d'eau.<br \/>\nEn ce qui concerne nos intestins, la quantit\u00e9 \u00e9lev\u00e9e de fibres favorise un bon fonctionnement intestinal.<\/p>\n<p>Ils sont riches en min\u00e9raux et en vitamines et ont un faible apport \u00e9nerg\u00e9tique, fourni principalement par les glucides, suivis par les prot\u00e9ines et les lipides.  Ils ne pr\u00e9sentent pas de contre-indications pour les r\u00e9gimes contre la maladie c\u0153liaque et l'intol\u00e9rance au lactose. Ils font partie des aliments utilis\u00e9s dans les r\u00e9gimes v\u00e9g\u00e9tariens et v\u00e9g\u00e9taliens.<\/p>\n<\/div>","protected":false},"excerpt":{"rendered":"<p>Le velout\u00e9 est toujours une bonne id\u00e9e pour apporter \u00e0 la table un plat savoureux et enveloppant, un vrai r\u00e9gal culinaire v\u00e9g\u00e9tal pour les soir\u00e9es froides, un plat id\u00e9al pour un d\u00eener intime en famille.<br \/>\nSa texture douce et soyeuse invite \u00e0 une bouch\u00e9e cr\u00e9meuse et savoureuse.<br \/>\nNous utilisons uniquement nos l\u00e9gumes frais de saison, riches en min\u00e9raux et en vitamines, et nous les enrichissons d'une petite quantit\u00e9 de farine de pois qui, en plus de sa fonction \u00e9paississante, apporte la bonne quantit\u00e9 de prot\u00e9ines.<br \/>\nR\u00e9chauffer \u00e0 basse temp\u00e9rature et, si l'on souhaite une consistance plus l\u00e9g\u00e8re, ajouter du bouillon de l\u00e9gumes selon le go\u00fbt. L'huile d'olive extra vierge et l'ajout de pain grill\u00e9, de graines ol\u00e9agineuses et\/ou de grains de fruits secs apporteront la touche finale.<\/p>","protected":false},"featured_media":477,"template":"","meta":{"_acf_changed":false},"product_brand":[],"product_cat":[21],"product_tag":[],"class_list":{"0":"post-340","1":"product","2":"type-product","3":"status-publish","4":"has-post-thumbnail","6":"product_cat-le-vellutate","8":"first","9":"outofstock","10":"shipping-taxable","11":"product-type-simple"},"acf":[],"_links":{"self":[{"href":"https:\/\/kaiserfarmhouse.com\/fr\/wp-json\/wp\/v2\/product\/340","targetHints":{"allow":["GET"]}}],"collection":[{"href":"https:\/\/kaiserfarmhouse.com\/fr\/wp-json\/wp\/v2\/product"}],"about":[{"href":"https:\/\/kaiserfarmhouse.com\/fr\/wp-json\/wp\/v2\/types\/product"}],"wp:featuredmedia":[{"embeddable":true,"href":"https:\/\/kaiserfarmhouse.com\/fr\/wp-json\/wp\/v2\/media\/477"}],"wp:attachment":[{"href":"https:\/\/kaiserfarmhouse.com\/fr\/wp-json\/wp\/v2\/media?parent=340"}],"wp:term":[{"taxonomy":"product_brand","embeddable":true,"href":"https:\/\/kaiserfarmhouse.com\/fr\/wp-json\/wp\/v2\/product_brand?post=340"},{"taxonomy":"product_cat","embeddable":true,"href":"https:\/\/kaiserfarmhouse.com\/fr\/wp-json\/wp\/v2\/product_cat?post=340"},{"taxonomy":"product_tag","embeddable":true,"href":"https:\/\/kaiserfarmhouse.com\/fr\/wp-json\/wp\/v2\/product_tag?post=340"}],"curies":[{"name":"wp","href":"https:\/\/api.w.org\/{rel}","templated":true}]}}