{"id":341,"date":"2025-11-11T22:26:06","date_gmt":"2025-11-11T22:26:06","guid":{"rendered":"https:\/\/youseeme.plus\/kaiser\/?post_type=product&#038;p=341"},"modified":"2025-12-03T16:45:18","modified_gmt":"2025-12-03T16:45:18","slug":"creme-de-potiron","status":"publish","type":"product","link":"https:\/\/kaiserfarmhouse.com\/fr\/prodotto\/vellutata-di-zucca\/","title":{"rendered":"Cr\u00e8me de potiron"},"content":{"rendered":"<div id=\"wd-654d0402cd838\" class=\"title-wrapper wd-wpb wd-set-mb reset-last-child wd-rs-654d0402cd838 wd-title-color-default wd-title-style-default text-left wd-underline-colored\">\n<div class=\"liner-continer\">\n<h4 class=\"woodmart-title-container title wd-font-weight- wd-fontsize-l\">TOUJOURS DE BONNE HUMEUR<\/h4>\n<\/div>\n<\/div>\n<div id=\"wd-641077c54c429\" class=\"wd-text-block wd-wpb reset-last-child wd-rs-641077c54c429 text-left vc_custom_1678800850828\">\n<p>On peut affirmer que le potiron est un aliment \u00e0 faible indice glyc\u00e9mique, 100 g n'apportent que 26 Kcal, la teneur en glucides est tr\u00e8s faible et la teneur en fibres, vitamines et min\u00e9raux est \u00e9lev\u00e9e.<\/p>\n<p>Remin\u00e9ralisant, le potiron contient des substances qui influencent positivement l'humeur et favorisent la qualit\u00e9 du sommeil. Riche en antioxydants qui diminuent le risque de maladies chroniques, il contient de nombreuses vitamines (vitamine A, C, E) et des folates qui renforcent le syst\u00e8me immunitaire et favorisent la sant\u00e9 des yeux et de la peau.<\/p>\n<\/div>","protected":false},"excerpt":{"rendered":"<p>Savourer une soupe de potiron chaude pendant les mois froids permet de pr\u00e9venir les maladies saisonni\u00e8res et de recharger l'organisme en antioxydants puissants.<br \/>\nUn plat simple et sain, naturellement sucr\u00e9, \u00e0 d\u00e9guster avec des petits cro\u00fbtons de pain croustillants.<br \/>\nLa citrouille et la pomme de terre sont des ingr\u00e9dients automnaux, qui se renforcent mutuellement et donnent un go\u00fbt vraiment surprenant.<br \/>\nVous pouvez r\u00e9chauffer en ajoutant du bouillon de l\u00e9gumes ou de l'eau chaude jusqu'\u00e0 obtenir la consistance souhait\u00e9e.<br \/>\nIl peut \u00eatre servi avec des graines de citrouille grill\u00e9es et de l'huile d'olive extra vierge.<\/p>","protected":false},"featured_media":476,"template":"","meta":{"_acf_changed":false},"product_brand":[],"product_cat":[21],"product_tag":[],"class_list":{"0":"post-341","1":"product","2":"type-product","3":"status-publish","4":"has-post-thumbnail","6":"product_cat-le-vellutate","8":"first","9":"outofstock","10":"shipping-taxable","11":"product-type-simple"},"acf":[],"_links":{"self":[{"href":"https:\/\/kaiserfarmhouse.com\/fr\/wp-json\/wp\/v2\/product\/341","targetHints":{"allow":["GET"]}}],"collection":[{"href":"https:\/\/kaiserfarmhouse.com\/fr\/wp-json\/wp\/v2\/product"}],"about":[{"href":"https:\/\/kaiserfarmhouse.com\/fr\/wp-json\/wp\/v2\/types\/product"}],"wp:featuredmedia":[{"embeddable":true,"href":"https:\/\/kaiserfarmhouse.com\/fr\/wp-json\/wp\/v2\/media\/476"}],"wp:attachment":[{"href":"https:\/\/kaiserfarmhouse.com\/fr\/wp-json\/wp\/v2\/media?parent=341"}],"wp:term":[{"taxonomy":"product_brand","embeddable":true,"href":"https:\/\/kaiserfarmhouse.com\/fr\/wp-json\/wp\/v2\/product_brand?post=341"},{"taxonomy":"product_cat","embeddable":true,"href":"https:\/\/kaiserfarmhouse.com\/fr\/wp-json\/wp\/v2\/product_cat?post=341"},{"taxonomy":"product_tag","embeddable":true,"href":"https:\/\/kaiserfarmhouse.com\/fr\/wp-json\/wp\/v2\/product_tag?post=341"}],"curies":[{"name":"wp","href":"https:\/\/api.w.org\/{rel}","templated":true}]}}