{"id":342,"date":"2025-11-11T22:27:19","date_gmt":"2025-11-11T22:27:19","guid":{"rendered":"https:\/\/youseeme.plus\/kaiser\/?post_type=product&#038;p=342"},"modified":"2026-04-15T09:50:49","modified_gmt":"2026-04-15T09:50:49","slug":"datterini-confits-320g","status":"publish","type":"product","link":"https:\/\/kaiserfarmhouse.com\/fr\/prodotto\/datterini-confit-320g\/","title":{"rendered":"Confit Datterini"},"content":{"rendered":"<div id=\"wd-654bf3cc5aa9d\" class=\"title-wrapper wd-wpb wd-set-mb reset-last-child wd-rs-654bf3cc5aa9d wd-title-color-default wd-title-style-default text-left wd-underline-colored\">\n<div class=\"liner-continer\">\n<h4 class=\"woodmart-title-container title wd-font-weight- wd-fontsize-l\">ANTIOXYDANTS CONTRE LES RADICAUX LIBRES<\/h4>\n<\/div>\n<\/div>\n<div id=\"wd-6412b67f1a970\" class=\"wd-text-block wd-wpb reset-last-child wd-rs-6412b67f1a970 text-left vc_custom_1678947981197\">\n<p>Ces l\u00e9gumes contiennent une bonne quantit\u00e9 de potassium et une quantit\u00e9 minime de sodium, ce qui fait des tomates cerises un aliment avec une teneur \u00e9lev\u00e9e en potassium.\u00a0<strong>bonnes qualit\u00e9s diur\u00e9tiques et d\u00e9toxifiantes\u00a0<\/strong>excellent alli\u00e9 pour ceux qui doivent suivre un r\u00e9gime. La consommation de tomates, gr\u00e2ce \u00e0 la bonne quantit\u00e9 d'antioxydants, permet de lutter contre les radicaux libres et de r\u00e9duire le risque de maladies cardiovasculaires.<\/p>\n<\/div>","protected":false},"excerpt":{"rendered":"<p>Cultiv\u00e9 et r\u00e9colt\u00e9 \u00e0 la main dans nos champs, le produit est transport\u00e9 et transform\u00e9 en quelques heures, est\u00a0<strong>lav\u00e9s, s\u00e9lectionn\u00e9s, cuits<\/strong>\u00a0e\u00a0<strong>emball\u00e9<\/strong>\u00a0dans des bocaux en verre en utilisant des proc\u00e9d\u00e9s manuels tr\u00e8s doux pour garder les qualit\u00e9s organoleptiques intactes, pr\u00e9serv\u00e9es et \u00e0 la port\u00e9e de la cuisine.<br \/>\nCette technique de\u00a0<strong>cuisson \u00e0 basse temp\u00e9rature<\/strong>, Les tomates cerises, enrichies d'herbes fra\u00eeches de notre jardin aromatique, sont sucr\u00e9es, juteuses et riches en ar\u00f4mes.<br \/>\n<strong>M\u00e9lange de douceur et de saveur intense<\/strong>, Les datterini sont un excellent substitut aux tomates fra\u00eeches, ils feront de petites bruschettas, la garniture d'une focaccia ou l'accompagnement d'une viande ou d'un poisson sp\u00e9cial.<\/p>","protected":false},"featured_media":436,"template":"","meta":{"_acf_changed":false},"product_brand":[],"product_cat":[22,40],"product_tag":[],"class_list":{"0":"post-342","1":"product","2":"type-product","3":"status-publish","4":"has-post-thumbnail","6":"product_cat-i-pomodori-in-vaso","7":"product_cat-pacco","9":"first","10":"instock","11":"shipping-taxable","12":"purchasable","13":"product-type-simple"},"acf":[],"_links":{"self":[{"href":"https:\/\/kaiserfarmhouse.com\/fr\/wp-json\/wp\/v2\/product\/342","targetHints":{"allow":["GET"]}}],"collection":[{"href":"https:\/\/kaiserfarmhouse.com\/fr\/wp-json\/wp\/v2\/product"}],"about":[{"href":"https:\/\/kaiserfarmhouse.com\/fr\/wp-json\/wp\/v2\/types\/product"}],"wp:featuredmedia":[{"embeddable":true,"href":"https:\/\/kaiserfarmhouse.com\/fr\/wp-json\/wp\/v2\/media\/436"}],"wp:attachment":[{"href":"https:\/\/kaiserfarmhouse.com\/fr\/wp-json\/wp\/v2\/media?parent=342"}],"wp:term":[{"taxonomy":"product_brand","embeddable":true,"href":"https:\/\/kaiserfarmhouse.com\/fr\/wp-json\/wp\/v2\/product_brand?post=342"},{"taxonomy":"product_cat","embeddable":true,"href":"https:\/\/kaiserfarmhouse.com\/fr\/wp-json\/wp\/v2\/product_cat?post=342"},{"taxonomy":"product_tag","embeddable":true,"href":"https:\/\/kaiserfarmhouse.com\/fr\/wp-json\/wp\/v2\/product_tag?post=342"}],"curies":[{"name":"wp","href":"https:\/\/api.w.org\/{rel}","templated":true}]}}