{"id":343,"date":"2025-11-11T22:27:58","date_gmt":"2025-11-11T22:27:58","guid":{"rendered":"https:\/\/youseeme.plus\/kaiser\/?post_type=product&#038;p=343"},"modified":"2026-04-15T09:51:36","modified_gmt":"2026-04-15T09:51:36","slug":"sauce-3-tomates","status":"publish","type":"product","link":"https:\/\/kaiserfarmhouse.com\/fr\/prodotto\/salsa-3-pomodori\/","title":{"rendered":"Sauce 3 tomates"},"content":{"rendered":"<div id=\"wd-640750eb84509\" class=\"title-wrapper wd-wpb wd-set-mb reset-last-child wd-rs-640750eb84509 wd-title-color-default wd-title-style-default text-left wd-underline-colored\">\n<div class=\"liner-continer\">\n<h4 class=\"woodmart-title-container title wd-font-weight- wd-fontsize-l\">RICHE EN ANTIOXYDANTS<\/h4>\n<\/div>\n<\/div>\n<div id=\"wd-64075222d435a\" class=\"wd-text-block wd-wpb reset-last-child wd-rs-64075222d435a text-left vc_custom_1678201389992\">\n<p>La tomate est l'un des symboles de notre r\u00e9gime m\u00e9diterran\u00e9en, riche en micronutriments et en antioxydants, et pauvre en calories.<br \/>\nC'est l'une des meilleures sources de carot\u00e9no\u00efdes, en particulier de lycop\u00e8ne, le pigment bien connu qui donne la couleur rouge typique et qui poss\u00e8de de puissantes propri\u00e9t\u00e9s antioxydantes. Des preuves scientifiques montrent que le lycop\u00e8ne et d'autres carot\u00e9no\u00efdes antioxydants sont mieux absorb\u00e9s par l'organisme lorsque les tomates sont cuites.<\/p>\n<p>La pur\u00e9e de tomates, une fois cuite, contient plus de quantit\u00e9s disponibles de cet antioxydant que les tomates normales.<br \/>\nLes antioxydants pr\u00e9sents contrecarrent le stress oxydatif, prot\u00e8gent les yeux et la peau, luttent contre l'ost\u00e9oporose et ont une action cardioprotectrice.<\/p>\n<\/div>","protected":false},"excerpt":{"rendered":"<p>Une pur\u00e9e de tomates sans pareil, qui\u00a0<strong>combine trois tomates<\/strong>\u00a0<strong>(c\u0153ur de b\u0153uf, roma, dattes)<\/strong>, dans un seul pot, cr\u00e9ant une explosion de saveurs qui racontent l'histoire et la tradition.<br \/>\nCompos\u00e9 100% \u00e0 partir de tomates\u00a0<strong>cultiv\u00e9s dans nos champs<\/strong>\u00a0Naturellement, cette friandise ne contient ni sel, ni conservateurs, ni additifs.<br \/>\nGr\u00e2ce \u00e0 son traitement minutieux, la passata a une couleur rouge \u00e9clatante et une texture incroyablement cr\u00e9meuse. En outre, le fait d'\u00eatre\u00a0<strong>sans eau v\u00e9g\u00e9tale<\/strong>\u00a0lib\u00e9r\u00e9 par la tomate au cours du processus de pr\u00e9paration, il n'a pas cette acidit\u00e9 typique ou ce go\u00fbt amer que l'on trouve souvent dans les conserves. Ses caract\u00e9ristiques\u00a0<strong>texture soyeuse<\/strong>\u00a0et le\u00a0<strong>go\u00fbt authentique<\/strong>\u00a0La cuisson \u00e0 l'\u00e9touff\u00e9e permet de l'associer parfaitement \u00e0 vos p\u00e2tes, sans qu'il soit n\u00e9cessaire de prolonger la cuisson.<br \/>\nC'est la passata \u00e0 avoir toujours dans le garde-manger pour un plat rapide ou pour pr\u00e9parer des plats italiens traditionnels.<\/p>","protected":false},"featured_media":428,"template":"","meta":{"_acf_changed":false},"product_brand":[],"product_cat":[22,40],"product_tag":[34],"class_list":{"0":"post-343","1":"product","2":"type-product","3":"status-publish","4":"has-post-thumbnail","6":"product_cat-i-pomodori-in-vaso","7":"product_cat-pacco","8":"product_tag-prodotti-trasformati","10":"first","11":"instock","12":"shipping-taxable","13":"purchasable","14":"product-type-simple"},"acf":[],"_links":{"self":[{"href":"https:\/\/kaiserfarmhouse.com\/fr\/wp-json\/wp\/v2\/product\/343","targetHints":{"allow":["GET"]}}],"collection":[{"href":"https:\/\/kaiserfarmhouse.com\/fr\/wp-json\/wp\/v2\/product"}],"about":[{"href":"https:\/\/kaiserfarmhouse.com\/fr\/wp-json\/wp\/v2\/types\/product"}],"wp:featuredmedia":[{"embeddable":true,"href":"https:\/\/kaiserfarmhouse.com\/fr\/wp-json\/wp\/v2\/media\/428"}],"wp:attachment":[{"href":"https:\/\/kaiserfarmhouse.com\/fr\/wp-json\/wp\/v2\/media?parent=343"}],"wp:term":[{"taxonomy":"product_brand","embeddable":true,"href":"https:\/\/kaiserfarmhouse.com\/fr\/wp-json\/wp\/v2\/product_brand?post=343"},{"taxonomy":"product_cat","embeddable":true,"href":"https:\/\/kaiserfarmhouse.com\/fr\/wp-json\/wp\/v2\/product_cat?post=343"},{"taxonomy":"product_tag","embeddable":true,"href":"https:\/\/kaiserfarmhouse.com\/fr\/wp-json\/wp\/v2\/product_tag?post=343"}],"curies":[{"name":"wp","href":"https:\/\/api.w.org\/{rel}","templated":true}]}}