{"id":344,"date":"2025-11-11T22:29:19","date_gmt":"2025-11-11T22:29:19","guid":{"rendered":"https:\/\/youseeme.plus\/kaiser\/?post_type=product&#038;p=344"},"modified":"2025-12-03T16:35:19","modified_gmt":"2025-12-03T16:35:19","slug":"huile-de-marais-de-renard","status":"publish","type":"product","link":"https:\/\/kaiserfarmhouse.com\/fr\/prodotto\/olio-palude-delle-volpi\/","title":{"rendered":"Fox Swamp Oil"},"content":{"rendered":"<h4>UN PR\u00c9CIEUX CARDIOPROTECTEUR<\/h4>\n<p>L'huile d'olive extra vierge est sans aucun doute la <strong>symbole du r\u00e9gime m\u00e9diterran\u00e9en<\/strong>, Le fromage de ch\u00e8vre, exceptionnel par son go\u00fbt et sa digestibilit\u00e9, est riche en graisses v\u00e9g\u00e9tales tr\u00e8s utiles pour la sant\u00e9 du corps.\u00a0<strong>Source de vitamines A, B et E<\/strong>, riche en <strong>acide ol\u00e9ique, phytost\u00e9rols et antioxydants<\/strong>toutes les mol\u00e9cules capables de d\u00e9fendre notre organisme contre le vieillissement pr\u00e9matur\u00e9 gr\u00e2ce \u00e0 la <strong>combattre les radicaux libres<\/strong>.<br \/>\nSon utilisation r\u00e9guli\u00e8re r\u00e9duit la pr\u00e9sence de <strong>cholest\u00e9rol<\/strong>, L'objectif est de r\u00e9guler l'activit\u00e9 de l'entreprise et d'am\u00e9liorer la qualit\u00e9 de ses services.\u2019<strong>activit\u00e9 h\u00e9patique et intestinale<\/strong> et a une forte activit\u00e9 <strong>cardioprotecteur<\/strong>.<\/p>","protected":false},"excerpt":{"rendered":"<p>De\u00a0<strong>notre oliveraie en bord de mer,\u00a0<\/strong>dans une petite localit\u00e9 de Sinis (Sardaigne)<strong>,\u00a0<\/strong>\u00a0une huile d'olive fine est n\u00e9e,\u00a0<strong>pour une exp\u00e9rience gustative unique.<\/strong><br \/>\n<strong>Marais du Renard<\/strong>\u00a0est une petite production de\u00a0<strong>huile artisanale<\/strong>, obtenu uniquement \u00e0 partir d'olives cultiv\u00e9es naturellement et cueillies \u00e0 la main\u00a0<strong>de nos propres oliviers,<\/strong>\u00a0produits selon les m\u00e9thodes traditionnelles de la\u00a0<strong>Semidana<em>.<\/em><\/strong><\/p>\n<p>Le cultivar utilis\u00e9 est un\u00a0<strong>vari\u00e9t\u00e9 indig\u00e8ne<\/strong>\u00a0pr\u00e9sent principalement dans la r\u00e9gion d'Oristan,\u00a0<strong>riche en polyph\u00e9nols\u00a0<\/strong>action antioxydante et anti-ath\u00e9rog\u00e8ne et substances nobles.<br \/>\nLa<strong>\u00a0fraisage<\/strong>\u00a0<strong>olives<\/strong>\u00a0est r\u00e9alis\u00e9e dans les quelques heures qui suivent la r\u00e9colte. Les \u00e9tapes de la transformation sont r\u00e9alis\u00e9es avec un soin extr\u00eame, gr\u00e2ce \u00e0\u00a0<strong>pressage \u00e0 froid<\/strong>\u00a0m\u00e9thode exclusivement m\u00e9canique, pour produire un\u00a0<strong>huile fine<\/strong>, absolument authentique, avec un ar\u00f4me fruit\u00e9 intense avec des notes d'amertume et de piquant accompagn\u00e9es de notes florales et herbac\u00e9es, rappelant le parfum frais des olives et le parfum du maquis m\u00e9diterran\u00e9en.<\/p>","protected":false},"featured_media":420,"template":"","meta":{"_acf_changed":false},"product_brand":[],"product_cat":[23,40],"product_tag":[],"class_list":{"0":"post-344","1":"product","2":"type-product","3":"status-publish","4":"has-post-thumbnail","6":"product_cat-lolio-e-le-olive","7":"product_cat-pacco","9":"first","10":"instock","11":"shipping-taxable","12":"purchasable","13":"product-type-simple"},"acf":[],"_links":{"self":[{"href":"https:\/\/kaiserfarmhouse.com\/fr\/wp-json\/wp\/v2\/product\/344","targetHints":{"allow":["GET"]}}],"collection":[{"href":"https:\/\/kaiserfarmhouse.com\/fr\/wp-json\/wp\/v2\/product"}],"about":[{"href":"https:\/\/kaiserfarmhouse.com\/fr\/wp-json\/wp\/v2\/types\/product"}],"wp:featuredmedia":[{"embeddable":true,"href":"https:\/\/kaiserfarmhouse.com\/fr\/wp-json\/wp\/v2\/media\/420"}],"wp:attachment":[{"href":"https:\/\/kaiserfarmhouse.com\/fr\/wp-json\/wp\/v2\/media?parent=344"}],"wp:term":[{"taxonomy":"product_brand","embeddable":true,"href":"https:\/\/kaiserfarmhouse.com\/fr\/wp-json\/wp\/v2\/product_brand?post=344"},{"taxonomy":"product_cat","embeddable":true,"href":"https:\/\/kaiserfarmhouse.com\/fr\/wp-json\/wp\/v2\/product_cat?post=344"},{"taxonomy":"product_tag","embeddable":true,"href":"https:\/\/kaiserfarmhouse.com\/fr\/wp-json\/wp\/v2\/product_tag?post=344"}],"curies":[{"name":"wp","href":"https:\/\/api.w.org\/{rel}","templated":true}]}}