{"id":626,"date":"2025-11-12T23:19:04","date_gmt":"2025-11-12T23:19:04","guid":{"rendered":"https:\/\/youseeme.plus\/kaiser\/?post_type=product&#038;p=626"},"modified":"2026-04-15T11:06:16","modified_gmt":"2026-04-15T11:06:16","slug":"giardiniera-salee","status":"publish","type":"product","link":"https:\/\/kaiserfarmhouse.com\/fr\/prodotto\/giardiniera-saporita\/","title":{"rendered":"Giardiniera sal\u00e9e"},"content":{"rendered":"<p>Poivrons, c\u00e9leri, oignon Borretana et carotte tranch\u00e9s et assaisonn\u00e9s uniquement avec du vinaigre, du sucre, du sel et des \u00e9pices sans aucun conservateur. Une explosion de couleurs croustillantes qui conserve le go\u00fbt des l\u00e9gumes fra\u00eechement cueillis dans le jardin. La transformation est, comme toujours, manuelle, pr\u00e9cise dans les moindres d\u00e9tails et \u00e0 chaque \u00e9tape de la pr\u00e9paration pour garantir l'excellence du produit final. Cette attention m\u00e9ticuleuse garantit non seulement une qualit\u00e9 sup\u00e9rieure, mais aussi une exp\u00e9rience culinaire extraordinaire, o\u00f9 chaque bouch\u00e9e se r\u00e9v\u00e8le pleine de saveurs et d'ar\u00f4mes authentiques, comme seule la transformation manuelle peut le garantir. La savoureuse giardiniera peut \u00eatre d\u00e9gust\u00e9e simplement \u00e0 l'ap\u00e9ritif, mais elle peut aussi \u00eatre utilis\u00e9e comme ingr\u00e9dient pour enrichir les plats de poisson, les viandes bouillies et les fromages. Elle est parfaite pour agr\u00e9menter les salades compos\u00e9es avec des \u0153ufs durs, des pommes de terre cuites et, en \u00e9t\u00e9, la classique salade de riz. Servir nature ou assaisonn\u00e9 d'huile d'olive extra vierge.<\/p>","protected":false},"excerpt":{"rendered":"<p>Poivrons, c\u00e9leri, oignon Borretana et carotte tranch\u00e9s et assaisonn\u00e9s uniquement avec du vinaigre, du sucre, du sel et des \u00e9pices sans aucun conservateur. Une explosion de couleurs croustillantes qui conserve le go\u00fbt des l\u00e9gumes fra\u00eechement cueillis dans le jardin. La transformation est, comme toujours, manuelle, pr\u00e9cise dans les moindres d\u00e9tails et \u00e0 chaque \u00e9tape de la pr\u00e9paration pour garantir l'excellence du produit final. Cette attention m\u00e9ticuleuse garantit non seulement une qualit\u00e9 sup\u00e9rieure, mais aussi une exp\u00e9rience culinaire extraordinaire, o\u00f9 chaque bouch\u00e9e se r\u00e9v\u00e8le pleine de saveurs et d'ar\u00f4mes authentiques, comme seule la transformation manuelle peut le garantir. La savoureuse giardiniera peut \u00eatre d\u00e9gust\u00e9e simplement \u00e0 l'ap\u00e9ritif, mais elle peut aussi \u00eatre utilis\u00e9e comme ingr\u00e9dient pour enrichir les plats de poisson, les viandes bouillies et les fromages. Elle est parfaite pour agr\u00e9menter les salades compos\u00e9es avec des \u0153ufs durs, des pommes de terre cuites et, en \u00e9t\u00e9, la classique salade de riz. Servir nature ou assaisonn\u00e9 d'huile d'olive extra vierge.<\/p>","protected":false},"featured_media":682,"template":"","meta":{"_acf_changed":false},"product_brand":[],"product_cat":[20,40],"product_tag":[],"class_list":{"0":"post-626","1":"product","2":"type-product","3":"status-publish","4":"has-post-thumbnail","6":"product_cat-le-verdure-in-vaso","7":"product_cat-pacco","9":"first","10":"instock","11":"shipping-taxable","12":"purchasable","13":"product-type-variable"},"acf":[],"_links":{"self":[{"href":"https:\/\/kaiserfarmhouse.com\/fr\/wp-json\/wp\/v2\/product\/626","targetHints":{"allow":["GET"]}}],"collection":[{"href":"https:\/\/kaiserfarmhouse.com\/fr\/wp-json\/wp\/v2\/product"}],"about":[{"href":"https:\/\/kaiserfarmhouse.com\/fr\/wp-json\/wp\/v2\/types\/product"}],"wp:featuredmedia":[{"embeddable":true,"href":"https:\/\/kaiserfarmhouse.com\/fr\/wp-json\/wp\/v2\/media\/682"}],"wp:attachment":[{"href":"https:\/\/kaiserfarmhouse.com\/fr\/wp-json\/wp\/v2\/media?parent=626"}],"wp:term":[{"taxonomy":"product_brand","embeddable":true,"href":"https:\/\/kaiserfarmhouse.com\/fr\/wp-json\/wp\/v2\/product_brand?post=626"},{"taxonomy":"product_cat","embeddable":true,"href":"https:\/\/kaiserfarmhouse.com\/fr\/wp-json\/wp\/v2\/product_cat?post=626"},{"taxonomy":"product_tag","embeddable":true,"href":"https:\/\/kaiserfarmhouse.com\/fr\/wp-json\/wp\/v2\/product_tag?post=626"}],"curies":[{"name":"wp","href":"https:\/\/api.w.org\/{rel}","templated":true}]}}