{"id":648,"date":"2025-11-12T23:43:21","date_gmt":"2025-11-12T23:43:21","guid":{"rendered":"https:\/\/youseeme.plus\/kaiser\/?post_type=product&#038;p=648"},"modified":"2026-04-15T11:05:56","modified_gmt":"2026-04-15T11:05:56","slug":"giardiniera-coloree","status":"publish","type":"product","link":"https:\/\/kaiserfarmhouse.com\/fr\/prodotto\/giardiniera-colorata\/","title":{"rendered":"Jardinage color\u00e9"},"content":{"rendered":"<div id=\"wd-654d02de8d0d0\" class=\"title-wrapper wd-wpb wd-set-mb reset-last-child wd-rs-654d02de8d0d0 wd-title-color-default wd-title-style-default text-left wd-underline-colored\">\n<div class=\"liner-continer\">\n<h4 class=\"woodmart-title-container title wd-font-weight- wd-fontsize-l\">LES BIENFAITS DES CORNICHONS FERMENT\u00c9S<\/h4>\n<\/div>\n<\/div>\n<div id=\"wd-64746b60c19b8\" class=\"wd-text-block wd-wpb reset-last-child wd-rs-64746b60c19b8 text-left vc_custom_1685351272425\">\n<p>L'apport en vitamines d\u00e9pend de la composition du produit sous verre : chaque ingr\u00e9dient s\u00e9lectionn\u00e9 apporte des propri\u00e9t\u00e9s nutritionnelles et des avantages sp\u00e9cifiques.<br \/>\nLes cornichons en sont un\u00a0<strong>stimulant digestif naturel<\/strong>\u00a0et favorisent la sati\u00e9t\u00e9 gr\u00e2ce \u00e0 la\u2019<strong>teneur \u00e9lev\u00e9e en fibres<\/strong>, qui favorisent \u00e9galement une bonne motilit\u00e9 intestinale. Ils offrent \u00e9galement une\u00a0<strong>l'approvisionnement en probiotiques<\/strong>\u00a0qui renforcent les d\u00e9fenses immunitaires et augmentent la\u00a0<strong>la biodiversit\u00e9<\/strong>\u00a0de\u00a0<strong>microbiote<\/strong>\u00a0intestinale.<br \/>\nIls promeuvent la\u00a0<strong>contr\u00f4le du poids<\/strong>\u00a0et ont un apport calorique tr\u00e8s faible (7kcal pour 100g).<\/p>\n<\/div>","protected":false},"excerpt":{"rendered":"<p>La giardiniera color\u00e9e est un v\u00e9ritable chef-d'\u0153uvre culinaire classique, dans lequel la fra\u00eecheur des l\u00e9gumes est conserv\u00e9e intacte gr\u00e2ce \u00e0 un traitement artisanal et \u00e0 un choix judicieux des ingr\u00e9dients.<br \/>\nElle se distingue de la giardiniera sal\u00e9e par une combinaison diff\u00e9rente de l\u00e9gumes et une coupe volontairement plus grosse : des b\u00e2tonnets de fenouil, de chou-fleur, de poivron et de carotte pr\u00e9par\u00e9s \u00e0 la main et enrichis de vinaigre, de sucre et de sel, qui lui conf\u00e8rent une saveur aigre-douce tr\u00e8s savoureuse et agr\u00e9able.<br \/>\nGr\u00e2ce \u00e0 leur fra\u00eecheur et \u00e0 leur pr\u00e9paration artisanale, les l\u00e9gumes rehaussent les saveurs des plats qu'ils accompagnent, enrichissant chaque bouch\u00e9e de leur go\u00fbt authentique et naturel.<br \/>\nLes l\u00e9gumes s\u00e9lectionn\u00e9s sont le choix id\u00e9al pour accompagner les plats de poisson et les viandes bouillies, mais ils peuvent \u00e9galement \u00eatre d\u00e9gust\u00e9s avec du fromage.<br \/>\nServir nature ou assaisonn\u00e9 d'huile d'olive extra vierge.<\/p>","protected":false},"featured_media":695,"template":"","meta":{"_acf_changed":false},"product_brand":[],"product_cat":[20,40],"product_tag":[],"class_list":{"0":"post-648","1":"product","2":"type-product","3":"status-publish","4":"has-post-thumbnail","6":"product_cat-le-verdure-in-vaso","7":"product_cat-pacco","9":"first","10":"instock","11":"shipping-taxable","12":"purchasable","13":"product-type-variable"},"acf":[],"_links":{"self":[{"href":"https:\/\/kaiserfarmhouse.com\/fr\/wp-json\/wp\/v2\/product\/648","targetHints":{"allow":["GET"]}}],"collection":[{"href":"https:\/\/kaiserfarmhouse.com\/fr\/wp-json\/wp\/v2\/product"}],"about":[{"href":"https:\/\/kaiserfarmhouse.com\/fr\/wp-json\/wp\/v2\/types\/product"}],"wp:featuredmedia":[{"embeddable":true,"href":"https:\/\/kaiserfarmhouse.com\/fr\/wp-json\/wp\/v2\/media\/695"}],"wp:attachment":[{"href":"https:\/\/kaiserfarmhouse.com\/fr\/wp-json\/wp\/v2\/media?parent=648"}],"wp:term":[{"taxonomy":"product_brand","embeddable":true,"href":"https:\/\/kaiserfarmhouse.com\/fr\/wp-json\/wp\/v2\/product_brand?post=648"},{"taxonomy":"product_cat","embeddable":true,"href":"https:\/\/kaiserfarmhouse.com\/fr\/wp-json\/wp\/v2\/product_cat?post=648"},{"taxonomy":"product_tag","embeddable":true,"href":"https:\/\/kaiserfarmhouse.com\/fr\/wp-json\/wp\/v2\/product_tag?post=648"}],"curies":[{"name":"wp","href":"https:\/\/api.w.org\/{rel}","templated":true}]}}